{"id":10049,"date":"2023-10-25T11:11:22","date_gmt":"2023-10-25T11:11:22","guid":{"rendered":"https:\/\/new.rothszki.hu\/?page_id=10049"},"modified":"2023-10-26T06:45:10","modified_gmt":"2023-10-26T06:45:10","slug":"tanfuresz","status":"publish","type":"page","link":"https:\/\/new.rothszki.hu\/index.php\/tanfuresz\/","title":{"rendered":"Tanf\u0171r\u00e9sz"},"content":{"rendered":"\n<p>2010 \u0151sz\u00e9n a TAEG Zrt-t\u0151l b\u00e9relt, B\u00e1nfalvi \u00fati Csarnokban egy tanf\u0171r\u00e9sz\u00fczem \u00e9s a hozz\u00e1 tartoz\u00f3 \u00e9lez\u0151 m\u0171hely ker\u00fclt kialak\u00edt\u00e1sra. M\u00e9g eben az \u00e9vben egy TISZK p\u00e1ly\u00e1zat eredm\u00e9nyek\u00e9nt az int\u00e9zm\u00e9ny egy nagyobb beruh\u00e1z\u00e1st tudott megval\u00f3s\u00edtani: egy v\u00edzszintes elrendez\u00e9s\u0171 WoodMizer gy\u00e1rtm\u00e1ny\u00fa r\u00f6nkhas\u00edt\u00f3 szalagf\u0171r\u00e9szes technol\u00f3giai sorra tett\u00fcnk szert. Ez tartalmazza a r\u00f6nkt\u00e1roz\u00f3t, egyenk\u00e9ntez\u0151t, f\u0151 megmunk\u00e1l\u00f3 f\u0171r\u00e9szg\u00e9pet, sz\u00e1ll\u00edt\u00f3szalagot, oszt\u00e1lyoz\u00f3t, leszab\u00f3 \u00e9s sorozatv\u00e1g\u00f3 k\u00f6rf\u0171r\u00e9szg\u00e9peket \u00e9s az \u0151ket \u00f6sszek\u00f6t\u0151 g\u00f6rg\u0151sorokat. A f\u0171r\u00e9szcsarnokban a r\u00f6nk\u00f6k \u00e9s rakatok mozgat\u00e1s\u00e1ra is alkalmas anyagmozgat\u00f3 g\u00e9pre is eredm\u00e9nyesen p\u00e1ly\u00e1ztunk, \u00edgy ott egy homlokrakod\u00f3val \u00e9s hozz\u00e1 tartoz\u00f3 r\u00f6nk csipeszel\u0151 \u00e9s raklap villa funkci\u00f3val ell\u00e1tott Valtra N92-es traktor is seg\u00edti a munk\u00e1kat. Az \u00e9lez\u0151 m\u0171helyben pedig a termel\u00e9sben elhaszn\u00e1l\u00f3dott szalagf\u0171r\u00e9szlapok \u00e9lez\u00e9s\u00e9t tudjuk elv\u00e9gezni.<\/p>\n\n\n\n<p>Az erd\u00e9sz di\u00e1kok \u00e1ltal kitermelt r\u00f6nkalapanyagb\u00f3l folyik a feldolgoz\u00e1s nagy r\u00e9sze, szabad kapacit\u00e1s f\u00fcggv\u00e9ny\u00e9ben b\u00e9rf\u0171r\u00e9szel\u00e9st is v\u00e1llalunk. Termel\u00e9si gyakorlatokat \u00e9s naposi szolg\u00e1latokat is szervezt\u00fcnk, hogy kihaszn\u00e1ljuk a rendelkez\u00e9sre \u00e1ll\u00f3 lehet\u0151s\u00e9geket \u00e9s megtan\u00edtsuk a di\u00e1kokat a f\u0171r\u00e9sz\u00e1ru k\u00e9sz\u00edt\u00e9s\u00e9re, k\u00f6b\u00f6z\u00e9s\u00e9re, m\u00e1gly\u00e1z\u00e1sra, rakt\u00e1roz\u00e1sra \u00e9s a technol\u00f3gi\u00e1hoz kapcsol\u00f3d\u00f3 m\u0171veletekre. Ny\u00e1ri \u00f6sszef\u00fcgg\u0151 gyakorlatok egy r\u00e9sz\u00e9t a tanm\u0171hely mellett itt t\u00f6ltik faiparos di\u00e1kjaink, ahol megismerhetik az \u00fczemi k\u00f6r\u00fclm\u00e9nyek k\u00f6z\u00f6tt foly\u00f3 munk\u00e1t.<\/p>\n\n\n\n<figure class=\"wp-block-gallery has-nested-images columns-default is-cropped wp-block-gallery-1 is-layout-flex wp-block-gallery-is-layout-flex\">\n<figure class=\"wp-block-image size-large\"><img loading=\"lazy\" decoding=\"async\" width=\"1024\" height=\"768\" data-id=\"10054\" src=\"https:\/\/new.rothszki.hu\/wp-content\/uploads\/2023\/10\/IMG_6324-1024x768.jpg\" alt=\"\" class=\"wp-image-10054\" srcset=\"https:\/\/new.rothszki.hu\/wp-content\/uploads\/2023\/10\/IMG_6324-1024x768.jpg 1024w, https:\/\/new.rothszki.hu\/wp-content\/uploads\/2023\/10\/IMG_6324-300x225.jpg 300w, https:\/\/new.rothszki.hu\/wp-content\/uploads\/2023\/10\/IMG_6324-768x576.jpg 768w, https:\/\/new.rothszki.hu\/wp-content\/uploads\/2023\/10\/IMG_6324-1536x1152.jpg 1536w, https:\/\/new.rothszki.hu\/wp-content\/uploads\/2023\/10\/IMG_6324-2048x1536.jpg 2048w, https:\/\/new.rothszki.hu\/wp-content\/uploads\/2023\/10\/IMG_6324-465x349.jpg 465w, https:\/\/new.rothszki.hu\/wp-content\/uploads\/2023\/10\/IMG_6324-667x500.jpg 667w\" sizes=\"auto, (max-width: 1024px) 100vw, 1024px\" \/><\/figure>\n\n\n\n<figure class=\"wp-block-image size-large\"><img loading=\"lazy\" decoding=\"async\" width=\"1024\" height=\"768\" data-id=\"10058\" src=\"https:\/\/new.rothszki.hu\/wp-content\/uploads\/2023\/10\/IMG_6327-1024x768.jpg\" alt=\"\" class=\"wp-image-10058\" srcset=\"https:\/\/new.rothszki.hu\/wp-content\/uploads\/2023\/10\/IMG_6327-1024x768.jpg 1024w, https:\/\/new.rothszki.hu\/wp-content\/uploads\/2023\/10\/IMG_6327-300x225.jpg 300w, https:\/\/new.rothszki.hu\/wp-content\/uploads\/2023\/10\/IMG_6327-768x576.jpg 768w, https:\/\/new.rothszki.hu\/wp-content\/uploads\/2023\/10\/IMG_6327-1536x1152.jpg 1536w, https:\/\/new.rothszki.hu\/wp-content\/uploads\/2023\/10\/IMG_6327-2048x1536.jpg 2048w, https:\/\/new.rothszki.hu\/wp-content\/uploads\/2023\/10\/IMG_6327-465x349.jpg 465w, https:\/\/new.rothszki.hu\/wp-content\/uploads\/2023\/10\/IMG_6327-667x500.jpg 667w\" sizes=\"auto, (max-width: 1024px) 100vw, 1024px\" \/><\/figure>\n\n\n\n<figure class=\"wp-block-image size-large\"><img loading=\"lazy\" decoding=\"async\" width=\"1024\" height=\"768\" data-id=\"10056\" src=\"https:\/\/new.rothszki.hu\/wp-content\/uploads\/2023\/10\/IMG_6323-1024x768.jpg\" alt=\"\" class=\"wp-image-10056\" srcset=\"https:\/\/new.rothszki.hu\/wp-content\/uploads\/2023\/10\/IMG_6323-1024x768.jpg 1024w, https:\/\/new.rothszki.hu\/wp-content\/uploads\/2023\/10\/IMG_6323-300x225.jpg 300w, https:\/\/new.rothszki.hu\/wp-content\/uploads\/2023\/10\/IMG_6323-768x576.jpg 768w, https:\/\/new.rothszki.hu\/wp-content\/uploads\/2023\/10\/IMG_6323-1536x1152.jpg 1536w, https:\/\/new.rothszki.hu\/wp-content\/uploads\/2023\/10\/IMG_6323-2048x1536.jpg 2048w, https:\/\/new.rothszki.hu\/wp-content\/uploads\/2023\/10\/IMG_6323-465x349.jpg 465w, https:\/\/new.rothszki.hu\/wp-content\/uploads\/2023\/10\/IMG_6323-667x500.jpg 667w\" sizes=\"auto, (max-width: 1024px) 100vw, 1024px\" \/><\/figure>\n\n\n\n<figure class=\"wp-block-image size-large\"><img loading=\"lazy\" decoding=\"async\" width=\"1024\" height=\"768\" data-id=\"10055\" src=\"https:\/\/new.rothszki.hu\/wp-content\/uploads\/2023\/10\/IMG_6329-1024x768.jpg\" alt=\"\" class=\"wp-image-10055\" srcset=\"https:\/\/new.rothszki.hu\/wp-content\/uploads\/2023\/10\/IMG_6329-1024x768.jpg 1024w, https:\/\/new.rothszki.hu\/wp-content\/uploads\/2023\/10\/IMG_6329-300x225.jpg 300w, https:\/\/new.rothszki.hu\/wp-content\/uploads\/2023\/10\/IMG_6329-768x576.jpg 768w, https:\/\/new.rothszki.hu\/wp-content\/uploads\/2023\/10\/IMG_6329-1536x1152.jpg 1536w, https:\/\/new.rothszki.hu\/wp-content\/uploads\/2023\/10\/IMG_6329-2048x1536.jpg 2048w, https:\/\/new.rothszki.hu\/wp-content\/uploads\/2023\/10\/IMG_6329-465x349.jpg 465w, https:\/\/new.rothszki.hu\/wp-content\/uploads\/2023\/10\/IMG_6329-667x500.jpg 667w\" sizes=\"auto, (max-width: 1024px) 100vw, 1024px\" \/><\/figure>\n\n\n\n<figure class=\"wp-block-image size-large\"><img loading=\"lazy\" decoding=\"async\" width=\"1024\" height=\"768\" data-id=\"10057\" src=\"https:\/\/new.rothszki.hu\/wp-content\/uploads\/2023\/10\/IMG_7315-1024x768.jpg\" alt=\"\" class=\"wp-image-10057\" srcset=\"https:\/\/new.rothszki.hu\/wp-content\/uploads\/2023\/10\/IMG_7315-1024x768.jpg 1024w, https:\/\/new.rothszki.hu\/wp-content\/uploads\/2023\/10\/IMG_7315-300x225.jpg 300w, https:\/\/new.rothszki.hu\/wp-content\/uploads\/2023\/10\/IMG_7315-768x576.jpg 768w, https:\/\/new.rothszki.hu\/wp-content\/uploads\/2023\/10\/IMG_7315-1536x1152.jpg 1536w, https:\/\/new.rothszki.hu\/wp-content\/uploads\/2023\/10\/IMG_7315-2048x1536.jpg 2048w, https:\/\/new.rothszki.hu\/wp-content\/uploads\/2023\/10\/IMG_7315-465x349.jpg 465w, https:\/\/new.rothszki.hu\/wp-content\/uploads\/2023\/10\/IMG_7315-667x500.jpg 667w\" sizes=\"auto, (max-width: 1024px) 100vw, 1024px\" \/><\/figure>\n<\/figure>\n","protected":false},"excerpt":{"rendered":"<p>2010 \u0151sz\u00e9n a TAEG Zrt-t\u0151l b\u00e9relt, B\u00e1nfalvi \u00fati Csarnokban egy tanf\u0171r\u00e9sz\u00fczem \u00e9s a hozz\u00e1 tartoz\u00f3 \u00e9lez\u0151 m\u0171hely ker\u00fclt kialak\u00edt\u00e1sra. M\u00e9g eben az \u00e9vben egy TISZK p\u00e1ly\u00e1zat eredm\u00e9nyek\u00e9nt az int\u00e9zm\u00e9ny egy nagyobb beruh\u00e1z\u00e1st tudott megval\u00f3s\u00edtani: egy v\u00edzszintes elrendez\u00e9s\u0171 WoodMizer gy\u00e1rtm\u00e1ny\u00fa r\u00f6nkhas\u00edt\u00f3 szalagf\u0171r\u00e9szes technol\u00f3giai sorra tett\u00fcnk szert. Ez tartalmazza a r\u00f6nkt\u00e1roz\u00f3t, egyenk\u00e9ntez\u0151t,<span class=\"more-link\"><a href=\"https:\/\/new.rothszki.hu\/index.php\/tanfuresz\/\">Tov\u00e1bb&#8230;<\/a><\/span><\/p>\n","protected":false},"author":5,"featured_media":0,"parent":0,"menu_order":0,"comment_status":"closed","ping_status":"closed","template":"","meta":{"_monsterinsights_skip_tracking":false,"_monsterinsights_sitenote_active":false,"_monsterinsights_sitenote_note":"","_monsterinsights_sitenote_category":0,"footnotes":""},"class_list":["entry","author-gruber-laszlorothszki-hu","post-10049","page","type-page","status-publish"],"_links":{"self":[{"href":"https:\/\/new.rothszki.hu\/index.php\/wp-json\/wp\/v2\/pages\/10049","targetHints":{"allow":["GET"]}}],"collection":[{"href":"https:\/\/new.rothszki.hu\/index.php\/wp-json\/wp\/v2\/pages"}],"about":[{"href":"https:\/\/new.rothszki.hu\/index.php\/wp-json\/wp\/v2\/types\/page"}],"author":[{"embeddable":true,"href":"https:\/\/new.rothszki.hu\/index.php\/wp-json\/wp\/v2\/users\/5"}],"replies":[{"embeddable":true,"href":"https:\/\/new.rothszki.hu\/index.php\/wp-json\/wp\/v2\/comments?post=10049"}],"version-history":[{"count":2,"href":"https:\/\/new.rothszki.hu\/index.php\/wp-json\/wp\/v2\/pages\/10049\/revisions"}],"predecessor-version":[{"id":10059,"href":"https:\/\/new.rothszki.hu\/index.php\/wp-json\/wp\/v2\/pages\/10049\/revisions\/10059"}],"wp:attachment":[{"href":"https:\/\/new.rothszki.hu\/index.php\/wp-json\/wp\/v2\/media?parent=10049"}],"curies":[{"name":"wp","href":"https:\/\/api.w.org\/{rel}","templated":true}]}}