{"id":11647,"date":"2025-02-05T09:19:36","date_gmt":"2025-02-05T09:19:36","guid":{"rendered":"https:\/\/new.rothszki.hu\/?page_id=11647"},"modified":"2025-12-16T12:08:56","modified_gmt":"2025-12-16T12:08:56","slug":"vp1-1-2-1-bemutato-uzemek-fejlesztese","status":"publish","type":"page","link":"https:\/\/new.rothszki.hu\/index.php\/vp1-1-2-1-bemutato-uzemek-fejlesztese\/","title":{"rendered":"VP1-1.2.1 \u2013 Bemutat\u00f3 \u00fczemek fejleszt\u00e9se"},"content":{"rendered":"<div class=\"wp-block-image\">\n<figure class=\"aligncenter size-full\"><img loading=\"lazy\" decoding=\"async\" width=\"684\" height=\"281\" src=\"https:\/\/new.rothszki.hu\/wp-content\/uploads\/2025\/02\/infoblock_kep.jpg\" alt=\"\" class=\"wp-image-11653\" srcset=\"https:\/\/new.rothszki.hu\/wp-content\/uploads\/2025\/02\/infoblock_kep.jpg 684w, https:\/\/new.rothszki.hu\/wp-content\/uploads\/2025\/02\/infoblock_kep-300x123.jpg 300w, https:\/\/new.rothszki.hu\/wp-content\/uploads\/2025\/02\/infoblock_kep-465x191.jpg 465w\" sizes=\"auto, (max-width: 684px) 100vw, 684px\" \/><\/figure>\n<\/div>\n\n\n<p>Bemutat\u00f3 \u00fczemi programok \u00e9s fejleszt\u00e9sek a Kisalf\u00f6ldi Agr\u00e1rszakk\u00e9pz\u00e9si Centrumn\u00e1l<\/p>\n\n\n\n<p><strong>Sikeres vid\u00e9kfejleszt\u00e9si p\u00e1ly\u00e1zat \u00fatj\u00e1n 2024 szeptember\u00e9t\u0151l orsz\u00e1gszerte, h\u00e9t helysz\u00ednen, \u00f6sszesen 350 erd\u00e9szeti bemutat\u00f3 \u00fczemi program indul, mik\u00f6zben a szakk\u00e9pz\u0151k mintegy 750 milli\u00f3 forint \u00e9rt\u00e9kben szerezhetnek be korszer\u0171 erd\u0151gazd\u00e1lkod\u00e1si eszk\u00f6z\u00f6ket is.<\/strong><br>A programr\u00f3l tov\u00e1bbi inform\u00e1ci\u00f3k az&nbsp;<a href=\"https:\/\/eatk.hu\/vpbu\/vpbukezdolap.html\">Erd\u00e9szeti \u00c1gazati Tud\u00e1sk\u00f6zpont Nonprofit Kft.<\/a>&nbsp;oldal\u00e1n tal\u00e1lhat\u00f3ak.<br>k\u00edn\u00e1lunk: iskol\u00e1nkban elindul a \u201eHarveszter kezel\u00e9se\u201d c\u00edm\u0171 program is.<\/p>\n\n\n\n<p>Az erd\u00e9szeti k\u00e9pz\u00e9st is ny\u00fajt\u00f3 Agr\u00e1r Szakk\u00e9pz\u0151 Centrumok \u00e9s az Erd\u00e9szeti \u00c1gazati Tud\u00e1sk\u00f6zpont Nonprofit Kft. k\u00f6z\u00f6s p\u00e1ly\u00e1zatban nyerte el a t\u00f6rt\u00e9nelmi l\u00e9pt\u00e9k\u0171 t\u00e1mogat\u00e1st a Vid\u00e9kfejleszt\u00e9si Program \u201eVP1-1.2.1-23 \u2013 Bemutat\u00f3 \u00fczemek t\u00e1mogat\u00e1sa\u201d konstrukci\u00f3 keret\u00e9ben. Az erd\u00e9szeti gyakorlati tud\u00e1s\u00e1tad\u00e1s \u00e9s a szakmai k\u00f6z\u00e9pfok\u00fa k\u00e9pz\u00e9s m\u0171helyei hossz\u00fa id\u0151 ut\u00e1n juthattaknak hozz\u00e1 ilyen l\u00e9pt\u00e9k\u0171 \u00e9s jelent\u0151s\u00e9g\u0171 tud\u00e1s\u00e1tad\u00e1si \u00e9s eszk\u00f6zbeszerz\u00e9si lehet\u0151s\u00e9ghez.<\/p>\n\n\n\n<p>2024 szeptember\u00e9t\u0151l, csaknem egy \u00e9ven \u00e1t, \u00f6sszesen 350, t\u00e9r\u00edt\u00e9smentes bemutat\u00f3 \u00fczemi programot szervezt\u00fcnkk \u2013 a programok helysz\u00ednei: Sopron, Somogyzsitfa, Piliscsaba, M\u00e1traf\u00fcred, Szeged \u00e9s \u00c1sotthalom.<\/p>\n\n\n\n<p>A programokon erd\u0151gazd\u00e1lkod\u00f3k vagy alkalmazottaik, valamint az erd\u00e9szeti szakszem\u00e9lyzet szakir\u00e1ny\u00edt\u00e1si tev\u00e9kenys\u00e9get ell\u00e1t\u00f3 tagjai vehettek r\u00e9szt az al\u00e1bbiak szerint:<\/p>\n\n\n\n<ul class=\"wp-block-list\">\n<li>erd\u0151gazd\u00e1lkod\u00f3: rendelkezik erd\u0151gazd\u00e1lkod\u00f3i nyilv\u00e1ntart\u00e1si azonos\u00edt\u00f3val,<\/li>\n\n\n\n<li>erd\u0151gazd\u00e1lkod\u00f3 alkalmazottja: munk\u00e1ltat\u00f3ja rendelkezik erd\u0151gazd\u00e1lkod\u00f3i nyilv\u00e1ntart\u00e1si azonos\u00edt\u00f3val,<\/li>\n\n\n\n<li>m\u00e1s erd\u0151gazd\u00e1lkod\u00f3 r\u00e9sz\u00e9re szakir\u00e1ny\u00edt\u00e1st v\u00e9gz\u0151 v\u00e1llalkoz\u00f3: az \u0151t megb\u00edz\u00f3 erd\u0151gazd\u00e1lkod\u00f3 rendelkezik erd\u0151gazd\u00e1lkod\u00f3i nyilv\u00e1ntart\u00e1si azonos\u00edt\u00f3val.<\/li>\n<\/ul>\n\n\n\n<p>Az orsz\u00e1gosan \u00f6sszehangolt bemutat\u00f3 \u00fczemi programok tematik\u00e1ja sz\u00e9les k\u00f6r\u0171, mintegy 25 t\u00e9mak\u00f6rt \u00f6lelt fel. Sz\u00e1mos program az aktu\u00e1lisan beszerzett korszer\u0171 eszk\u00f6z\u00f6k (dr\u00f3nok, harveszter, szoftverek) haszn\u00e1lat\u00e1ra k\u00e9sz\u00edtett fel. Tov\u00e1bb\u00e1 k\u00edn\u00e1ltunk nemzetk\u00f6zi kitekint\u00e9st is az erd\u00e9szet j\u00f6v\u0151je, az erdei v\u00edzgazd\u00e1lkod\u00e1s \u00e9s az erd\u00e9szeti cs\u00facstechnol\u00f3gi\u00e1k vil\u00e1g\u00e1ba is.<\/p>\n\n\n\n<p>Minden helysz\u00ednen el\u00e9rhet\u0151 volt a \u201eSiteViewer: Bevezet\u00e9s az \u00faj erd\u00e9szeti d\u00f6nt\u00e9st\u00e1mogat\u00f3 eszk\u00f6z haszn\u00e1lat\u00e1ba\u201d \u00e9s \u201eAz EUTR \u00e9s az EK\u00c1ER megfelel\u0151 haszn\u00e1lata\u201d bemutat\u00f3 \u00fczemi program. T\u00f6bb helysz\u00ednen volt lehet\u0151s\u00e9g az ESZR \u00e9s alprogramjainak (TERI, ETA) elsaj\u00e1t\u00edt\u00e1s\u00e1ra, a harveszter \u00e9s forvarder kezel\u00e9s megismer\u00e9s\u00e9re szimul\u00e1toros vagy terepi k\u00f6rnyezetben, valamint m\u00e9retes f\u00e1k ir\u00e1ny\u00edtott d\u00f6nt\u00e9s\u00e9nek, vagy a korszer\u0171 szapor\u00edt\u00f3anyag-gy\u0171jt\u00e9s m\u0171helytitkainak megismer\u00e9s\u00e9re. Emellett egy-egy helysz\u00ednen el\u00e9rhet\u0151 volt p\u00e9ld\u00e1ul az erd\u00e9szeti g\u00e9pek jav\u00edt\u00e1sa \u00e9s karbantart\u00e1sa, vagy a leg\u00fajabb t\u00e9rinformatikai megold\u00e1sokkal val\u00f3 ismerked\u00e9s.<\/p>\n\n\n\n<p>A programokat \u201ekezd\u0151\u201d \u00e9s \u201ehalad\u00f3\u201d modul szerkezetben, d\u00e9lel\u0151tt \u00e9s d\u00e9lut\u00e1n 4 + 4 \u00f3r\u00e1ban szervezt\u00fck, ez\u00e9rt javasoltuk az egy\u00fcttes jelentkez\u00e9st mindk\u00e9t programra. A k\u00fcl\u00f6n megjel\u00f6lt programp\u00e1rok JESZ-pontszerz\u0151k is voltak.<\/p>\n\n\n\n<p><strong><u>Befejez\u0151d\u00f6tt az erd\u00e9szeti szakoktat\u00e1s tud\u00e1s\u00e1tad\u00e1si \u00e9s eszk\u00f6zfejleszt\u00e9si programja<\/u><\/strong><\/p>\n\n\n\n<p>Sikeres \u00e9s n\u00e9pszer\u0171 volt az erd\u00e9szeti szakoktat\u00e1sban 2024 szeptemberben indult projekt, amely egy \u00e9ven \u00e1t, orsz\u00e1gszerte, h\u00e9t helysz\u00ednen, \u00f6sszesen 350 ingyenes erd\u00e9szeti bemutat\u00f3 \u00fczemi programot k\u00edn\u00e1lt az \u00e9rdekl\u0151d\u0151knek, mik\u00f6zben a szakk\u00e9pz\u0151k mintegy 750 milli\u00f3 forint \u00e9rt\u00e9kben szerezhettek be korszer\u0171 erd\u0151gazd\u00e1lkod\u00e1si eszk\u00f6z\u00f6ket is.<\/p>\n\n\n\n<p>Az erd\u00e9szeti k\u00e9pz\u00e9st is ny\u00fajt\u00f3 Agr\u00e1r Szakk\u00e9pz\u0151 Centrumokhoz tartoz\u00f3 szakk\u00e9pz\u0151 iskol\u00e1k a projekt els\u0151 n\u00e9gy h\u00f3napj\u00e1ban \u00f6sszesen t\u00f6bb mint 140 bemutat\u00f3 \u00fczemi programot szerveztek erd\u0151gazd\u00e1lkod\u00f3k sz\u00e1m\u00e1ra Sopronban, Somogyzsitf\u00e1n, Piliscsab\u00e1n, M\u00e1traf\u00fcreden, Szegeden \u00e9s \u00c1sotthalmon.<\/p>\n\n\n\n<p>A projektr\u0151l:<\/p>\n\n\n\n<p>Az erd\u00e9szeti k\u00e9pz\u00e9st is ny\u00fajt\u00f3 Agr\u00e1r Szakk\u00e9pz\u0151 Centrumok \u00e9s az Erd\u00e9szeti \u00c1gazati Tud\u00e1sk\u00f6zpont Nonprofit Kft. k\u00f6z\u00f6s p\u00e1ly\u00e1zatban nyerte el a t\u00f6rt\u00e9nelmi l\u00e9pt\u00e9k\u0171 t\u00e1mogat\u00e1st a Vid\u00e9kfejleszt\u00e9si Program \u201eVP1-1.2.1-23 \u2013 Bemutat\u00f3 \u00fczemek t\u00e1mogat\u00e1sa\u201d konstrukci\u00f3 keret\u00e9ben. 2024 szeptember\u00e9t\u0151l, csaknem egy \u00e9ven \u00e1t, \u00f6sszesen 350, t\u00e9r\u00edt\u00e9smentes bemutat\u00f3 \u00fczemi programot szervez\u00fcnk \u2013 a programok helysz\u00ednei: Sopron, Somogyzsitfa, Piliscsaba, M\u00e1traf\u00fcred, Szeged \u00e9s \u00c1sotthalom. Az orsz\u00e1gosan \u00f6sszehangolt bemutat\u00f3 \u00fczemi programok tematik\u00e1ja sz\u00e9les k\u00f6r\u0171, \u00f6sszesen csaknem 30 t\u00e9mak\u00f6rt \u00f6lel fel. A \u201eSiteViewer: Bevezet\u00e9s az \u00faj erd\u00e9szeti d\u00f6nt\u00e9st\u00e1mogat\u00f3 eszk\u00f6z haszn\u00e1lat\u00e1ba\u201d \u00e9s \u201eAz EUTR \u00e9s az EK\u00c1ER megfelel\u0151 haszn\u00e1lata\u201d bemutat\u00f3 \u00fczemi programokat minden helysz\u00ednen megszervezik. T\u00f6bb helysz\u00ednen t\u00e9ma az \u201eESZR \u00e9s alprogramjai (TERI, ETA)\u201d, vagy a \u201eM\u00e9retes f\u00e1k d\u00f6nt\u00e9se\u201d c\u00edm\u0171 program. Sz\u00e1mos program az aktu\u00e1lisan beszerzett korszer\u0171 eszk\u00f6z\u00f6k (dr\u00f3nok, szoftverek, harveszter \u00e9s forvarder szimul\u00e1torok,) haszn\u00e1lat\u00e1ra k\u00e9sz\u00edt fel. A dr\u00f3nok haszn\u00e1lat\u00e1t t\u00f6bb szempontb\u00f3l is t\u00e1rgyalj\u00e1k \u2013 alkalmaz\u00e1sukat az erd\u0151gazd\u00e1lkod\u00e1sban, az erd\u0151k \u00e1llapot\u00e1nak felm\u00e9r\u00e9s\u00e9ben, vagy a permetez\u0151 dr\u00f3nok haszn\u00e1lat\u00e1t a n\u00f6v\u00e9nyv\u00e9delemben. A r\u00e9sztvev\u0151k a legkorszer\u0171bb ismereteket szerezhetik meg az erdei v\u00edzgazd\u00e1lkod\u00e1s, az \u00f6r\u00f6kerd\u0151 gazd\u00e1lkod\u00e1s, vagy a faalap\u00fa gazd\u00e1lkod\u00e1s legjobb gyakorlatair\u00f3l, az erd\u00e9szeti g\u00e9pek jav\u00edt\u00e1s\u00e1r\u00f3l, a k\u00f6t\u00e9lp\u00e1lya, a vasl\u00f3, a Mobile Forester haszn\u00e1lat\u00e1r\u00f3l, vagy a leg\u00fajabb t\u00e9rinformatikai megold\u00e1sokr\u00f3l, \u00e9s a term\u0151helyfelt\u00e1r\u00e1s m\u00f3dszereir\u0151l, illetve \u201eA f\u00f6ldfelsz\u00ednen l\u00e9v\u0151 t\u00e1rgyak \u00e1ltal visszavert vagy kisug\u00e1rozott elektrom\u00e1gneses energia r\u00f6gz\u00edt\u00e9s\u00e9r\u0151l \u00e9s az adatok ki\u00e9rt\u00e9kel\u00e9s\u00e9r\u0151l\u201d is. Sz\u00e1mos program egy\u00fattal JESZ-VKK pontszerz\u0151 is.<\/p>\n\n\n\n<p>Tud\u00e1sk\u00f6zpont \u00e1ltal k\u00e9sz\u00edtett besz\u00e1mol\u00f3<em><br><\/em><\/p>\n\n\n\n<p><em><u>Iskol\u00e1nkban \u00f6sszesen 50 ingyenes programot szervezt\u00fcnk.<\/u><\/em><\/p>\n\n\n\n<p>A soproni Kisalf\u00f6ldi ASzC Roth Gyula Erd\u00e9szeti Technikum szervez\u00e9s\u00e9ben 2025. \u00e1prilis v\u00e9g\u00e9ig <strong><em><u>50 programon<\/u><\/em><\/strong> vehettek r\u00e9szt az \u00e9rdekl\u0151d\u0151k. Iskol\u00e1nk oktat\u00f3inak el\u0151ad\u00e1s\u00e1ban <strong><em>10 \u2013 10 program<\/em><\/strong> sz\u00f3lt az <strong>EUTR \u00e9s az EK\u00c1ER<\/strong> eszk\u00f6z\u00f6k haszn\u00e1lat\u00e1r\u00f3l, valamint az <strong>Erd\u00e9szeti Szakmai Rendszer (ESZR)<\/strong> \u00e9s alrendszereir\u0151l, m\u00edg tov\u00e1bbi <strong><em>14 el\u0151ad\u00e1s<\/em><\/strong> az \u00faj erd\u00e9szeti d\u00f6nt\u00e9st\u00e1mogat\u00f3 eszk\u00f6z, a <strong>SiteViewer haszn\u00e1lat\u00e1t<\/strong> mutatta be az \u00e9rdekl\u0151d\u0151knek. Iskol\u00e1nk oktat\u00f3i <strong><em>6 \u2013 6 el\u0151ad\u00e1st<\/em><\/strong> tartottak a fakitermel\u00e9s sor\u00e1n <strong>a k\u00f6t\u00e9lp\u00e1lya<\/strong>, illetve<strong> a vasl\u00f3<\/strong> megfelel\u0151 haszn\u00e1lat\u00e1r\u00f3l.&nbsp; A hatodik f\u00e9le k\u00edn\u00e1latunk iskol\u00e1nkban a \u201e<strong>Harveszter kezel\u00e9se<\/strong>\u201d c\u00edmet viselte, melyb\u0151l <strong><em>4 program<\/em><\/strong> val\u00f3sult meg. Szinte az \u00f6sszes megval\u00f3sult kezd\u0151-halad\u00f3 projekt Jogosult Erd\u00e9szeti Szakszem\u00e9lyzet sz\u00e1m\u00e1ra pontszerz\u0151k\u00e9nt volt el\u00e9rhet\u0151.<\/p>\n\n\n\n<p>Minden inform\u00e1ci\u00f3t megtal\u00e1lhat\u00f3 az erd\u00e9szeti bemutat\u00f3 \u00fczemi programsorozatr\u00f3l az <a href=\"https:\/\/eatk.hu\/index.html\">E\u00c1TK honlapj\u00e1n<\/a>, ahol az \u00e9rdekl\u0151d\u00f6k r\u00f6gt\u00f6n jelentkezhetnek is a kiv\u00e1lasztott programra.<\/p>\n\n\n\n<p><\/p>\n\n\n\n<p><a href=\"https:\/\/new.rothszki.hu\/wp-content\/uploads\/2025\/02\/BUP_web_Sopron-Roth_2025-januar.pdf\">Tud\u00e1sk\u00f6zpont \u00e1ltal k\u00e9sz\u00edtett besz\u00e1mol\u00f3<\/a><\/p>\n\n\n\n<figure class=\"wp-block-gallery has-nested-images columns-default is-cropped wp-block-gallery-1 is-layout-flex wp-block-gallery-is-layout-flex\">\n<figure class=\"wp-block-image size-large\"><img loading=\"lazy\" decoding=\"async\" width=\"400\" height=\"400\" data-id=\"12582\" src=\"https:\/\/new.rothszki.hu\/wp-content\/uploads\/2025\/12\/Nevtelen400.jpg\" alt=\"\" class=\"wp-image-12582\" srcset=\"https:\/\/new.rothszki.hu\/wp-content\/uploads\/2025\/12\/Nevtelen400.jpg 400w, https:\/\/new.rothszki.hu\/wp-content\/uploads\/2025\/12\/Nevtelen400-300x300.jpg 300w, https:\/\/new.rothszki.hu\/wp-content\/uploads\/2025\/12\/Nevtelen400-150x150.jpg 150w\" sizes=\"auto, (max-width: 400px) 100vw, 400px\" \/><\/figure>\n\n\n\n<figure class=\"wp-block-image size-large\"><img loading=\"lazy\" decoding=\"async\" width=\"400\" height=\"400\" data-id=\"12585\" src=\"https:\/\/new.rothszki.hu\/wp-content\/uploads\/2025\/12\/Nevtelen401-1.jpg\" alt=\"\" class=\"wp-image-12585\" srcset=\"https:\/\/new.rothszki.hu\/wp-content\/uploads\/2025\/12\/Nevtelen401-1.jpg 400w, https:\/\/new.rothszki.hu\/wp-content\/uploads\/2025\/12\/Nevtelen401-1-300x300.jpg 300w, https:\/\/new.rothszki.hu\/wp-content\/uploads\/2025\/12\/Nevtelen401-1-150x150.jpg 150w\" sizes=\"auto, (max-width: 400px) 100vw, 400px\" \/><\/figure>\n\n\n\n<figure class=\"wp-block-image size-large\"><img loading=\"lazy\" decoding=\"async\" width=\"400\" height=\"400\" data-id=\"12579\" src=\"https:\/\/new.rothszki.hu\/wp-content\/uploads\/2025\/12\/sz2020_400.jpg\" alt=\"\" class=\"wp-image-12579\" srcset=\"https:\/\/new.rothszki.hu\/wp-content\/uploads\/2025\/12\/sz2020_400.jpg 400w, https:\/\/new.rothszki.hu\/wp-content\/uploads\/2025\/12\/sz2020_400-300x300.jpg 300w, https:\/\/new.rothszki.hu\/wp-content\/uploads\/2025\/12\/sz2020_400-150x150.jpg 150w\" sizes=\"auto, (max-width: 400px) 100vw, 400px\" \/><\/figure>\n<\/figure>\n","protected":false},"excerpt":{"rendered":"<p>Bemutat\u00f3 \u00fczemi programok \u00e9s fejleszt\u00e9sek a Kisalf\u00f6ldi Agr\u00e1rszakk\u00e9pz\u00e9si Centrumn\u00e1l Sikeres vid\u00e9kfejleszt\u00e9si p\u00e1ly\u00e1zat \u00fatj\u00e1n 2024 szeptember\u00e9t\u0151l orsz\u00e1gszerte, h\u00e9t helysz\u00ednen, \u00f6sszesen 350 erd\u00e9szeti bemutat\u00f3 \u00fczemi program indul, mik\u00f6zben a szakk\u00e9pz\u0151k mintegy 750 milli\u00f3 forint \u00e9rt\u00e9kben szerezhetnek be korszer\u0171 erd\u0151gazd\u00e1lkod\u00e1si eszk\u00f6z\u00f6ket is.A programr\u00f3l tov\u00e1bbi inform\u00e1ci\u00f3k az&nbsp;Erd\u00e9szeti \u00c1gazati Tud\u00e1sk\u00f6zpont Nonprofit Kft.&nbsp;oldal\u00e1n tal\u00e1lhat\u00f3ak.k\u00edn\u00e1lunk: iskol\u00e1nkban elindul<span class=\"more-link\"><a href=\"https:\/\/new.rothszki.hu\/index.php\/vp1-1-2-1-bemutato-uzemek-fejlesztese\/\">Tov\u00e1bb&#8230;<\/a><\/span><\/p>\n","protected":false},"author":5,"featured_media":0,"parent":0,"menu_order":0,"comment_status":"closed","ping_status":"closed","template":"","meta":{"_monsterinsights_skip_tracking":false,"_monsterinsights_sitenote_active":false,"_monsterinsights_sitenote_note":"","_monsterinsights_sitenote_category":0,"footnotes":""},"class_list":["entry","author-gruber-laszlorothszki-hu","post-11647","page","type-page","status-publish"],"_links":{"self":[{"href":"https:\/\/new.rothszki.hu\/index.php\/wp-json\/wp\/v2\/pages\/11647","targetHints":{"allow":["GET"]}}],"collection":[{"href":"https:\/\/new.rothszki.hu\/index.php\/wp-json\/wp\/v2\/pages"}],"about":[{"href":"https:\/\/new.rothszki.hu\/index.php\/wp-json\/wp\/v2\/types\/page"}],"author":[{"embeddable":true,"href":"https:\/\/new.rothszki.hu\/index.php\/wp-json\/wp\/v2\/users\/5"}],"replies":[{"embeddable":true,"href":"https:\/\/new.rothszki.hu\/index.php\/wp-json\/wp\/v2\/comments?post=11647"}],"version-history":[{"count":8,"href":"https:\/\/new.rothszki.hu\/index.php\/wp-json\/wp\/v2\/pages\/11647\/revisions"}],"predecessor-version":[{"id":12586,"href":"https:\/\/new.rothszki.hu\/index.php\/wp-json\/wp\/v2\/pages\/11647\/revisions\/12586"}],"wp:attachment":[{"href":"https:\/\/new.rothszki.hu\/index.php\/wp-json\/wp\/v2\/media?parent=11647"}],"curies":[{"name":"wp","href":"https:\/\/api.w.org\/{rel}","templated":true}]}}