{"id":1225,"date":"2018-10-23T17:40:15","date_gmt":"2018-10-23T17:40:15","guid":{"rendered":"http:\/\/localhost\/?page_id=1225"},"modified":"2024-09-23T12:16:55","modified_gmt":"2024-09-23T12:16:55","slug":"nyilt-napok","status":"publish","type":"page","link":"https:\/\/new.rothszki.hu\/index.php\/nyilt-napok\/","title":{"rendered":"Ny\u00edlt napok"},"content":{"rendered":"<h2>Ny\u00edlt napok id\u0151pontjai<\/h2>\n<p class=\"x_MsoNormal\"><b>2024. november 6-\u00e1n szerd\u00e1n, november 21-\u00e9n cs\u00fct\u00f6rt\u00f6k\u00f6n \u00e9s december 10-\u00e9n kedden ny\u00edlt napokat tartunk. Kezd\u00e9s: 12:30<\/b><\/p>\n<p class=\"x_MsoNormal\"><b>\u00a0<\/b><b>A bemutat\u00f3 \u00f3r\u00e1k l\u00e1togat\u00e1sa regisztr\u00e1ci\u00f3hoz k\u00f6t\u00f6tt, jelentkezni a honlapon kereszt\u00fcl okt\u00f3ber 15-t\u0151l lehet. <\/b><\/p>\n\n\n<p><\/p>\n","protected":false},"excerpt":{"rendered":"<p>Ny\u00edlt napok id\u0151pontjai 2024. november 6-\u00e1n szerd\u00e1n, november 21-\u00e9n cs\u00fct\u00f6rt\u00f6k\u00f6n \u00e9s december 10-\u00e9n kedden ny\u00edlt napokat tartunk. Kezd\u00e9s: 12:30 \u00a0A bemutat\u00f3 \u00f3r\u00e1k l\u00e1togat\u00e1sa regisztr\u00e1ci\u00f3hoz k\u00f6t\u00f6tt, jelentkezni a honlapon kereszt\u00fcl okt\u00f3ber 15-t\u0151l lehet.<span class=\"more-link\"><a href=\"https:\/\/new.rothszki.hu\/index.php\/nyilt-napok\/\">Tov\u00e1bb&#8230;<\/a><\/span><\/p>\n","protected":false},"author":2,"featured_media":0,"parent":0,"menu_order":0,"comment_status":"closed","ping_status":"closed","template":"","meta":{"_monsterinsights_skip_tracking":false,"_monsterinsights_sitenote_active":false,"_monsterinsights_sitenote_note":"","_monsterinsights_sitenote_category":0,"footnotes":""},"class_list":["entry","author-wordpress","post-1225","page","type-page","status-publish"],"_links":{"self":[{"href":"https:\/\/new.rothszki.hu\/index.php\/wp-json\/wp\/v2\/pages\/1225","targetHints":{"allow":["GET"]}}],"collection":[{"href":"https:\/\/new.rothszki.hu\/index.php\/wp-json\/wp\/v2\/pages"}],"about":[{"href":"https:\/\/new.rothszki.hu\/index.php\/wp-json\/wp\/v2\/types\/page"}],"author":[{"embeddable":true,"href":"https:\/\/new.rothszki.hu\/index.php\/wp-json\/wp\/v2\/users\/2"}],"replies":[{"embeddable":true,"href":"https:\/\/new.rothszki.hu\/index.php\/wp-json\/wp\/v2\/comments?post=1225"}],"version-history":[{"count":6,"href":"https:\/\/new.rothszki.hu\/index.php\/wp-json\/wp\/v2\/pages\/1225\/revisions"}],"predecessor-version":[{"id":11222,"href":"https:\/\/new.rothszki.hu\/index.php\/wp-json\/wp\/v2\/pages\/1225\/revisions\/11222"}],"wp:attachment":[{"href":"https:\/\/new.rothszki.hu\/index.php\/wp-json\/wp\/v2\/media?parent=1225"}],"curies":[{"name":"wp","href":"https:\/\/api.w.org\/{rel}","templated":true}]}}