{"id":1234,"date":"2018-10-23T17:48:35","date_gmt":"2018-10-23T17:48:35","guid":{"rendered":"http:\/\/localhost\/?page_id=1234"},"modified":"2021-11-04T18:12:28","modified_gmt":"2021-11-04T18:12:28","slug":"faiparos-kepzes","status":"publish","type":"page","link":"https:\/\/new.rothszki.hu\/index.php\/kepzesek\/faiparos-kepzes\/","title":{"rendered":"Faiparos k\u00e9pz\u00e9s"},"content":{"rendered":"\n<div class=\"wp-block-media-text alignwide is-stacked-on-mobile\"><figure class=\"wp-block-media-text__media\"><a href=\"https:\/\/youtu.be\/U65zVuBRN5E\" target=\"_blank\" rel=\"noopener\"><img loading=\"lazy\" decoding=\"async\" width=\"852\" height=\"475\" src=\"https:\/\/new.rothszki.hu\/wp-content\/uploads\/2021\/11\/faipar.jpg\" alt=\"\" class=\"wp-image-7503 size-full\" srcset=\"https:\/\/new.rothszki.hu\/wp-content\/uploads\/2021\/11\/faipar.jpg 852w, https:\/\/new.rothszki.hu\/wp-content\/uploads\/2021\/11\/faipar-300x167.jpg 300w, https:\/\/new.rothszki.hu\/wp-content\/uploads\/2021\/11\/faipar-768x428.jpg 768w, https:\/\/new.rothszki.hu\/wp-content\/uploads\/2021\/11\/faipar-465x259.jpg 465w, https:\/\/new.rothszki.hu\/wp-content\/uploads\/2021\/11\/faipar-695x387.jpg 695w\" sizes=\"auto, (max-width: 852px) 100vw, 852px\" \/><\/a><\/figure><div class=\"wp-block-media-text__content\">\n<p class=\"has-medium-font-size\"><strong>Faipari technikus k\u00e9pz\u00e9s bemutat\u00f3 filmje<\/strong><\/p>\n<\/div><\/div>\n\n\n<h1>Faipari technikus k\u00e9pz\u00e9s<\/h1>\n<p>5 0722 0802<\/p>\n<p>A fa az egyik leg\u0151sibb nyersanyag, melyet az ember k\u00fcl\u00f6nf\u00e9le szerkezetek, term\u00e9kek, haszn\u00e1lati t\u00e1rgyak k\u00e9sz\u00edt\u00e9s\u00e9re haszn\u00e1l. R\u00f6vid id\u0151 alatt meg\u00faj\u00edthat\u00f3, id\u0151t\u00e1ll\u00f3, amely term\u00e9szetes eredet\u00e9b\u0151l ad\u00f3d\u00f3an mindig keresett, \u00e9rt\u00e9kes, divatos alapanyag marad.<br>\nA fa alkalmas k\u00e9zm\u0171ves, iparm\u0171v\u00e9szeti, kisipari, \u00e9s nagyipari hasznos\u00edt\u00e1sra egyar\u00e1nt.<br>\nA fafeldolgoz\u00f3 technikust arra tan\u00edtjuk meg, hogy k\u00e9pes legyen ezzel az anyaggal dolgozni. A f\u00e1t \u00fagy haszn\u00e1lni, hogy az hasznos seg\u00edt\u0151je legyen az embereknek, pl.: ajt\u00f3, tet\u0151szerkezet, b\u00fator, haszn\u00e1lati eszk\u00f6z, t\u0171zifa stb.<\/p>\n<h2>A k\u00e9pz\u00e9s id\u0151tartama<\/h2>\n<p>Azoknak a tanul\u00f3knak, akik a fa-, \u00e9s b\u00fatoripar \u00e1gazatban folytatj\u00e1k a tanulm\u00e1nyaikat, \u00e1tj\u00e1rhat\u00f3 az iskol\u00e1k k\u00f6z\u00f6tt a k\u00e9pz\u00e9s; \u0151k <strong>5 \u00e9v<\/strong> alatt szereznek szakmai v\u00e9gzetts\u00e9get.<\/p>\n<p>\u00c9retts\u00e9givel:&nbsp;<strong>2 \u00e9v<\/strong><br>\nAzoknak a tanul\u00f3knak, akik m\u00e1s szakir\u00e1ny\u00fa szakk\u00f6z\u00e9piskol\u00e1ban, vagy gimn\u00e1ziumban tettek \u00e9retts\u00e9gi vizsg\u00e1t,<strong> 2 \u00e9v<\/strong>.<\/p>\n<h2>A k\u00e9pz\u00e9s c\u00e9lja<\/h2>\n<ul>\n<li>A f\u0171r\u00e9sz- \u00e9s lemezipari, a b\u00fator- \u00e9s \u00e9p\u00fcletasztalos-ipari \u00fczemek sz\u00e1m\u00e1ra k\u00f6z\u00e9pszint\u0171 munkak\u00f6r\u00f6k bet\u00f6lt\u00e9s\u00e9re alkalmas szakemberek k\u00e9pz\u00e9se.<\/li>\n<li>\u00d6n\u00e1ll\u00f3 faipari v\u00e1llalkoz\u00f3i tev\u00e9kenys\u00e9g v\u00e9gz\u00e9s\u00e9re alkalmas szakemberek k\u00e9pz\u00e9se<\/li>\n<li>Felk\u00e9sz\u00edt\u00e9s a fels\u0151fok\u00fa, f\u0151iskolai\/egyetemi k\u00e9pz\u00e9sre<\/li>\n<\/ul>\n<h2>Szakmai elm\u00e9leti \u00e9s gyakorlati t\u00e1rgyak<\/h2>\n<ul>\n<li>b\u00fatorgy\u00e1rt\u00e1stan<\/li>\n<li>b\u00fatoripari szakrajz<\/li>\n<li>\u00e9p\u00fcletasztalos-ipari term\u00e9kgy\u00e1rt\u00e1s<\/li>\n<li>faipari szakmai ismeretek<\/li>\n<li>faipari CAD-, \u00e9s CNC technol\u00f3gia<\/li>\n<li>f\u0171r\u00e9szipari term\u00e9kek gy\u00e1rt\u00e1sa<\/li>\n<\/ul>\n<h2>Tanul\u00f3ink az elm\u00e9leti \u00e9s gyakorlati k\u00e9pz\u00e9s sor\u00e1n<\/h2>\n<ul>\n<li>megismerik a faipari alapanyagokat, azok gy\u00e1rt\u00e1si folyamatait, a faiparban leggyakrabban haszn\u00e1lt hazai fafajok jellemz\u0151it,<\/li>\n<li>k\u00e9pess\u00e9 v\u00e1lnak arra, hogy a gyakorlatban a term\u00e9kek el\u0151\u00e1ll\u00edt\u00e1sa sor\u00e1n meg tudj\u00e1k hat\u00e1rozni a term\u00e9k gy\u00e1rt\u00e1s\u00e1hoz \u2013 az alapanyagok \u00e9s szerkezetek f\u00fcggv\u00e9ny\u00e9ben \u2013 a megfelel\u0151 gy\u00e1rt\u00e1si technol\u00f3gi\u00e1t,<\/li>\n<li>alkalmass\u00e1 v\u00e1lnak a faipari alapszerkezetek, b\u00fatorszerkezetek m\u0171szaki \u00e9s szabadk\u00e9zi v\u00e1zlatrajz\u00e1nak elk\u00e9sz\u00edt\u00e9s\u00e9re,<\/li>\n<li>megismerik az \u00e9p\u00fcletasztalos ipari term\u00e9kek alapanyagait, gy\u00e1rt\u00e1si folyamat\u00e1nak tervez\u00e9s\u00e9t, a gy\u00e1rt\u00e1si technol\u00f3gi\u00e1kat; elsaj\u00e1t\u00edtj\u00e1k a m\u0171szaki dokument\u00e1ci\u00f3 k\u00e9sz\u00edt\u00e9s\u00e9nek m\u00f3dj\u00e1t \u00e9s k\u00e9pess\u00e9 v\u00e1lnak a ny\u00edl\u00e1sz\u00e1r\u00f3 szoftverek haszn\u00e1lat\u00e1ra,<\/li>\n<li>megtanulj\u00e1k az \u00e9p\u00fcletasztalos ipari term\u00e9kek metszeti \u00e9s csom\u00f3ponti rajzait, \u00e9s k\u00e9pess\u00e9 v\u00e1lnak azok gy\u00e1rt\u00e1s\u00e1hoz sz\u00fcks\u00e9ges szerkezeti rajzok elk\u00e9sz\u00edt\u00e9s\u00e9re,<\/li>\n<li>elsaj\u00e1t\u00edtj\u00e1k a faipari CNC g\u00e9pek sz\u00e1m\u00edt\u00e1stechnikai vez\u00e9rl\u00e9s\u00e9nek alapjait.<\/li>\n<\/ul>\n<h2>A szakk\u00e9pes\u00edt\u00e9s munkater\u00fcletei<\/h2>\n<ul>\n<li>fafeldolgoz\u00f3 \u00fczemekben vagy \u00f6n\u00e1ll\u00f3 v\u00e1llalkoz\u00f3k\u00e9nt munkafolyamatok el\u0151k\u00e9sz\u00edt\u00e9se, megszervez\u00e9se, illetve v\u00e9grehajt\u00e1sa<\/li>\n<li>a b\u00fatorok, ajt\u00f3k, ablakok, l\u00e9pcs\u0151k, parketta \u00e9s egy\u00e9b \u00e9p\u00fcletasztalos ipari, term\u00e9kek gy\u00e1rt\u00e1si, szervez\u00e9si, \u00e9rt\u00e9kes\u00edt\u00e9si feladatainak ell\u00e1t\u00e1sa<\/li>\n<li>k\u00fcl\u00f6nb\u00f6z\u0151 faipari szersz\u00e1mok karbantart\u00e1s\u00e1nak v\u00e9grehajt\u00e1sa, a v\u00e9grehajt\u00e1s ir\u00e1ny\u00edt\u00e1sa \u00e9s ellen\u0151rz\u00e9se<\/li>\n<li>faipari g\u00e9pek, g\u00e9psorok, berendez\u00e9sek szersz\u00e1m\u00e1ll\u00edt\u00e1sa, kezel\u00e9se \u00e9s azok ir\u00e1ny\u00edt\u00e1sa a munkav\u00e9delmi szempontok betart\u00e1s\u00e1val<\/li>\n<li>a faiparban alkalmazott vez\u00e9rl\u00e9si \u00e9s szab\u00e1lyoz\u00e1si folyamatok kezel\u00e9se<\/li>\n<li>b\u00fatorok, ajt\u00f3k, ablakok, egy\u00e9b faipari term\u00e9kek metszeti, m\u00e9reti \u00e9s egy\u00e9b szakrajzainak elk\u00e9sz\u00edt\u00e9se, a rajzok \u00e9rtelmez\u00e9se<\/li>\n<li>faipari sz\u00e1m\u00edt\u00f3g\u00e9pes programok haszn\u00e1lata, alkalmaz\u00e1sa<\/li>\n<li>faipari v\u00e1llalkoz\u00e1sok l\u00e9trehoz\u00e1sa, m\u0171k\u00f6dtet\u00e9se<\/li>\n<\/ul>","protected":false},"excerpt":{"rendered":"<p>Faipari technikus k\u00e9pz\u00e9s bemutat\u00f3 filmje Faipari technikus k\u00e9pz\u00e9s 5 0722 0802 A fa az egyik leg\u0151sibb nyersanyag, melyet az ember k\u00fcl\u00f6nf\u00e9le szerkezetek, term\u00e9kek, haszn\u00e1lati t\u00e1rgyak k\u00e9sz\u00edt\u00e9s\u00e9re haszn\u00e1l. R\u00f6vid id\u0151 alatt meg\u00faj\u00edthat\u00f3, id\u0151t\u00e1ll\u00f3, amely term\u00e9szetes eredet\u00e9b\u0151l ad\u00f3d\u00f3an mindig keresett, \u00e9rt\u00e9kes, divatos alapanyag marad. A fa alkalmas k\u00e9zm\u0171ves, iparm\u0171v\u00e9szeti, kisipari, \u00e9s nagyipari<span class=\"more-link\"><a href=\"https:\/\/new.rothszki.hu\/index.php\/kepzesek\/faiparos-kepzes\/\">Tov\u00e1bb&#8230;<\/a><\/span><\/p>\n","protected":false},"author":2,"featured_media":2210,"parent":47,"menu_order":0,"comment_status":"closed","ping_status":"closed","template":"","meta":{"_monsterinsights_skip_tracking":false,"_monsterinsights_sitenote_active":false,"_monsterinsights_sitenote_note":"","_monsterinsights_sitenote_category":0,"footnotes":""},"class_list":["entry","author-wordpress","post-1234","page","type-page","status-publish","has-post-thumbnail"],"_links":{"self":[{"href":"https:\/\/new.rothszki.hu\/index.php\/wp-json\/wp\/v2\/pages\/1234","targetHints":{"allow":["GET"]}}],"collection":[{"href":"https:\/\/new.rothszki.hu\/index.php\/wp-json\/wp\/v2\/pages"}],"about":[{"href":"https:\/\/new.rothszki.hu\/index.php\/wp-json\/wp\/v2\/types\/page"}],"author":[{"embeddable":true,"href":"https:\/\/new.rothszki.hu\/index.php\/wp-json\/wp\/v2\/users\/2"}],"replies":[{"embeddable":true,"href":"https:\/\/new.rothszki.hu\/index.php\/wp-json\/wp\/v2\/comments?post=1234"}],"version-history":[{"count":10,"href":"https:\/\/new.rothszki.hu\/index.php\/wp-json\/wp\/v2\/pages\/1234\/revisions"}],"predecessor-version":[{"id":7517,"href":"https:\/\/new.rothszki.hu\/index.php\/wp-json\/wp\/v2\/pages\/1234\/revisions\/7517"}],"up":[{"embeddable":true,"href":"https:\/\/new.rothszki.hu\/index.php\/wp-json\/wp\/v2\/pages\/47"}],"wp:featuredmedia":[{"embeddable":true,"href":"https:\/\/new.rothszki.hu\/index.php\/wp-json\/wp\/v2\/media\/2210"}],"wp:attachment":[{"href":"https:\/\/new.rothszki.hu\/index.php\/wp-json\/wp\/v2\/media?parent=1234"}],"curies":[{"name":"wp","href":"https:\/\/api.w.org\/{rel}","templated":true}]}}