{"id":1243,"date":"2018-10-23T17:51:37","date_gmt":"2018-10-23T17:51:37","guid":{"rendered":"http:\/\/localhost\/?page_id=1243"},"modified":"2021-11-04T18:10:56","modified_gmt":"2021-11-04T18:10:56","slug":"erdesz-kepzes","status":"publish","type":"page","link":"https:\/\/new.rothszki.hu\/index.php\/kepzesek\/erdesz-kepzes\/","title":{"rendered":"Erd\u00e9sz k\u00e9pz\u00e9s"},"content":{"rendered":"\n<div class=\"wp-block-group alignwide\"><div class=\"wp-block-group__inner-container is-layout-flow wp-block-group-is-layout-flow\">\n<div class=\"wp-block-media-text alignwide is-stacked-on-mobile\"><figure class=\"wp-block-media-text__media\"><a href=\"https:\/\/youtu.be\/UmciVF9yE6s\" target=\"_blank\" rel=\"noopener\"><img loading=\"lazy\" decoding=\"async\" width=\"850\" height=\"481\" src=\"https:\/\/new.rothszki.hu\/wp-content\/uploads\/2021\/11\/erdesz.jpg\" alt=\"\" class=\"wp-image-7502 size-full\" srcset=\"https:\/\/new.rothszki.hu\/wp-content\/uploads\/2021\/11\/erdesz.jpg 850w, https:\/\/new.rothszki.hu\/wp-content\/uploads\/2021\/11\/erdesz-300x170.jpg 300w, https:\/\/new.rothszki.hu\/wp-content\/uploads\/2021\/11\/erdesz-768x435.jpg 768w, https:\/\/new.rothszki.hu\/wp-content\/uploads\/2021\/11\/erdesz-465x263.jpg 465w, https:\/\/new.rothszki.hu\/wp-content\/uploads\/2021\/11\/erdesz-695x393.jpg 695w\" sizes=\"auto, (max-width: 850px) 100vw, 850px\" \/><\/a><\/figure><div class=\"wp-block-media-text__content\">\n<p class=\"has-medium-font-size\"><strong>Erd\u00e9sztechnikus k\u00e9pz\u00e9s bemutat\u00f3 filmje<\/strong><\/p>\n<\/div><\/div>\n\n\n\n<p><\/p>\n<\/div><\/div>\n\n\n<h1><strong>Erd\u00e9sztechnikus k\u00e9pz\u00e9s<\/strong><\/h1>\n<p>5 0821 1702<\/p>\n<p>Az erd\u0151 mindig fontos szerepet j\u00e1tszott az ember \u00e9let\u00e9ben. \u00c9lelmet, t\u00fczel\u0151t, \u00e9p\u00edt\u0151anyagot adott, mened\u00e9ket ny\u00fajtott. Az erd\u0151re ma is ugyan\u00fagy sz\u00fcks\u00e9g\u00fcnk van, mint a r\u00e9gi id\u0151kben, hiszen f\u00e1ja otthonaink \u00e9p\u00edt\u00e9s\u00e9n\u00e9l, berendez\u00e9s\u00e9n\u00e9l n\u00e9lk\u00fcl\u00f6zhetetlen, \u00e1rnyas cs\u00f6ndje felfriss\u00fcl\u00e9st, pihentet\u0151 nyugalmat k\u00edn\u00e1l.<br>Az erd\u00e9sz feladata a fiatal erd\u0151ket \u00fagy \u00e1polni, nevelni, hogy azok id\u0151skorukban a lehet\u0151 leg\u00e9rt\u00e9kesebb faanyagot szolg\u00e1ltass\u00e1k. A kiv\u00e1gott f\u00e1k hely\u00e9n pedig keze munk\u00e1ja nyom\u00e1n \u00faj, ifj\u00fa f\u00e1csk\u00e1k n\u00f6vekedjenek, hogy az erdeink adta javakat unok\u00e1ink is \u00e9lvezhess\u00e9k.<br>A magyar vadgazd\u00e1lkod\u00e1s vil\u00e1gh\u00edr\u0171, el\u0151deink nagy elismer\u00e9st v\u00edvtak ki a magyar vad\u00e1llom\u00e1nynak \u00e9s az azt kezel\u0151 szakembereknek. A vad\u00e1szat \u2013 az erd\u00e9sz szakm\u00e1hoz hasonl\u00f3an \u2013 hivat\u00e1s, a vad\u00e1szatban dolgoz\u00f3 szakembereknek alapos ismeretekre van sz\u00fcks\u00e9ge, \u00e9s szakm\u00e1ja ir\u00e1nt elhivatottnak kell lennie.<\/p>\n<h2>A k\u00e9pz\u00e9s id\u0151tartama<\/h2>\n<p>Azoknak a tanul\u00f3knak, akik a mezogazdas\u00e1g \u00e9s erd\u00e9szet \u00e1gazatban folytatj\u00e1k a tanulm\u00e1nyaikat, \u00e1tj\u00e1rhat\u00f3 az iskol\u00e1k k\u00f6z\u00f6tt a k\u00e9pz\u00e9s; \u0151k <strong>5 \u00e9v<\/strong> alatt szereznek szakmai v\u00e9gzetts\u00e9get.<\/p>\n<p>\u00c9retts\u00e9givel:&nbsp;<strong>2 \u00e9v<\/strong><br>Azoknak a tanul\u00f3knak, akik m\u00e1s szakir\u00e1ny\u00fa szakk\u00f6z\u00e9piskol\u00e1ban, vagy gimn\u00e1ziumban tettek \u00e9retts\u00e9gi vizsg\u00e1t,&nbsp;<strong>2<\/strong><strong> \u00e9v<\/strong>.<\/p>\n<h2>A k\u00e9pz\u00e9s c\u00e9lja<\/h2>\n<ul>\n<li>Az erd\u0151gazd\u00e1lkod\u00e1si \u00e9s vadgazd\u00e1lkod\u00e1si munkater\u00fcletekre k\u00f6z\u00e9pszint\u0171 vezet\u0151i, valamint magasabb szakmai ig\u00e9ny\u0171 fizikai munkak\u00f6r\u00f6k bet\u00f6lt\u00e9s\u00e9re alkalmas szakemberek k\u00e9pz\u00e9se.<\/li>\n<li>A v\u00e9gzetts\u00e9g \u00f6n\u00e1ll\u00f3 erd\u0151gazd\u00e1lkod\u00e1si, v\u00e1llalkoz\u00f3i tev\u00e9kenys\u00e9g folytat\u00e1s\u00e1ra is alkalmass\u00e1 tesz.<\/li>\n<\/ul>\n<h2>Szakmai elm\u00e9leti \u00e9s gyakorlati t\u00e1rgyak<\/h2>\n<ul>\n<li>\u00e1llattan<\/li>\n<li>n\u00f6v\u00e9nytan<\/li>\n<li>term\u0151helyismeret<\/li>\n<li>g\u00e9ptan<\/li>\n<li>erd\u0151becsl\u00e9s<\/li>\n<li>erd\u0151m\u0171vel\u00e9s<\/li>\n<li>erd\u0151haszn\u00e1lat<\/li>\n<li>erd\u00e9szeti g\u00e9pek<\/li>\n<li>erd\u0151rendez\u00e9s<\/li>\n<li>erd\u0151v\u00e9delem<\/li>\n<li>fegyverismeret<\/li>\n<li>vad\u00e1szat<\/li>\n<li>vadgazd\u00e1lkod\u00e1s<\/li>\n<li>\u00e9l\u0151hely-gazd\u00e1lkod\u00e1s<\/li>\n<li>erd\u00e9szeti \u00fczemgazdas\u00e1g<\/li>\n<\/ul>\n<h2>Tanul\u00f3ink az elm\u00e9leti \u00e9s gyakorlati k\u00e9pz\u00e9s sor\u00e1n megismerik<\/h2>\n<ul>\n<li>az erd\u0151 \u00e9l\u0151vil\u00e1g\u00e1t \u00e9s az erdei \u00f6kosziszt\u00e9ma \u00f6sszet\u00e9tel\u00e9t, m\u0171k\u00f6d\u00e9s\u00e9t,<\/li>\n<li>az erd\u00e9szeti szapor\u00edt\u00f3anyag-termel\u00e9st, az erd\u0151 fel\u00faj\u00edt\u00e1s\u00e1t \u00e9s felnevel\u00e9s\u00e9t,<\/li>\n<li>az erd\u0151 v\u00e9delm\u00e9nek m\u00f3djait,<\/li>\n<li>az erd\u0151 szoci\u00e1lis \u00e9s v\u00e9delmi rendeltet\u00e9s\u00e9nek biztos\u00edt\u00e1s\u00e1t,<\/li>\n<li>az erd\u0151 \u00e1ltal ny\u00fajtott javak hossz\u00fa t\u00e1v\u00fa, tartamos hasznos\u00edt\u00e1s\u00e1t,<\/li>\n<li>az erdei vagyon felm\u00e9r\u00e9s\u00e9t, az azzal val\u00f3 gazd\u00e1lkod\u00e1st,<\/li>\n<li>a vad\u00e1llom\u00e1ny gondoz\u00e1s\u00e1t, v\u00e9delm\u00e9t,<\/li>\n<li>a vad\u00e1szati m\u00f3dokat,<\/li>\n<li>a vad \u00e9l\u0151hely\u00e9nek fejleszt\u00e9s\u00e9t,<\/li>\n<li>az erd\u00e9szeti \u00e9s vad\u00e1szati munkater\u00fcleteken val\u00f3 v\u00e1llalkoz\u00e1s k\u00f6r\u00fclm\u00e9nyeit.<\/li>\n<\/ul>\n<h2>A szakk\u00e9pes\u00edt\u00e9s munkater\u00fcletei<\/h2>\n<ul>\n<li>Az erd\u0151gazd\u00e1lkod\u00e1ssal kapcsolatos minden k\u00f6z\u00e9pfok\u00fa v\u00e9gzetts\u00e9get ig\u00e9nyl\u0151 tev\u00e9kenys\u00e9g ell\u00e1t\u00e1sa a maggazd\u00e1lkod\u00e1s, a csemetetermeszt\u00e9s, az erd\u0151m\u0171vel\u00e9s, az erd\u0151v\u00e9delem, az erd\u0151haszn\u00e1lat, az erdei term\u00e9kek \u00e9rt\u00e9kes\u00edt\u00e9se, \u00e9s az alapvet\u0151 fafeldolgoz\u00e1s ter\u00fclet\u00e9n.<\/li>\n<li>A vadgazd\u00e1lkod\u00e1s ter\u00fclet\u00e9n az erd\u0151gazdas\u00e1gok, vad\u00e1szt\u00e1rsas\u00e1gok, vad\u00e1szati c\u00e9l\u00fa gazdas\u00e1gi t\u00e1rsas\u00e1gok, vadteny\u00e9sz\u0151 telepek vadgazd\u00e1lkod\u00e1si, vad\u00e1szati, vadteny\u00e9szt\u00e9si szakmai feladatainak ell\u00e1t\u00e1sa.<\/li>\n<li>A felsorolt tev\u00e9kenys\u00e9gek ir\u00e1ny\u00edt\u00e1sa, szervez\u00e9se vagy az azokban t\u00f6rt\u00e9n\u0151 v\u00e1llalkoz\u00e1s.<\/li>\n<li>A k\u00e9pz\u00e9s j\u00f3 alapokat ny\u00fajt a szakir\u00e1ny\u00fa tov\u00e1bbtanul\u00e1shoz.<\/li>\n<\/ul>","protected":false},"excerpt":{"rendered":"<p>Erd\u00e9sztechnikus k\u00e9pz\u00e9s bemutat\u00f3 filmje Erd\u00e9sztechnikus k\u00e9pz\u00e9s 5 0821 1702 Az erd\u0151 mindig fontos szerepet j\u00e1tszott az ember \u00e9let\u00e9ben. \u00c9lelmet, t\u00fczel\u0151t, \u00e9p\u00edt\u0151anyagot adott, mened\u00e9ket ny\u00fajtott. Az erd\u0151re ma is ugyan\u00fagy sz\u00fcks\u00e9g\u00fcnk van, mint a r\u00e9gi id\u0151kben, hiszen f\u00e1ja otthonaink \u00e9p\u00edt\u00e9s\u00e9n\u00e9l, berendez\u00e9s\u00e9n\u00e9l n\u00e9lk\u00fcl\u00f6zhetetlen, \u00e1rnyas cs\u00f6ndje felfriss\u00fcl\u00e9st, pihentet\u0151 nyugalmat k\u00edn\u00e1l.Az erd\u00e9sz feladata a<span class=\"more-link\"><a href=\"https:\/\/new.rothszki.hu\/index.php\/kepzesek\/erdesz-kepzes\/\">Tov\u00e1bb&#8230;<\/a><\/span><\/p>\n","protected":false},"author":2,"featured_media":2209,"parent":47,"menu_order":0,"comment_status":"closed","ping_status":"closed","template":"","meta":{"_monsterinsights_skip_tracking":false,"_monsterinsights_sitenote_active":false,"_monsterinsights_sitenote_note":"","_monsterinsights_sitenote_category":0,"footnotes":""},"class_list":["entry","author-wordpress","post-1243","page","type-page","status-publish","has-post-thumbnail"],"_links":{"self":[{"href":"https:\/\/new.rothszki.hu\/index.php\/wp-json\/wp\/v2\/pages\/1243","targetHints":{"allow":["GET"]}}],"collection":[{"href":"https:\/\/new.rothszki.hu\/index.php\/wp-json\/wp\/v2\/pages"}],"about":[{"href":"https:\/\/new.rothszki.hu\/index.php\/wp-json\/wp\/v2\/types\/page"}],"author":[{"embeddable":true,"href":"https:\/\/new.rothszki.hu\/index.php\/wp-json\/wp\/v2\/users\/2"}],"replies":[{"embeddable":true,"href":"https:\/\/new.rothszki.hu\/index.php\/wp-json\/wp\/v2\/comments?post=1243"}],"version-history":[{"count":13,"href":"https:\/\/new.rothszki.hu\/index.php\/wp-json\/wp\/v2\/pages\/1243\/revisions"}],"predecessor-version":[{"id":7516,"href":"https:\/\/new.rothszki.hu\/index.php\/wp-json\/wp\/v2\/pages\/1243\/revisions\/7516"}],"up":[{"embeddable":true,"href":"https:\/\/new.rothszki.hu\/index.php\/wp-json\/wp\/v2\/pages\/47"}],"wp:featuredmedia":[{"embeddable":true,"href":"https:\/\/new.rothszki.hu\/index.php\/wp-json\/wp\/v2\/media\/2209"}],"wp:attachment":[{"href":"https:\/\/new.rothszki.hu\/index.php\/wp-json\/wp\/v2\/media?parent=1243"}],"curies":[{"name":"wp","href":"https:\/\/api.w.org\/{rel}","templated":true}]}}