{"id":1271,"date":"2018-10-23T18:32:19","date_gmt":"2018-10-23T18:32:19","guid":{"rendered":"http:\/\/localhost\/?page_id=1271"},"modified":"2023-10-17T11:33:04","modified_gmt":"2023-10-17T11:33:04","slug":"fogadoorak","status":"publish","type":"page","link":"https:\/\/new.rothszki.hu\/index.php\/fogadoorak\/","title":{"rendered":"Fogad\u00f3\u00f3r\u00e1k"},"content":{"rendered":"","protected":false},"excerpt":{"rendered":"<p><span class=\"more-link\"><a href=\"https:\/\/new.rothszki.hu\/index.php\/fogadoorak\/\">Tov\u00e1bb&#8230;<\/a><\/span><\/p>\n","protected":false},"author":2,"featured_media":99,"parent":0,"menu_order":0,"comment_status":"closed","ping_status":"closed","template":"","meta":{"_monsterinsights_skip_tracking":false,"_monsterinsights_sitenote_active":false,"_monsterinsights_sitenote_note":"","_monsterinsights_sitenote_category":0,"footnotes":""},"class_list":["entry","author-wordpress","post-1271","page","type-page","status-publish","has-post-thumbnail"],"_links":{"self":[{"href":"https:\/\/new.rothszki.hu\/index.php\/wp-json\/wp\/v2\/pages\/1271","targetHints":{"allow":["GET"]}}],"collection":[{"href":"https:\/\/new.rothszki.hu\/index.php\/wp-json\/wp\/v2\/pages"}],"about":[{"href":"https:\/\/new.rothszki.hu\/index.php\/wp-json\/wp\/v2\/types\/page"}],"author":[{"embeddable":true,"href":"https:\/\/new.rothszki.hu\/index.php\/wp-json\/wp\/v2\/users\/2"}],"replies":[{"embeddable":true,"href":"https:\/\/new.rothszki.hu\/index.php\/wp-json\/wp\/v2\/comments?post=1271"}],"version-history":[{"count":17,"href":"https:\/\/new.rothszki.hu\/index.php\/wp-json\/wp\/v2\/pages\/1271\/revisions"}],"predecessor-version":[{"id":9982,"href":"https:\/\/new.rothszki.hu\/index.php\/wp-json\/wp\/v2\/pages\/1271\/revisions\/9982"}],"wp:featuredmedia":[{"embeddable":true,"href":"https:\/\/new.rothszki.hu\/index.php\/wp-json\/"}],"wp:attachment":[{"href":"https:\/\/new.rothszki.hu\/index.php\/wp-json\/wp\/v2\/media?parent=1271"}],"curies":[{"name":"wp","href":"https:\/\/api.w.org\/{rel}","templated":true}]}}