{"id":1596,"date":"2018-11-06T06:44:05","date_gmt":"2018-11-06T06:44:05","guid":{"rendered":"http:\/\/localhost\/?page_id=1596"},"modified":"2023-07-06T21:37:40","modified_gmt":"2023-07-06T21:37:40","slug":"kollegium","status":"publish","type":"page","link":"https:\/\/new.rothszki.hu\/index.php\/kollegium\/","title":{"rendered":"Koll\u00e9gium"},"content":{"rendered":"<h2>Sz\u00e1ll\u00e1s Sopronban<\/h2>\n<p><strong>Roth Gyula Koll\u00e9gium<\/strong><br \/>\n9400 Sopron, Lackner Krist\u00f3f u. 7.<br \/>\nSopron k\u00f6zpontj\u00e1ban, bar\u00e1ts\u00e1gos k\u00f6rnyezetben 2-3 \u00e1gyas szob\u00e1k, illetve nagyobb JOKER szob\u00e1k v\u00e1rj\u00e1k vend\u00e9geinket.<br \/>\nA szob\u00e1khoz szintenk\u00e9nt 1-1 k\u00f6z\u00f6s tusol\u00f3 \u00e9s mosd\u00f3 tartozik.<br \/>\nA koll\u00e9gium Sopron k\u00f6zpontj\u00e1ban, tal\u00e1lhat\u00f3. A vid\u00e9ki vol\u00e1nbusz p\u00e1lyaudvar k\u00f6zvetlen szomsz\u00e9ds\u00e1g\u00e1ban.<br \/>\nAz aut\u00f3val \u00e9rkez\u0151ket nagy z\u00e1rt parkol\u00f3 fogadja, amelyet sz\u00e1ll\u00f3vend\u00e9geink ingyen haszn\u00e1lhatnak.<\/p>\n<p>Foglal\u00e1s \u00e9s \u00e9rdekl\u0151d\u00e9s:<br \/>\ngondnok: 06 99\/506-356<br \/>\n<a href=\"mailto:szallasrendeles@rothszki.hu\">szallasrendeles@rothszki.hu<\/a><\/p>\n","protected":false},"excerpt":{"rendered":"<p>Sz\u00e1ll\u00e1s Sopronban Roth Gyula Koll\u00e9gium 9400 Sopron, Lackner Krist\u00f3f u. 7. Sopron k\u00f6zpontj\u00e1ban, bar\u00e1ts\u00e1gos k\u00f6rnyezetben 2-3 \u00e1gyas szob\u00e1k, illetve nagyobb JOKER szob\u00e1k v\u00e1rj\u00e1k vend\u00e9geinket. A szob\u00e1khoz szintenk\u00e9nt 1-1 k\u00f6z\u00f6s tusol\u00f3 \u00e9s mosd\u00f3 tartozik. A koll\u00e9gium Sopron k\u00f6zpontj\u00e1ban, tal\u00e1lhat\u00f3. A vid\u00e9ki vol\u00e1nbusz p\u00e1lyaudvar k\u00f6zvetlen szomsz\u00e9ds\u00e1g\u00e1ban. Az aut\u00f3val \u00e9rkez\u0151ket nagy z\u00e1rt parkol\u00f3<span class=\"more-link\"><a href=\"https:\/\/new.rothszki.hu\/index.php\/kollegium\/\">Tov\u00e1bb&#8230;<\/a><\/span><\/p>\n","protected":false},"author":2,"featured_media":0,"parent":0,"menu_order":0,"comment_status":"closed","ping_status":"closed","template":"","meta":{"_monsterinsights_skip_tracking":false,"_monsterinsights_sitenote_active":false,"_monsterinsights_sitenote_note":"","_monsterinsights_sitenote_category":0,"footnotes":""},"class_list":["entry","author-wordpress","post-1596","page","type-page","status-publish"],"_links":{"self":[{"href":"https:\/\/new.rothszki.hu\/index.php\/wp-json\/wp\/v2\/pages\/1596","targetHints":{"allow":["GET"]}}],"collection":[{"href":"https:\/\/new.rothszki.hu\/index.php\/wp-json\/wp\/v2\/pages"}],"about":[{"href":"https:\/\/new.rothszki.hu\/index.php\/wp-json\/wp\/v2\/types\/page"}],"author":[{"embeddable":true,"href":"https:\/\/new.rothszki.hu\/index.php\/wp-json\/wp\/v2\/users\/2"}],"replies":[{"embeddable":true,"href":"https:\/\/new.rothszki.hu\/index.php\/wp-json\/wp\/v2\/comments?post=1596"}],"version-history":[{"count":3,"href":"https:\/\/new.rothszki.hu\/index.php\/wp-json\/wp\/v2\/pages\/1596\/revisions"}],"predecessor-version":[{"id":9733,"href":"https:\/\/new.rothszki.hu\/index.php\/wp-json\/wp\/v2\/pages\/1596\/revisions\/9733"}],"wp:attachment":[{"href":"https:\/\/new.rothszki.hu\/index.php\/wp-json\/wp\/v2\/media?parent=1596"}],"curies":[{"name":"wp","href":"https:\/\/api.w.org\/{rel}","templated":true}]}}