{"id":1655,"date":"2018-11-12T06:45:10","date_gmt":"2018-11-12T06:45:10","guid":{"rendered":"http:\/\/localhost\/?page_id=1655"},"modified":"2025-09-25T09:02:49","modified_gmt":"2025-09-25T09:02:49","slug":"diakonkormanyzat","status":"publish","type":"page","link":"https:\/\/new.rothszki.hu\/index.php\/diakonkormanyzat\/","title":{"rendered":"Di\u00e1k\u00f6nkorm\u00e1nyzat"},"content":{"rendered":"<h1>A Di\u00e1k\u00f6nkorm\u00e1nyzat m\u0171k\u00f6d\u00e9se<\/h1>\n<ul>\n<li>T\u00e1rsadalmunkban egyre nagyobb szerepet kapnak a di\u00e1kjogok. A di\u00e1kok jogainak \u00e9rv\u00e9nyes\u00edt\u00e9s\u00e9ben seg\u00edthet az int\u00e9zm\u00e9nyekben megalakul\u00f3 \u00e9s hat\u00e9konyan m\u0171k\u00f6d\u0151 di\u00e1k\u00f6nkorm\u00e1nyzat. K\u00fcl\u00f6nb\u00f6z\u0151 \u00fcgyekben a hat\u00e1lyos t\u00f6rv\u00e9nyek szerint d\u00f6nt\u00e9si, egyet\u00e9rt\u00e9si \u00e9s v\u00e9lem\u00e9nyez\u00e9si joga van a di\u00e1k\u00f6nkorm\u00e1nyzatnak, amellyel \u00e9lve befoly\u00e1solhatja az int\u00e9zm\u00e9nyben foly\u00f3 munk\u00e1t.<br \/>A di\u00e1k\u00f6nkorm\u00e1nyzat iskol\u00e1nkban <strong>m\u00e1r 1993 \u00f3ta m\u0171k\u00f6dik<\/strong> sikeresen. <strong>Eln\u00f6k\u00e9t \u00e9s tagjait az iskola tanul\u00f3k\u00f6z\u00f6ss\u00e9ge v\u00e1lasztja meg minden \u00e9v tavasz\u00e1n<\/strong>, titkos szavaz\u00e1ssal. A jel\u00f6ltlist\u00e1t az oszt\u00e1lyokt\u00f3l be\u00e9rkezett javaslatok alapj\u00e1n a jel\u00f6l\u0151bizotts\u00e1g \u00e1ll\u00edtja \u00f6ssze. K\u00fcl\u00f6n szavaznak a di\u00e1kok az eln\u00f6k szem\u00e9ly\u00e9r\u0151l. A megv\u00e1lasztott vezet\u0151s\u00e9g szervezeti \u00e9s m\u0171k\u00f6d\u00e9si szab\u00e1lyzat \u00e9s \u00fcgyrend alapj\u00e1n m\u0171k\u00f6dik. A v\u00e1lasztott k\u00e9pvisel\u0151k mand\u00e1tuma egy \u00e9vre sz\u00f3l. Feln\u0151tt seg\u00edt\u0151t k\u00e9rhet fel a hat\u00e9konyabb m\u0171k\u00f6d\u00e9s\u00e9hez.<\/li>\n<li><strong>A D\u00d6K fontos feladata a h\u00e1tr\u00e1nyos helyzet\u0171 tanul\u00f3k megseg\u00edt\u00e9se<\/strong>, ez\u00e9rt minden \u00e9vben <strong>p\u00e1ly\u00e1zatot \u00edr ki<\/strong> tanulm\u00e1nyutak t\u00e1mogat\u00e1s\u00e1ra. <strong>\u00c9vente 80-150 000 Ft k\u00f6z\u00f6tti \u00f6sszeg ker\u00fcl kioszt\u00e1sra a p\u00e1ly\u00e1z\u00f3k k\u00f6z\u00f6tt<\/strong>. A szabadid\u0151 hasznos elt\u00f6lt\u00e9se \u00e9rdek\u00e9ben szinte minden \u00e9vben eszk\u00f6z\u00f6ket szerzett be a di\u00e1kok r\u00e9sz\u00e9re.<br \/>Minden \u00e9vben<strong> megszervezi az \u0151szi iskolanapot<\/strong>, amelynek m\u00e1r hagyom\u00e1nyosnak mondhat\u00f3 helysz\u00edne a Brennbergi Ifj\u00fas\u00e1gi T\u00e1bor. Itt izgalmas \u00e9s j\u00e1t\u00e9kos versenysz\u00e1mokban m\u00e9rhetik \u00f6ssze erej\u00fcket \u00e9s \u00fcgyess\u00e9g\u00fcket az oszt\u00e1lyok.\n<p>2001 \u00f3ta az iskolab\u00e1lt k\u00f6z\u00f6sen bonyol\u00edtj\u00e1k az E\u00f6tv\u00f6s Gimn\u00e1ziummal. Minden \u00e9ven tartalmas, di\u00e1kjaink \u00e1ltal el\u0151adott programok, tombola sz\u00ednes\u00edti \u00e9s teszi sikeress\u00e9 a rendezv\u00e9nyt.<br \/>Az iskolai \u00e9let m\u00e1s ter\u00fcletein is akt\u00edv munk\u00e1t v\u00e9gez a D\u00d6K: <strong>javaslatot tesz \u00e9s v\u00e9lem\u00e9nyezi a tan\u00e9v elej\u00e9n elk\u00e9sz\u00edtend\u0151 tan\u00e9vi rendet, amellyel a sz\u00fcnetek id\u0151tartam\u00e1t, idej\u00e9t alak\u00edtja a di\u00e1ks\u00e1g ig\u00e9nyeihez<\/strong>. Di\u00e1kparlamentet, di\u00e1kf\u00f3rumokat szervez a felmer\u00fcl\u0151 probl\u00e9m\u00e1k megold\u00e1s\u00e1ra. E rendezv\u00e9nyeken int\u00e9zm\u00e9ny\u00fcnk vezet\u0151i v\u00e1laszolnak a tanul\u00f3k k\u00e9rd\u00e9seire, \u00e9s k\u00f6z\u00f6sen keresnek megold\u00e1sokat a felmer\u00fcl\u0151 probl\u00e9m\u00e1kra. A kellemetlenebb feladatok k\u00f6z\u00e9 tartozik a k\u00fcl\u00f6nb\u00f6z\u0151 fegyelmi t\u00e1rgyal\u00e1sokon val\u00f3 r\u00e9szv\u00e9tel. A fegyelmi elj\u00e1r\u00e1s alatt a bajba ker\u00fclt di\u00e1kok \u00e9rdekeit pr\u00f3b\u00e1lj\u00e1k k\u00e9pviselni, \u00e9s elmondj\u00e1k a v\u00e9lem\u00e9ny\u00fcnket az adott t\u00e9m\u00e1ban.<br \/>A D\u00d6K nem csak az int\u00e9zm\u00e9nyen bel\u00fcl, hanem <strong>v\u00e1rosi \u00e9s orsz\u00e1gos szinten is k\u00e9pviselteti mag\u00e1t a k\u00fcl\u00f6nb\u00f6z\u0151 di\u00e1kf\u00f3rumokon<\/strong>. <br \/><em>A Di\u00e1k\u00f6nkorm\u00e1nyzat eln\u00f6kei:<\/em><br \/><em>2000\u20132001 Simon Zolt\u00e1n<\/em><br \/><em>2001\u20132002 Koczor J\u00e1nos<\/em><br \/><em>2002\u20132003 K\u00e1ntor G\u00e1bor<\/em><br \/><em>2003\u20132004 Tak\u00e1cs P\u00e9ter<\/em><br \/><em>2004\u20132005 Tak\u00e1cs P\u00e9ter<\/em><br \/><em>2005\u20132006 Kiss D\u00e1niel<\/em><br \/><em>2006-2007 Szekeres Gerg\u0151<\/em><br \/><em>2007-2008 Szekeres Gerg\u0151<\/em><br \/><em>2008-2009 Sup\u00e1n \u00c1kos<\/em><br \/><em>2009-2010 H\u00e9ja Vikt\u00f3ria<\/em><br \/><em>2010-2011 N\u00e9meth Viktor<\/em><br \/><em>2011-2012 Varga P\u00e9ter<\/em><br \/><em>2012-2013 Pint\u00e9r B\u00e1lint<\/em><br \/><em>2013-2014 T\u00e1los Tam\u00e1s<\/em><br \/><em>2014-2015 Juh\u00e1sz Tam\u00e1s<\/em><br \/><em>2015-2016 Turi Csaba<\/em><br \/><em>2016-2017 Eperjes Adrienn<\/em><br \/><em>2017-2018 Kasz\u00e1s Gerg\u0151<\/em><br \/><em>2018-2019 Kasz\u00e1s Gerg\u0151<\/em><\/p>\n<\/li>\n<li><em>2019-2020 G\u00e1l Gergely <\/em><\/li>\n<li><em>2020-2021 G\u00e1l Gergely<\/em><\/li>\n<li><em>2021-2022 Sereg\u00e9ly Bal\u00e1zs<\/em><\/li>\n<li><em>2022-2023 Sereg\u00e9ly Bal\u00e1zs<\/em><\/li>\n<li><em>2023-2024 Farkas Gerg\u0151<\/em><\/li>\n<li><em>2024-2025 T\u00f6r\u00f6k Levente <\/em><\/li>\n<li><em>2025-2026 Laki Csenge<\/em><\/li>\n<\/ul>\n<h2>D\u00d6K tagok<\/h2>\n<ul>\n<li><em>eln\u00f6k: Laki Csenge<\/em><em><br \/><\/em><\/li>\n<li><em>aleln\u00f6k: Moln\u00e1r Zsombor Vata<\/em><\/li>\n<li><em>Dunai Luca<\/em><\/li>\n<li><em>Herbent Bence<\/em><\/li>\n<li><em>Vir\u00e1nyi-Szab\u00f3 Zsombor<\/em><em><br \/><\/em><\/li>\n<\/ul>\n\n\n<p><\/p>\n","protected":false},"excerpt":{"rendered":"<p>A Di\u00e1k\u00f6nkorm\u00e1nyzat m\u0171k\u00f6d\u00e9se T\u00e1rsadalmunkban egyre nagyobb szerepet kapnak a di\u00e1kjogok. A di\u00e1kok jogainak \u00e9rv\u00e9nyes\u00edt\u00e9s\u00e9ben seg\u00edthet az int\u00e9zm\u00e9nyekben megalakul\u00f3 \u00e9s hat\u00e9konyan m\u0171k\u00f6d\u0151 di\u00e1k\u00f6nkorm\u00e1nyzat. K\u00fcl\u00f6nb\u00f6z\u0151 \u00fcgyekben a hat\u00e1lyos t\u00f6rv\u00e9nyek szerint d\u00f6nt\u00e9si, egyet\u00e9rt\u00e9si \u00e9s v\u00e9lem\u00e9nyez\u00e9si joga van a di\u00e1k\u00f6nkorm\u00e1nyzatnak, amellyel \u00e9lve befoly\u00e1solhatja az int\u00e9zm\u00e9nyben foly\u00f3 munk\u00e1t.A di\u00e1k\u00f6nkorm\u00e1nyzat iskol\u00e1nkban m\u00e1r 1993 \u00f3ta m\u0171k\u00f6dik sikeresen.<span class=\"more-link\"><a href=\"https:\/\/new.rothszki.hu\/index.php\/diakonkormanyzat\/\">Tov\u00e1bb&#8230;<\/a><\/span><\/p>\n","protected":false},"author":2,"featured_media":0,"parent":0,"menu_order":0,"comment_status":"closed","ping_status":"closed","template":"","meta":{"_monsterinsights_skip_tracking":false,"_monsterinsights_sitenote_active":false,"_monsterinsights_sitenote_note":"","_monsterinsights_sitenote_category":0,"footnotes":""},"class_list":["entry","author-wordpress","post-1655","page","type-page","status-publish"],"_links":{"self":[{"href":"https:\/\/new.rothszki.hu\/index.php\/wp-json\/wp\/v2\/pages\/1655","targetHints":{"allow":["GET"]}}],"collection":[{"href":"https:\/\/new.rothszki.hu\/index.php\/wp-json\/wp\/v2\/pages"}],"about":[{"href":"https:\/\/new.rothszki.hu\/index.php\/wp-json\/wp\/v2\/types\/page"}],"author":[{"embeddable":true,"href":"https:\/\/new.rothszki.hu\/index.php\/wp-json\/wp\/v2\/users\/2"}],"replies":[{"embeddable":true,"href":"https:\/\/new.rothszki.hu\/index.php\/wp-json\/wp\/v2\/comments?post=1655"}],"version-history":[{"count":6,"href":"https:\/\/new.rothszki.hu\/index.php\/wp-json\/wp\/v2\/pages\/1655\/revisions"}],"predecessor-version":[{"id":12258,"href":"https:\/\/new.rothszki.hu\/index.php\/wp-json\/wp\/v2\/pages\/1655\/revisions\/12258"}],"wp:attachment":[{"href":"https:\/\/new.rothszki.hu\/index.php\/wp-json\/wp\/v2\/media?parent=1655"}],"curies":[{"name":"wp","href":"https:\/\/api.w.org\/{rel}","templated":true}]}}