{"id":1662,"date":"2018-11-12T07:15:23","date_gmt":"2018-11-12T07:15:23","guid":{"rendered":"http:\/\/localhost\/?page_id=1662"},"modified":"2023-10-19T10:09:19","modified_gmt":"2023-10-19T10:09:19","slug":"nemzetkozi-kapcsolatok","status":"publish","type":"page","link":"https:\/\/new.rothszki.hu\/index.php\/nemzetkozi-kapcsolatok\/","title":{"rendered":"Nemzetk\u00f6zi kapcsolatok"},"content":{"rendered":"<div id=\"c_858\" class=\"text\">\n<h1>N\u00e9metorsz\u00e1gi cseregyakorlatok<\/h1>\n<p>Ez a p\u00e1ly\u00e1zat lehet\u0151s\u00e9get biztos\u00edt erd\u00e9sz szakk\u00e9pz\u00e9sben r\u00e9sztvev\u0151 fiatalok sz\u00e1m\u00e1ra, hogy hat hetes gyakorlatot t\u00f6ltsenek N\u00e9metorsz\u00e1gban. A p\u00e1ly\u00e1zatot a Nemzeti Agr\u00e1rszaktan\u00e1csad\u00e1si, K\u00e9pz\u00e9si \u00e9s Vid\u00e9kfejleszt\u00e9si Int\u00e9zet (NAKVI) (kor\u00e1bban VM VKSZI) koordin\u00e1lja. H\u00e1rom iskola \/Dr\u00e1va V\u00f6lgye Szakk\u00f6z\u00e9piskola Barcs, Sz\u00e9chenyi Zsigmond Szakk\u00f6z\u00e9piskola Sz\u0151cs\u00e9nypuszta \u00e9s a Roth Gyula Szakk\u00f6z\u00e9piskola Sopron\/ vesz r\u00e9szt ebben a p\u00e1ly\u00e1zatban.<br \/>A gyakorlatot egyhetes nyelvi \u00e9s kultur\u00e1lis felk\u00e9sz\u00edt\u00e9s el\u0151zi meg. Ezen kurzust a p\u00e1ly\u00e1zat \u00fan. k\u00f6zvet\u00edt\u0151 partnere szervezi a n\u00e9metorsz\u00e1gi Sanitz-ban. A gyakornokok a k\u00f6rny\u00e9k szok\u00e1saival, n\u00e9met kult\u00far\u00e1val ismerkedhetnek meg, valamint (szak)nyelvi alapoz\u00e1st, ism\u00e9tl\u00e9st kapnak.<br \/>A k\u00f6vetkez\u0151 \u00f6t hetet a tanul\u00f3k kisebb csoportokban k\u00fcl\u00f6nb\u00f6z\u0151 erd\u00e9szetekn\u00e9l t\u00f6ltik, ahol akt\u00edvan bekapcsol\u00f3dnak a gyakornoki munk\u00e1ba.<br \/>A p\u00e1ly\u00e1zat elismer\u00e9sek\u00e9nt a r\u00e9szt vev\u0151 gyakornokok sz\u00e1m\u00e1ra Europass mobilit\u00e1si bizony\u00edtv\u00e1nyt \u00e1ll\u00edtunk ki, illetve \u00e9rt\u00e9kel\u00e9st kapnak a fogad\u00f3helyekr\u0151l is.<br \/>A gyakorlat visszacsatol\u00e1sak\u00e9nt a r\u00e9sztvev\u0151knek szakmai besz\u00e1mol\u00f3t \u00e9s munkanapl\u00f3t kell beny\u00fajtaniuk a p\u00e1ly\u00e1zat koordin\u00e1tora r\u00e9sz\u00e9re.<\/p>\n<\/div>\n<div id=\"c_859\" class=\"documentlist\">\n<h1>Besz\u00e1mol\u00f3k, tapasztalatok<\/h1>\n<h1>AFS<\/h1>\n<\/div>\n\n\n<p>Az AFS (American Field Service) egy\nnemzetk\u00f6zi nonprofit szervezet, mely k\u00f6z\u00e9piskol\u00e1s di\u00e1kok idegen nyelvi\nk\u00f6rnyezetben val\u00f3 tanul\u00e1s\u00e1t szervezi. Alapvet\u0151 \u00e9rt\u00e9kei k\u00f6z\u00e9 tartozik a\nmeg\u00e9rt\u00e9s, a tolerancia \u00e9s a k\u00fcl\u00f6nb\u00f6z\u0151s\u00e9gek elfogad\u00e1sa.<\/p>\n\n\n\n<p>Az I. vil\u00e1gh\u00e1bor\u00fa alatt a francia fronton\nment\u0151sof\u0151rk\u00e9nt \u00f6nk\u00e9ntesked\u0151 amerikai fiatalok hozt\u00e1k l\u00e9tre a szervezetet, innen\nered az angol elnevez\u00e9s. 1947-t\u0151l szerveznek di\u00e1koknak k\u00fclf\u00f6ldi tanul\u00e1si\nlehet\u0151s\u00e9geket. Magyarorsz\u00e1g 1990-ben csatlakozott.&nbsp;A programban a k\u00f6z\u00e9piskol\u00e1s\ndi\u00e1kok fogad\u00f3csal\u00e1dokn\u00e1l laknak, iskol\u00e1ba j\u00e1rnak, alkalmazkodnak egy idegen\nkult\u00far\u00e1hoz, tanulj\u00e1k a nyelvet. Az AFS alapja az \u00f6nk\u00e9ntess\u00e9g, teh\u00e1t nem kapnak\np\u00e9nzt&nbsp;a fogad\u00f3csal\u00e1dok,&nbsp;&nbsp;\u00f6nk\u00e9ntes di\u00e1kok \u00e9s tan\u00e1rok.<\/p>\n\n\n\n<p>Iskol\u00e1nkban a 2012\/2013-as tan\u00e9v \u00f3ta minden \u00e9vben&nbsp;vannak AFS-es &nbsp;di\u00e1kok, volt h\u00e1rom thaif\u00f6ldi, egy&nbsp;brazil, h\u00e1rom indiai, n\u00e9gy t\u00f6r\u00f6k, egy finn, egy szerb \u00e9s egy n\u00e9met tanul\u00f3nk. <\/p>\n\n\n\n<p>A 2019\/2020-as tan\u00e9vben k\u00e9t di\u00e1kunk volt: Burcu \u00d6zg\u00fcden (T\u00f6r\u00f6korsz\u00e1g), Chawintorn Yam-O-Pas (Thaif\u00f6ld). A  2020\/2021- es \u00e9vben ism\u00e9t k\u00e9t di\u00e1kunk volt: Lindsey Greta Stragier Belgiumb\u00f3l, Gudr\u00fan Steina Magn\u00fasd\u00f3ttir pedig Izlandr\u00f3l \u00e9rkezett. A 2021\/2022-es tan\u00e9vben pedig 3 di\u00e1kunk: Ezgisu Cetin (T\u00f6r\u00f6korsz\u00e1g), Zheng Yi Lam (Hongkong) \u00e9s Omar Arafa (Egyiptom).<\/p>\n\n\n\n<p>A 2022\/2023-as tan\u00e9v sor\u00e1n 2 olasz di\u00e1kunk volt: Luna Perillo (11\/B), Stefano Rizzi (10\/B). <\/p>\n\n\n<div class=\"wp-block-image\">\n<figure class=\"aligncenter size-full\"><img loading=\"lazy\" decoding=\"async\" width=\"300\" height=\"400\" src=\"https:\/\/new.rothszki.hu\/wp-content\/uploads\/2022\/09\/afs_ny.jpg\" alt=\"\" class=\"wp-image-8571\" srcset=\"https:\/\/new.rothszki.hu\/wp-content\/uploads\/2022\/09\/afs_ny.jpg 300w, https:\/\/new.rothszki.hu\/wp-content\/uploads\/2022\/09\/afs_ny-225x300.jpg 225w\" sizes=\"auto, (max-width: 300px) 100vw, 300px\" \/><\/figure>\n<\/div>\n\n\n<p>A 2023\/2024-es tan\u00e9vben Areefa Zia Hanan Indon\u00e9zi\u00e1b\u00f3l, \u00e9s Buononanno Gabriele Olaszorsz\u00e1gb\u00f3l \u00e9rkezett hozz\u00e1nk.<\/p>\n\n\n\n<figure class=\"wp-block-gallery has-nested-images columns-default is-cropped wp-block-gallery-1 is-layout-flex wp-block-gallery-is-layout-flex\">\n<figure class=\"wp-block-image size-large\"><img loading=\"lazy\" decoding=\"async\" width=\"300\" height=\"400\" data-id=\"9905\" src=\"https:\/\/new.rothszki.hu\/wp-content\/uploads\/2023\/09\/areefa_wl.jpg\" alt=\"\" class=\"wp-image-9905\" srcset=\"https:\/\/new.rothszki.hu\/wp-content\/uploads\/2023\/09\/areefa_wl.jpg 300w, https:\/\/new.rothszki.hu\/wp-content\/uploads\/2023\/09\/areefa_wl-225x300.jpg 225w\" sizes=\"auto, (max-width: 300px) 100vw, 300px\" \/><figcaption class=\"wp-element-caption\">Refa<\/figcaption><\/figure>\n\n\n\n<figure class=\"wp-block-image size-large\"><img loading=\"lazy\" decoding=\"async\" width=\"480\" height=\"640\" data-id=\"9992\" src=\"https:\/\/new.rothszki.hu\/wp-content\/uploads\/2023\/10\/Buonanno-Gabrielle-rotated.jpg\" alt=\"\" class=\"wp-image-9992\" srcset=\"https:\/\/new.rothszki.hu\/wp-content\/uploads\/2023\/10\/Buonanno-Gabrielle-rotated.jpg 480w, https:\/\/new.rothszki.hu\/wp-content\/uploads\/2023\/10\/Buonanno-Gabrielle-225x300.jpg 225w, https:\/\/new.rothszki.hu\/wp-content\/uploads\/2023\/10\/Buonanno-Gabrielle-413x550.jpg 413w, https:\/\/new.rothszki.hu\/wp-content\/uploads\/2023\/10\/Buonanno-Gabrielle-375x500.jpg 375w\" sizes=\"auto, (max-width: 480px) 100vw, 480px\" \/><figcaption class=\"wp-element-caption\">Gabriele<\/figcaption><\/figure>\n<\/figure>\n\n\n\n<p>M\u00e1s kult\u00far\u00e1k megismer\u00e9s\u00e9t, az elfogad\u00e1st \u00e9s&nbsp;nyitotts\u00e1got iskol\u00e1nk is nagyon fontosnak tartja, a k\u00fclf\u00f6ldi di\u00e1kok \u00fcde sz\u00ednfoltot jelentenek, r\u00e1ad\u00e1sul az angol nyelv gyakorl\u00e1s\u00e1ra is kiv\u00e1l\u00f3 lehet\u0151s\u00e9g ad\u00f3dik.<\/p>\n\n\n\n<figure class=\"wp-block-gallery has-nested-images columns-default is-cropped wp-block-gallery-2 is-layout-flex wp-block-gallery-is-layout-flex\">\n<figure class=\"wp-block-image size-large\"><img loading=\"lazy\" decoding=\"async\" width=\"600\" height=\"449\" data-id=\"5877\" src=\"https:\/\/new.rothszki.hu\/wp-content\/uploads\/2020\/01\/afs_w.jpg\" alt=\"\" class=\"wp-image-5877\" srcset=\"https:\/\/new.rothszki.hu\/wp-content\/uploads\/2020\/01\/afs_w.jpg 600w, https:\/\/new.rothszki.hu\/wp-content\/uploads\/2020\/01\/afs_w-300x225.jpg 300w, https:\/\/new.rothszki.hu\/wp-content\/uploads\/2020\/01\/afs_w-465x348.jpg 465w\" sizes=\"auto, (max-width: 600px) 100vw, 600px\" \/><figcaption class=\"wp-element-caption\">Burcu \u00e9s Chawi<\/figcaption><\/figure>\n\n\n\n<figure class=\"wp-block-image size-large\"><img loading=\"lazy\" decoding=\"async\" width=\"1024\" height=\"762\" data-id=\"6384\" src=\"https:\/\/new.rothszki.hu\/wp-content\/uploads\/2020\/10\/IMG_1934-2-1024x762.jpg\" alt=\"\" class=\"wp-image-6384\" srcset=\"https:\/\/new.rothszki.hu\/wp-content\/uploads\/2020\/10\/IMG_1934-2-1024x762.jpg 1024w, https:\/\/new.rothszki.hu\/wp-content\/uploads\/2020\/10\/IMG_1934-2-300x223.jpg 300w, https:\/\/new.rothszki.hu\/wp-content\/uploads\/2020\/10\/IMG_1934-2-768x572.jpg 768w, https:\/\/new.rothszki.hu\/wp-content\/uploads\/2020\/10\/IMG_1934-2-465x346.jpg 465w, https:\/\/new.rothszki.hu\/wp-content\/uploads\/2020\/10\/IMG_1934-2-672x500.jpg 672w, https:\/\/new.rothszki.hu\/wp-content\/uploads\/2020\/10\/IMG_1934-2.jpg 1486w\" sizes=\"auto, (max-width: 1024px) 100vw, 1024px\" \/><figcaption class=\"wp-element-caption\"> Gudr\u00fan \u00e9s Lindsey<\/figcaption><\/figure>\n<\/figure>\n\n\n\n<figure class=\"wp-block-gallery has-nested-images columns-default is-cropped wp-block-gallery-3 is-layout-flex wp-block-gallery-is-layout-flex\">\n<figure class=\"wp-block-image size-large\"><img loading=\"lazy\" decoding=\"async\" width=\"1024\" height=\"768\" data-id=\"7591\" src=\"https:\/\/new.rothszki.hu\/wp-content\/uploads\/2021\/11\/afs2021-1024x768.jpg\" alt=\"\" class=\"wp-image-7591\" srcset=\"https:\/\/new.rothszki.hu\/wp-content\/uploads\/2021\/11\/afs2021-1024x768.jpg 1024w, https:\/\/new.rothszki.hu\/wp-content\/uploads\/2021\/11\/afs2021-300x225.jpg 300w, https:\/\/new.rothszki.hu\/wp-content\/uploads\/2021\/11\/afs2021-768x576.jpg 768w, https:\/\/new.rothszki.hu\/wp-content\/uploads\/2021\/11\/afs2021-1536x1152.jpg 1536w, https:\/\/new.rothszki.hu\/wp-content\/uploads\/2021\/11\/afs2021-465x349.jpg 465w, https:\/\/new.rothszki.hu\/wp-content\/uploads\/2021\/11\/afs2021-667x500.jpg 667w, https:\/\/new.rothszki.hu\/wp-content\/uploads\/2021\/11\/afs2021.jpg 2016w\" sizes=\"auto, (max-width: 1024px) 100vw, 1024px\" \/><figcaption class=\"wp-element-caption\">Omar, Yennie \u00e9s Ezgi<\/figcaption><\/figure>\n<\/figure>\n\n\n\n<p>A Roth Gyula Szakgimn\u00e1zium az AFS kiemelt partneriskol\u00e1ja. A 2018\/2019. tan\u00e9v \u00e9vnyit\u00f3 \u00fcnneps\u00e9g\u00e9n az AFS Magyarorsz\u00e1g Kurat\u00f3rium\u00e1nak eln\u00f6ke, Csaba Gergely eml\u00e9kt\u00e1bl\u00e1t adott \u00e1t iskol\u00e1nk igazgat\u00f3j\u00e1nak.\u200b<\/p>\n\n\n\n<figure class=\"wp-block-image size-large\"><img loading=\"lazy\" decoding=\"async\" width=\"1024\" height=\"683\" src=\"https:\/\/new.rothszki.hu\/wp-content\/uploads\/2020\/10\/IMG_9806_resize-1024x683.jpg\" alt=\"\" class=\"wp-image-6382\" srcset=\"https:\/\/new.rothszki.hu\/wp-content\/uploads\/2020\/10\/IMG_9806_resize-1024x683.jpg 1024w, https:\/\/new.rothszki.hu\/wp-content\/uploads\/2020\/10\/IMG_9806_resize-300x200.jpg 300w, https:\/\/new.rothszki.hu\/wp-content\/uploads\/2020\/10\/IMG_9806_resize-768x512.jpg 768w, https:\/\/new.rothszki.hu\/wp-content\/uploads\/2020\/10\/IMG_9806_resize-465x310.jpg 465w, https:\/\/new.rothszki.hu\/wp-content\/uploads\/2020\/10\/IMG_9806_resize-695x463.jpg 695w, https:\/\/new.rothszki.hu\/wp-content\/uploads\/2020\/10\/IMG_9806_resize.jpg 1500w\" sizes=\"auto, (max-width: 1024px) 100vw, 1024px\" \/><\/figure>\n","protected":false},"excerpt":{"rendered":"<p>N\u00e9metorsz\u00e1gi cseregyakorlatok Ez a p\u00e1ly\u00e1zat lehet\u0151s\u00e9get biztos\u00edt erd\u00e9sz szakk\u00e9pz\u00e9sben r\u00e9sztvev\u0151 fiatalok sz\u00e1m\u00e1ra, hogy hat hetes gyakorlatot t\u00f6ltsenek N\u00e9metorsz\u00e1gban. A p\u00e1ly\u00e1zatot a Nemzeti Agr\u00e1rszaktan\u00e1csad\u00e1si, K\u00e9pz\u00e9si \u00e9s Vid\u00e9kfejleszt\u00e9si Int\u00e9zet (NAKVI) (kor\u00e1bban VM VKSZI) koordin\u00e1lja. H\u00e1rom iskola \/Dr\u00e1va V\u00f6lgye Szakk\u00f6z\u00e9piskola Barcs, Sz\u00e9chenyi Zsigmond Szakk\u00f6z\u00e9piskola Sz\u0151cs\u00e9nypuszta \u00e9s a Roth Gyula Szakk\u00f6z\u00e9piskola Sopron\/ vesz r\u00e9szt<span class=\"more-link\"><a href=\"https:\/\/new.rothszki.hu\/index.php\/nemzetkozi-kapcsolatok\/\">Tov\u00e1bb&#8230;<\/a><\/span><\/p>\n","protected":false},"author":2,"featured_media":0,"parent":0,"menu_order":0,"comment_status":"closed","ping_status":"closed","template":"","meta":{"_monsterinsights_skip_tracking":false,"_monsterinsights_sitenote_active":false,"_monsterinsights_sitenote_note":"","_monsterinsights_sitenote_category":0,"footnotes":""},"class_list":["entry","author-wordpress","post-1662","page","type-page","status-publish"],"_links":{"self":[{"href":"https:\/\/new.rothszki.hu\/index.php\/wp-json\/wp\/v2\/pages\/1662","targetHints":{"allow":["GET"]}}],"collection":[{"href":"https:\/\/new.rothszki.hu\/index.php\/wp-json\/wp\/v2\/pages"}],"about":[{"href":"https:\/\/new.rothszki.hu\/index.php\/wp-json\/wp\/v2\/types\/page"}],"author":[{"embeddable":true,"href":"https:\/\/new.rothszki.hu\/index.php\/wp-json\/wp\/v2\/users\/2"}],"replies":[{"embeddable":true,"href":"https:\/\/new.rothszki.hu\/index.php\/wp-json\/wp\/v2\/comments?post=1662"}],"version-history":[{"count":15,"href":"https:\/\/new.rothszki.hu\/index.php\/wp-json\/wp\/v2\/pages\/1662\/revisions"}],"predecessor-version":[{"id":9994,"href":"https:\/\/new.rothszki.hu\/index.php\/wp-json\/wp\/v2\/pages\/1662\/revisions\/9994"}],"wp:attachment":[{"href":"https:\/\/new.rothszki.hu\/index.php\/wp-json\/wp\/v2\/media?parent=1662"}],"curies":[{"name":"wp","href":"https:\/\/api.w.org\/{rel}","templated":true}]}}