{"id":1678,"date":"2018-11-13T06:31:54","date_gmt":"2018-11-13T06:31:54","guid":{"rendered":"http:\/\/localhost\/?page_id=1678"},"modified":"2021-11-10T12:30:27","modified_gmt":"2021-11-10T12:30:27","slug":"nyilvanos-dokumentumok","status":"publish","type":"page","link":"https:\/\/new.rothszki.hu\/index.php\/nyilvanos-dokumentumok\/","title":{"rendered":"Nyilv\u00e1nos dokumentumok"},"content":{"rendered":"\n<h2 class=\"wp-block-heading\">Szakmai Program \u00e9s mell\u00e9kletei<\/h2>\n\n\n<div class=\"hootslider-carousel-wrapper\">\r\n<ul class=\"lightSlider shortcode-hootslider\" data-source=\"shortcode\" data-slider_id=\"3247\" data-type=\"carousel\" data-class=\"shortcode-hootslider\" data-auto=\"false\" data-pause=\"5000\" data-adaptiveheight=\"true\" data-item=\"7\" data-display=\"slides\" data-posts=\"10\" data-category=\"0\" data-content_bg=\"light-on-dark\" data-html_content_type=\"excerpt\" data-excerptlength=\"0\" data-slidemove=\"1\" data-template=\"premium\/template-parts\/slider-carousel\">\t\t\t<li class=\"lightSlide hootslider-carousel-slide hootslider-carousel-slide-1\">\r\n\t\t\t\t<div class=\"lightSlideCarousel highlightx-typo\">\r\n\r\n\t\t\t\t\t\t\t\t\t\t\t<div class=\"hootslider-carousel-slide-image\">\r\n\t\t\t\t\t\t\t<a href=\"https:\/\/new.rothszki.hu\/wp-content\/uploads\/2024\/12\/Szakmai-program-ROTH_2024-2025.pdf\" class=\"hootslider-carousel-slide-link\">\t\t\t\t\t\t\t<img loading=\"lazy\" decoding=\"async\" width=\"225\" height=\"225\" src=\"https:\/\/new.rothszki.hu\/wp-content\/uploads\/2018\/12\/dosszie.png\" class=\"hootslider-carousel-slide-img\" alt=\"\" srcset=\"https:\/\/new.rothszki.hu\/wp-content\/uploads\/2018\/12\/dosszie.png 225w, https:\/\/new.rothszki.hu\/wp-content\/uploads\/2018\/12\/dosszie-150x150.png 150w\" sizes=\"auto, (max-width: 225px) 100vw, 225px\" \/>\t\t\t\t\t\t\t<\/a>\t\t\t\t\t\t<\/div>\r\n\t\t\t\t\t\r\n\t\t\t\t\t\t\t\t\t\t\t<div class=\"hootslider-carousel-slide-content\">\r\n\t\t\t\t\t\t\t<h3>Szakmai program<\/h3><\/p>\n\t\t\t\t\t\t<\/div>\r\n\t\t\t\t\t\r\n\t\t\t\t<\/div>\r\n\t\t\t<\/li>\t\t\t<li class=\"lightSlide hootslider-carousel-slide hootslider-carousel-slide-2\">\r\n\t\t\t\t<div class=\"lightSlideCarousel highlightx-typo\">\r\n\r\n\t\t\t\t\t\t\t\t\t\t\t<div class=\"hootslider-carousel-slide-image\">\r\n\t\t\t\t\t\t\t<a href=\"https:\/\/new.rothszki.hu\/wp-content\/uploads\/2024\/12\/SZP-mellekletek-Roth_2024-2025.pdf\" class=\"hootslider-carousel-slide-link\">\t\t\t\t\t\t\t<img loading=\"lazy\" decoding=\"async\" width=\"225\" height=\"225\" src=\"https:\/\/new.rothszki.hu\/wp-content\/uploads\/2018\/12\/dosszie.png\" class=\"hootslider-carousel-slide-img\" alt=\"\" srcset=\"https:\/\/new.rothszki.hu\/wp-content\/uploads\/2018\/12\/dosszie.png 225w, https:\/\/new.rothszki.hu\/wp-content\/uploads\/2018\/12\/dosszie-150x150.png 150w\" sizes=\"auto, (max-width: 225px) 100vw, 225px\" \/>\t\t\t\t\t\t\t<\/a>\t\t\t\t\t\t<\/div>\r\n\t\t\t\t\t\r\n\t\t\t\t\t\t\t\t\t\t\t<div class=\"hootslider-carousel-slide-content\">\r\n\t\t\t\t\t\t\t<h3>Mell\u00e9kletek<\/h3><\/p>\n\t\t\t\t\t\t<\/div>\r\n\t\t\t\t\t\r\n\t\t\t\t<\/div>\r\n\t\t\t<\/li><\/ul>\r\n<\/div>\n\n\n\n<h2 class=\"wp-block-heading\">Szervezeti \u00e9s M\u0171k\u00f6d\u00e9si Szab\u00e1lyzat \u00e9s mell\u00e9kletei<\/h2>\n\n\n<div class=\"hootslider-carousel-wrapper\">\r\n<ul class=\"lightSlider shortcode-hootslider\" data-source=\"shortcode\" data-slider_id=\"3264\" data-type=\"carousel\" data-class=\"shortcode-hootslider\" data-auto=\"false\" data-pause=\"5000\" data-adaptiveheight=\"true\" data-item=\"7\" data-display=\"slides\" data-posts=\"10\" data-category=\"0\" data-content_bg=\"light-on-dark\" data-html_content_type=\"excerpt\" data-excerptlength=\"0\" data-slidemove=\"1\" data-template=\"premium\/template-parts\/slider-carousel\">\t\t\t<li class=\"lightSlide hootslider-carousel-slide hootslider-carousel-slide-1\">\r\n\t\t\t\t<div class=\"lightSlideCarousel highlightx-typo\">\r\n\r\n\t\t\t\t\t\t\t\t\t\t\t<div class=\"hootslider-carousel-slide-image\">\r\n\t\t\t\t\t\t\t<a href=\"https:\/\/new.rothszki.hu\/wp-content\/uploads\/2024\/12\/SzMSz_Roth_2024-2025.pdf\" class=\"hootslider-carousel-slide-link\">\t\t\t\t\t\t\t<img loading=\"lazy\" decoding=\"async\" width=\"225\" height=\"225\" src=\"https:\/\/new.rothszki.hu\/wp-content\/uploads\/2018\/12\/dosszie.png\" class=\"hootslider-carousel-slide-img\" alt=\"\" srcset=\"https:\/\/new.rothszki.hu\/wp-content\/uploads\/2018\/12\/dosszie.png 225w, https:\/\/new.rothszki.hu\/wp-content\/uploads\/2018\/12\/dosszie-150x150.png 150w\" sizes=\"auto, (max-width: 225px) 100vw, 225px\" \/>\t\t\t\t\t\t\t<\/a>\t\t\t\t\t\t<\/div>\r\n\t\t\t\t\t\r\n\t\t\t\t\t\t\t\t\t\t\t<div class=\"hootslider-carousel-slide-content\">\r\n\t\t\t\t\t\t\t<h3>Szervezeti \u00e9s M\u0171k\u00f6d\u00e9si Szab\u00e1lyzat<\/h3><\/p>\n\t\t\t\t\t\t<\/div>\r\n\t\t\t\t\t\r\n\t\t\t\t<\/div>\r\n\t\t\t<\/li><\/ul>\r\n<\/div>\n\n\n<div class=\"hootslider-carousel-wrapper\">\r\n<ul class=\"lightSlider shortcode-hootslider\" data-source=\"shortcode\" data-slider_id=\"3272\" data-type=\"carousel\" data-class=\"shortcode-hootslider\" data-auto=\"false\" data-pause=\"5000\" data-adaptiveheight=\"true\" data-item=\"7\" data-display=\"slides\" data-posts=\"10\" data-category=\"0\" data-content_bg=\"light-on-dark\" data-html_content_type=\"excerpt\" data-excerptlength=\"0\" data-slidemove=\"1\" data-template=\"premium\/template-parts\/slider-carousel\">\t\t\t<li class=\"lightSlide hootslider-carousel-slide hootslider-carousel-slide-1\">\r\n\t\t\t\t<div class=\"lightSlideCarousel highlightx-typo\">\r\n\r\n\t\t\t\t\t\t\t\t\t\t\t<div class=\"hootslider-carousel-slide-image\">\r\n\t\t\t\t\t\t\t<a href=\"https:\/\/new.rothszki.hu\/wp-content\/uploads\/2024\/12\/Hazirend_Roth_24-25.pdf\" class=\"hootslider-carousel-slide-link\">\t\t\t\t\t\t\t<img loading=\"lazy\" decoding=\"async\" width=\"225\" height=\"225\" src=\"https:\/\/new.rothszki.hu\/wp-content\/uploads\/2018\/12\/dosszie.png\" class=\"hootslider-carousel-slide-img\" alt=\"\" srcset=\"https:\/\/new.rothszki.hu\/wp-content\/uploads\/2018\/12\/dosszie.png 225w, https:\/\/new.rothszki.hu\/wp-content\/uploads\/2018\/12\/dosszie-150x150.png 150w\" sizes=\"auto, (max-width: 225px) 100vw, 225px\" \/>\t\t\t\t\t\t\t<\/a>\t\t\t\t\t\t<\/div>\r\n\t\t\t\t\t\r\n\t\t\t\t\t\t\t\t\t\t\t<div class=\"hootslider-carousel-slide-content\">\r\n\t\t\t\t\t\t\t<h3>H\u00e1zirend<\/h3>\n<p>.<\/p>\n\t\t\t\t\t\t<\/div>\r\n\t\t\t\t\t\r\n\t\t\t\t<\/div>\r\n\t\t\t<\/li>\t\t\t<li class=\"lightSlide hootslider-carousel-slide hootslider-carousel-slide-2\">\r\n\t\t\t\t<div class=\"lightSlideCarousel highlightx-typo\">\r\n\r\n\t\t\t\t\t\t\t\t\t\t\t<div class=\"hootslider-carousel-slide-image\">\r\n\t\t\t\t\t\t\t<a href=\"https:\/\/new.rothszki.hu\/wp-content\/uploads\/2019\/01\/1_melleklet.pdf\" class=\"hootslider-carousel-slide-link\">\t\t\t\t\t\t\t<img loading=\"lazy\" decoding=\"async\" width=\"225\" height=\"225\" src=\"https:\/\/new.rothszki.hu\/wp-content\/uploads\/2018\/12\/dosszie.png\" class=\"hootslider-carousel-slide-img\" alt=\"\" srcset=\"https:\/\/new.rothszki.hu\/wp-content\/uploads\/2018\/12\/dosszie.png 225w, https:\/\/new.rothszki.hu\/wp-content\/uploads\/2018\/12\/dosszie-150x150.png 150w\" sizes=\"auto, (max-width: 225px) 100vw, 225px\" \/>\t\t\t\t\t\t\t<\/a>\t\t\t\t\t\t<\/div>\r\n\t\t\t\t\t\r\n\t\t\t\t\t\t\t\t\t\t\t<div class=\"hootslider-carousel-slide-content\">\r\n\t\t\t\t\t\t\t<h3>1. sz\u00e1m\u00fa mell\u00e9klet<\/h3>\n<p>Koll\u00e9giumi H\u00e1zirend mell\u00e9klete.<\/p>\n\t\t\t\t\t\t<\/div>\r\n\t\t\t\t\t\r\n\t\t\t\t<\/div>\r\n\t\t\t<\/li>\t\t\t<li class=\"lightSlide hootslider-carousel-slide hootslider-carousel-slide-3\">\r\n\t\t\t\t<div class=\"lightSlideCarousel highlightx-typo\">\r\n\r\n\t\t\t\t\t\t\t\t\t\t\t<div class=\"hootslider-carousel-slide-image\">\r\n\t\t\t\t\t\t\t<a href=\"https:\/\/new.rothszki.hu\/wp-content\/uploads\/2019\/01\/2mell-koll_hazirend.pdf\" class=\"hootslider-carousel-slide-link\">\t\t\t\t\t\t\t<img loading=\"lazy\" decoding=\"async\" width=\"225\" height=\"225\" src=\"https:\/\/new.rothszki.hu\/wp-content\/uploads\/2018\/12\/dosszie.png\" class=\"hootslider-carousel-slide-img\" alt=\"\" srcset=\"https:\/\/new.rothszki.hu\/wp-content\/uploads\/2018\/12\/dosszie.png 225w, https:\/\/new.rothszki.hu\/wp-content\/uploads\/2018\/12\/dosszie-150x150.png 150w\" sizes=\"auto, (max-width: 225px) 100vw, 225px\" \/>\t\t\t\t\t\t\t<\/a>\t\t\t\t\t\t<\/div>\r\n\t\t\t\t\t\r\n\t\t\t\t\t\t\t\t\t\t\t<div class=\"hootslider-carousel-slide-content\">\r\n\t\t\t\t\t\t\t<h3>2. sz\u00e1m\u00fa mell\u00e9klet<\/h3>\n<p>Koll\u00e9giumi H\u00e1zirend mell\u00e9klete.<\/p>\n\t\t\t\t\t\t<\/div>\r\n\t\t\t\t\t\r\n\t\t\t\t<\/div>\r\n\t\t\t<\/li>\t\t\t<li class=\"lightSlide hootslider-carousel-slide hootslider-carousel-slide-4\">\r\n\t\t\t\t<div class=\"lightSlideCarousel highlightx-typo\">\r\n\r\n\t\t\t\t\t\t\t\t\t\t\t<div class=\"hootslider-carousel-slide-image\">\r\n\t\t\t\t\t\t\t<a href=\"https:\/\/new.rothszki.hu\/wp-content\/uploads\/2019\/01\/3mell-_koll_hazirend.pdf\" class=\"hootslider-carousel-slide-link\">\t\t\t\t\t\t\t<img loading=\"lazy\" decoding=\"async\" width=\"225\" height=\"225\" src=\"https:\/\/new.rothszki.hu\/wp-content\/uploads\/2018\/12\/dosszie.png\" class=\"hootslider-carousel-slide-img\" alt=\"\" srcset=\"https:\/\/new.rothszki.hu\/wp-content\/uploads\/2018\/12\/dosszie.png 225w, https:\/\/new.rothszki.hu\/wp-content\/uploads\/2018\/12\/dosszie-150x150.png 150w\" sizes=\"auto, (max-width: 225px) 100vw, 225px\" \/>\t\t\t\t\t\t\t<\/a>\t\t\t\t\t\t<\/div>\r\n\t\t\t\t\t\r\n\t\t\t\t\t\t\t\t\t\t\t<div class=\"hootslider-carousel-slide-content\">\r\n\t\t\t\t\t\t\t<h3>3. sz\u00e1m\u00fa mell\u00e9klet<\/h3>\n<p>Koll\u00e9giumi H\u00e1zirend mell\u00e9klete.<\/p>\n\t\t\t\t\t\t<\/div>\r\n\t\t\t\t\t\r\n\t\t\t\t<\/div>\r\n\t\t\t<\/li>\t\t\t<li class=\"lightSlide hootslider-carousel-slide hootslider-carousel-slide-5\">\r\n\t\t\t\t<div class=\"lightSlideCarousel highlightx-typo\">\r\n\r\n\t\t\t\t\t\t\t\t\t\t\t<div class=\"hootslider-carousel-slide-image\">\r\n\t\t\t\t\t\t\t<a href=\"https:\/\/new.rothszki.hu\/wp-content\/uploads\/2019\/01\/4_melleklet.pdf\" class=\"hootslider-carousel-slide-link\">\t\t\t\t\t\t\t<img loading=\"lazy\" decoding=\"async\" width=\"225\" height=\"225\" src=\"https:\/\/new.rothszki.hu\/wp-content\/uploads\/2018\/12\/dosszie.png\" class=\"hootslider-carousel-slide-img\" alt=\"\" srcset=\"https:\/\/new.rothszki.hu\/wp-content\/uploads\/2018\/12\/dosszie.png 225w, https:\/\/new.rothszki.hu\/wp-content\/uploads\/2018\/12\/dosszie-150x150.png 150w\" sizes=\"auto, (max-width: 225px) 100vw, 225px\" \/>\t\t\t\t\t\t\t<\/a>\t\t\t\t\t\t<\/div>\r\n\t\t\t\t\t\r\n\t\t\t\t\t\t\t\t\t\t\t<div class=\"hootslider-carousel-slide-content\">\r\n\t\t\t\t\t\t\t<h3>4. sz\u00e1m\u00fa mell\u00e9klet<\/h3>\n<p>Koll\u00e9giumi H\u00e1zirend mell\u00e9klete.<\/p>\n\t\t\t\t\t\t<\/div>\r\n\t\t\t\t\t\r\n\t\t\t\t<\/div>\r\n\t\t\t<\/li>\t\t\t<li class=\"lightSlide hootslider-carousel-slide hootslider-carousel-slide-6\">\r\n\t\t\t\t<div class=\"lightSlideCarousel highlightx-typo\">\r\n\r\n\t\t\t\t\t\t\t\t\t\t\t<div class=\"hootslider-carousel-slide-image\">\r\n\t\t\t\t\t\t\t<a href=\"https:\/\/new.rothszki.hu\/wp-content\/uploads\/2019\/01\/5_melleklet.pdf\" class=\"hootslider-carousel-slide-link\">\t\t\t\t\t\t\t<img loading=\"lazy\" decoding=\"async\" width=\"225\" height=\"225\" src=\"https:\/\/new.rothszki.hu\/wp-content\/uploads\/2018\/12\/dosszie.png\" class=\"hootslider-carousel-slide-img\" alt=\"\" srcset=\"https:\/\/new.rothszki.hu\/wp-content\/uploads\/2018\/12\/dosszie.png 225w, https:\/\/new.rothszki.hu\/wp-content\/uploads\/2018\/12\/dosszie-150x150.png 150w\" sizes=\"auto, (max-width: 225px) 100vw, 225px\" \/>\t\t\t\t\t\t\t<\/a>\t\t\t\t\t\t<\/div>\r\n\t\t\t\t\t\r\n\t\t\t\t\t\t\t\t\t\t\t<div class=\"hootslider-carousel-slide-content\">\r\n\t\t\t\t\t\t\t<h3>5. sz\u00e1m\u00fa mell\u00e9klet<\/h3>\n<p>Koll\u00e9giumi H\u00e1zirend mell\u00e9klete.<\/p>\n\t\t\t\t\t\t<\/div>\r\n\t\t\t\t\t\r\n\t\t\t\t<\/div>\r\n\t\t\t<\/li><\/ul>\r\n<\/div>\n\n\n\n<h2 class=\"wp-block-heading\">Egy\u00e9b szab\u00e1lyzatok<\/h2>\n\n\n\n<h2 class=\"wp-block-heading\">Egy\u00e9b dokumentumok<\/h2>\n\n\n<div class=\"hootslider-carousel-wrapper\">\r\n<ul class=\"lightSlider shortcode-hootslider\" data-source=\"shortcode\" data-slider_id=\"1764\" data-type=\"carousel\" data-class=\"shortcode-hootslider\" data-auto=\"false\" data-pause=\"5000\" data-adaptiveheight=\"true\" data-item=\"7\" data-display=\"slides\" data-posts=\"10\" data-category=\"0\" data-content_bg=\"light-on-dark\" data-html_content_type=\"excerpt\" data-excerptlength=\"0\" data-slidemove=\"1\" data-template=\"premium\/template-parts\/slider-carousel\">\t\t\t<li class=\"lightSlide hootslider-carousel-slide hootslider-carousel-slide-1\">\r\n\t\t\t\t<div class=\"lightSlideCarousel highlightx-typo\">\r\n\r\n\t\t\t\t\t\t\t\t\t\t\t<div class=\"hootslider-carousel-slide-image\">\r\n\t\t\t\t\t\t\t<a href=\"https:\/\/new.rothszki.hu\/wp-content\/uploads\/2019\/02\/kozossegi_szolgalat_szabalyzat.pdf\" class=\"hootslider-carousel-slide-link\">\t\t\t\t\t\t\t<img loading=\"lazy\" decoding=\"async\" width=\"225\" height=\"225\" src=\"https:\/\/new.rothszki.hu\/wp-content\/uploads\/2018\/12\/dosszie.png\" class=\"hootslider-carousel-slide-img\" alt=\"\" srcset=\"https:\/\/new.rothszki.hu\/wp-content\/uploads\/2018\/12\/dosszie.png 225w, https:\/\/new.rothszki.hu\/wp-content\/uploads\/2018\/12\/dosszie-150x150.png 150w\" sizes=\"auto, (max-width: 225px) 100vw, 225px\" \/>\t\t\t\t\t\t\t<\/a>\t\t\t\t\t\t<\/div>\r\n\t\t\t\t\t\r\n\t\t\t\t\t\t\t\t\t\t\t<div class=\"hootslider-carousel-slide-content\">\r\n\t\t\t\t\t\t\t<h3>K\u00f6z\u00f6ss\u00e9gi Szolg\u00e1lat Szab\u00e1lyzata<\/h3>\n\t\t\t\t\t\t<\/div>\r\n\t\t\t\t\t\r\n\t\t\t\t<\/div>\r\n\t\t\t<\/li>\t\t\t<li class=\"lightSlide hootslider-carousel-slide hootslider-carousel-slide-2\">\r\n\t\t\t\t<div class=\"lightSlideCarousel highlightx-typo\">\r\n\r\n\t\t\t\t\t\t\t\t\t\t\t<div class=\"hootslider-carousel-slide-image\">\r\n\t\t\t\t\t\t\t<a href=\"https:\/\/new.rothszki.hu\/wp-content\/uploads\/2019\/02\/gyakornoki_szab\u00e1lyzat.pdf\" class=\"hootslider-carousel-slide-link\">\t\t\t\t\t\t\t<img loading=\"lazy\" decoding=\"async\" width=\"225\" height=\"225\" src=\"https:\/\/new.rothszki.hu\/wp-content\/uploads\/2018\/12\/dosszie.png\" class=\"hootslider-carousel-slide-img\" alt=\"\" srcset=\"https:\/\/new.rothszki.hu\/wp-content\/uploads\/2018\/12\/dosszie.png 225w, https:\/\/new.rothszki.hu\/wp-content\/uploads\/2018\/12\/dosszie-150x150.png 150w\" sizes=\"auto, (max-width: 225px) 100vw, 225px\" \/>\t\t\t\t\t\t\t<\/a>\t\t\t\t\t\t<\/div>\r\n\t\t\t\t\t\r\n\t\t\t\t\t\t\t\t\t\t\t<div class=\"hootslider-carousel-slide-content\">\r\n\t\t\t\t\t\t\t<h3>Gyakornoki Szab\u00e1lyzat<\/h3>\n\t\t\t\t\t\t<\/div>\r\n\t\t\t\t\t\r\n\t\t\t\t<\/div>\r\n\t\t\t<\/li>\t\t\t<li class=\"lightSlide hootslider-carousel-slide hootslider-carousel-slide-3\">\r\n\t\t\t\t<div class=\"lightSlideCarousel highlightx-typo\">\r\n\r\n\t\t\t\t\t\t\t\t\t\t\t<div class=\"hootslider-carousel-slide-image\">\r\n\t\t\t\t\t\t\t<a href=\"https:\/\/new.rothszki.hu\/wp-content\/uploads\/2019\/02\/Roth_k\u00f6nyvt\u00e1r_SZMSZ.pdf\" class=\"hootslider-carousel-slide-link\">\t\t\t\t\t\t\t<img loading=\"lazy\" decoding=\"async\" width=\"225\" height=\"225\" src=\"https:\/\/new.rothszki.hu\/wp-content\/uploads\/2018\/12\/dosszie.png\" class=\"hootslider-carousel-slide-img\" alt=\"\" srcset=\"https:\/\/new.rothszki.hu\/wp-content\/uploads\/2018\/12\/dosszie.png 225w, https:\/\/new.rothszki.hu\/wp-content\/uploads\/2018\/12\/dosszie-150x150.png 150w\" sizes=\"auto, (max-width: 225px) 100vw, 225px\" \/>\t\t\t\t\t\t\t<\/a>\t\t\t\t\t\t<\/div>\r\n\t\t\t\t\t\r\n\t\t\t\t\t\t\t\t\t\t\t<div class=\"hootslider-carousel-slide-content\">\r\n\t\t\t\t\t\t\t<h3>K\u00f6nyvt\u00e1r SZMSZ<\/h3>\n\t\t\t\t\t\t<\/div>\r\n\t\t\t\t\t\r\n\t\t\t\t<\/div>\r\n\t\t\t<\/li>\t\t\t<li class=\"lightSlide hootslider-carousel-slide hootslider-carousel-slide-4\">\r\n\t\t\t\t<div class=\"lightSlideCarousel highlightx-typo\">\r\n\r\n\t\t\t\t\t\t\t\t\t\t\t<div class=\"hootslider-carousel-slide-image\">\r\n\t\t\t\t\t\t\t<a href=\"https:\/\/new.rothszki.hu\/wp-content\/uploads\/2019\/09\/2.m.ADADATV\u00c9DELMI-T\u00c1J\u00c9KOZTAT\u00c1S.pdf\" class=\"hootslider-carousel-slide-link\">\t\t\t\t\t\t\t<img loading=\"lazy\" decoding=\"async\" width=\"225\" height=\"225\" src=\"https:\/\/new.rothszki.hu\/wp-content\/uploads\/2018\/12\/dosszie.png\" class=\"hootslider-carousel-slide-img\" alt=\"\" srcset=\"https:\/\/new.rothszki.hu\/wp-content\/uploads\/2018\/12\/dosszie.png 225w, https:\/\/new.rothszki.hu\/wp-content\/uploads\/2018\/12\/dosszie-150x150.png 150w\" sizes=\"auto, (max-width: 225px) 100vw, 225px\" \/>\t\t\t\t\t\t\t<\/a>\t\t\t\t\t\t<\/div>\r\n\t\t\t\t\t\r\n\t\t\t\t\t\t\t\t\t\t\t<div class=\"hootslider-carousel-slide-content\">\r\n\t\t\t\t\t\t\t<h3>Iskola- Eg\u00e9szs\u00e9g\u00fcgyi Szolg\u00e1lat<\/h3>\n<p> Adatv\u00e9delmi t\u00e1j\u00e9koztat\u00e1s<\/p>\n\t\t\t\t\t\t<\/div>\r\n\t\t\t\t\t\r\n\t\t\t\t<\/div>\r\n\t\t\t<\/li>\t\t\t<li class=\"lightSlide hootslider-carousel-slide hootslider-carousel-slide-5\">\r\n\t\t\t\t<div class=\"lightSlideCarousel highlightx-typo\">\r\n\r\n\t\t\t\t\t\t\t\t\t\t\t<div class=\"hootslider-carousel-slide-image\">\r\n\t\t\t\t\t\t\t<a href=\"https:\/\/new.rothszki.hu\/wp-content\/uploads\/2019\/09\/10.m.Sz\u00fcl\u0151i-t\u00e1j\u00e9koztat\u00f3-r\u00e9szletes.pdf\" class=\"hootslider-carousel-slide-link\">\t\t\t\t\t\t\t<img loading=\"lazy\" decoding=\"async\" width=\"225\" height=\"225\" src=\"https:\/\/new.rothszki.hu\/wp-content\/uploads\/2018\/12\/dosszie.png\" class=\"hootslider-carousel-slide-img\" alt=\"\" srcset=\"https:\/\/new.rothszki.hu\/wp-content\/uploads\/2018\/12\/dosszie.png 225w, https:\/\/new.rothszki.hu\/wp-content\/uploads\/2018\/12\/dosszie-150x150.png 150w\" sizes=\"auto, (max-width: 225px) 100vw, 225px\" \/>\t\t\t\t\t\t\t<\/a>\t\t\t\t\t\t<\/div>\r\n\t\t\t\t\t\r\n\t\t\t\t\t\t\t\t\t\t\t<div class=\"hootslider-carousel-slide-content\">\r\n\t\t\t\t\t\t\t<h3>Iskola- Eg\u00e9szs\u00e9g\u00fcgyi Szolg\u00e1lat<\/h3>\n<p> Sz\u00fcl\u0151i t\u00e1j\u00e9koztat\u00f3 r\u00e9szletes<\/p>\n\t\t\t\t\t\t<\/div>\r\n\t\t\t\t\t\r\n\t\t\t\t<\/div>\r\n\t\t\t<\/li>\t\t\t<li class=\"lightSlide hootslider-carousel-slide hootslider-carousel-slide-6\">\r\n\t\t\t\t<div class=\"lightSlideCarousel highlightx-typo\">\r\n\r\n\t\t\t\t\t\t\t\t\t\t\t<div class=\"hootslider-carousel-slide-image\">\r\n\t\t\t\t\t\t\t<a href=\"https:\/\/new.rothszki.hu\/wp-content\/uploads\/2022\/11\/Energiaracionalizalasi-intezkedesi-terv_ROTH_okt24..pdf\" class=\"hootslider-carousel-slide-link\">\t\t\t\t\t\t\t<img loading=\"lazy\" decoding=\"async\" width=\"225\" height=\"225\" src=\"https:\/\/new.rothszki.hu\/wp-content\/uploads\/2018\/12\/dosszie.png\" class=\"hootslider-carousel-slide-img\" alt=\"\" srcset=\"https:\/\/new.rothszki.hu\/wp-content\/uploads\/2018\/12\/dosszie.png 225w, https:\/\/new.rothszki.hu\/wp-content\/uploads\/2018\/12\/dosszie-150x150.png 150w\" sizes=\"auto, (max-width: 225px) 100vw, 225px\" \/>\t\t\t\t\t\t\t<\/a>\t\t\t\t\t\t<\/div>\r\n\t\t\t\t\t\r\n\t\t\t\t\t\t\t\t\t\t\t<div class=\"hootslider-carousel-slide-content\">\r\n\t\t\t\t\t\t\t<h3>Int\u00e9zked\u00e9si Terv<\/h3>\n<p>Energiaracionaliz\u00e1l\u00e1si int\u00e9zked\u00e9si terv<\/p>\n\t\t\t\t\t\t<\/div>\r\n\t\t\t\t\t\r\n\t\t\t\t<\/div>\r\n\t\t\t<\/li>\t\t\t<li class=\"lightSlide hootslider-carousel-slide hootslider-carousel-slide-7\">\r\n\t\t\t\t<div class=\"lightSlideCarousel highlightx-typo\">\r\n\r\n\t\t\t\t\t\t\t\t\t\t\t<div class=\"hootslider-carousel-slide-image\">\r\n\t\t\t\t\t\t\t<a href=\"https:\/\/new.rothszki.hu\/wp-content\/uploads\/2023\/04\/MAGATARTASI-KODEX.pdf\" class=\"hootslider-carousel-slide-link\">\t\t\t\t\t\t\t<img loading=\"lazy\" decoding=\"async\" width=\"225\" height=\"225\" src=\"https:\/\/new.rothszki.hu\/wp-content\/uploads\/2018\/12\/dosszie.png\" class=\"hootslider-carousel-slide-img\" alt=\"\" srcset=\"https:\/\/new.rothszki.hu\/wp-content\/uploads\/2018\/12\/dosszie.png 225w, https:\/\/new.rothszki.hu\/wp-content\/uploads\/2018\/12\/dosszie-150x150.png 150w\" sizes=\"auto, (max-width: 225px) 100vw, 225px\" \/>\t\t\t\t\t\t\t<\/a>\t\t\t\t\t\t<\/div>\r\n\t\t\t\t\t\r\n\t\t\t\t\t\t\t\t\t\t\t<div class=\"hootslider-carousel-slide-content\">\r\n\t\t\t\t\t\t\t<h3>Magartart\u00e1si k\u00f3dex<\/h3>\n\t\t\t\t\t\t<\/div>\r\n\t\t\t\t\t\r\n\t\t\t\t<\/div>\r\n\t\t\t<\/li><\/ul>\r\n<\/div>\n","protected":false},"excerpt":{"rendered":"<p>Szakmai Program \u00e9s mell\u00e9kletei Szervezeti \u00e9s M\u0171k\u00f6d\u00e9si Szab\u00e1lyzat \u00e9s mell\u00e9kletei Egy\u00e9b szab\u00e1lyzatok Egy\u00e9b dokumentumok<span class=\"more-link\"><a href=\"https:\/\/new.rothszki.hu\/index.php\/nyilvanos-dokumentumok\/\">Tov\u00e1bb&#8230;<\/a><\/span><\/p>\n","protected":false},"author":2,"featured_media":0,"parent":0,"menu_order":0,"comment_status":"closed","ping_status":"closed","template":"","meta":{"_monsterinsights_skip_tracking":false,"_monsterinsights_sitenote_active":false,"_monsterinsights_sitenote_note":"","_monsterinsights_sitenote_category":0,"footnotes":""},"class_list":["entry","author-wordpress","post-1678","page","type-page","status-publish"],"_links":{"self":[{"href":"https:\/\/new.rothszki.hu\/index.php\/wp-json\/wp\/v2\/pages\/1678","targetHints":{"allow":["GET"]}}],"collection":[{"href":"https:\/\/new.rothszki.hu\/index.php\/wp-json\/wp\/v2\/pages"}],"about":[{"href":"https:\/\/new.rothszki.hu\/index.php\/wp-json\/wp\/v2\/types\/page"}],"author":[{"embeddable":true,"href":"https:\/\/new.rothszki.hu\/index.php\/wp-json\/wp\/v2\/users\/2"}],"replies":[{"embeddable":true,"href":"https:\/\/new.rothszki.hu\/index.php\/wp-json\/wp\/v2\/comments?post=1678"}],"version-history":[{"count":12,"href":"https:\/\/new.rothszki.hu\/index.php\/wp-json\/wp\/v2\/pages\/1678\/revisions"}],"predecessor-version":[{"id":6488,"href":"https:\/\/new.rothszki.hu\/index.php\/wp-json\/wp\/v2\/pages\/1678\/revisions\/6488"}],"wp:attachment":[{"href":"https:\/\/new.rothszki.hu\/index.php\/wp-json\/wp\/v2\/media?parent=1678"}],"curies":[{"name":"wp","href":"https:\/\/api.w.org\/{rel}","templated":true}]}}