{"id":1787,"date":"2018-11-19T07:20:58","date_gmt":"2018-11-19T07:20:58","guid":{"rendered":"http:\/\/localhost\/?page_id=1787"},"modified":"2023-05-18T09:24:16","modified_gmt":"2023-05-18T09:24:16","slug":"barati-kor","status":"publish","type":"page","link":"https:\/\/new.rothszki.hu\/index.php\/barati-kor\/","title":{"rendered":"Bar\u00e1ti K\u00f6r"},"content":{"rendered":"\n<p><\/p>\n\n\n\n<p><\/p>\n\n\n\n<h2 class=\"wp-block-heading\">Tagjai, vezet\u0151k<\/h2>\n\n\n\n<div class=\"wp-block-file\"><a id=\"wp-block-file--media-fe526164-5e4e-43ec-8e68-76549cbf8cc3\" href=\"https:\/\/new.rothszki.hu\/wp-content\/uploads\/2023\/05\/A-Soproni-Erdesz-es-Faiparos-Diakok-Barati-Korenek-vezetosege-2023.docx.pdf\">A-Soproni-Erdesz-es-Faiparos-Diakok-Barati-Korenek-vezetosege-2023.<\/a><a href=\"https:\/\/new.rothszki.hu\/wp-content\/uploads\/2023\/05\/A-Soproni-Erdesz-es-Faiparos-Diakok-Barati-Korenek-vezetosege-2023.docx.pdf\" class=\"wp-block-file__button wp-element-button\" download aria-describedby=\"wp-block-file--media-fe526164-5e4e-43ec-8e68-76549cbf8cc3\">Let\u00f6lt\u00e9s<\/a><\/div>\n\n\n\n<div class=\"wp-block-file\"><a id=\"wp-block-file--media-4b286b55-8730-4f57-906a-e3d98fe5d0f1\" href=\"https:\/\/new.rothszki.hu\/wp-content\/uploads\/2019\/03\/Tiszteletbeli-tagok.pdf\">Tiszteletbeli-tagok<\/a><a href=\"https:\/\/new.rothszki.hu\/wp-content\/uploads\/2019\/03\/Tiszteletbeli-tagok.pdf\" class=\"wp-block-file__button wp-element-button\" download aria-describedby=\"wp-block-file--media-4b286b55-8730-4f57-906a-e3d98fe5d0f1\">Let\u00f6lt\u00e9s<\/a><\/div>\n\n\n\n<h2 class=\"wp-block-heading\">Bar\u00e1ti K\u00f6r &#8211; Alapszab\u00e1ly<\/h2>\n\n\n\n<div class=\"wp-block-file\"><a id=\"wp-block-file--media-07504b9a-bed2-4bde-992c-d1f86f53cf72\" href=\"https:\/\/new.rothszki.hu\/wp-content\/uploads\/2019\/03\/Bar\u00e1ti-K\u00f6r-alapszab\u00e1ly.pdf\">Bar\u00e1ti K\u00f6r alapszab\u00e1ly<\/a><a href=\"https:\/\/new.rothszki.hu\/wp-content\/uploads\/2019\/03\/Bar\u00e1ti-K\u00f6r-alapszab\u00e1ly.pdf\" class=\"wp-block-file__button wp-element-button\" download aria-describedby=\"wp-block-file--media-07504b9a-bed2-4bde-992c-d1f86f53cf72\">Let\u00f6lt\u00e9s<\/a><\/div>\n\n\n\n<h2 class=\"wp-block-heading\">Bel\u00e9p\u00e9si nyilatkozat<\/h2>\n\n\n\n<div class=\"wp-block-file\"><a id=\"wp-block-file--media-f76a28dd-4ea8-4f94-8f5c-7d4f2c1452f4\" href=\"https:\/\/new.rothszki.hu\/wp-content\/uploads\/2019\/03\/Belepesi-_nyilatkozat_BK.pdf\" target=\"_blank\" rel=\"noreferrer noopener\">Belepesi-_nyilatkozat_BK<\/a><a href=\"https:\/\/new.rothszki.hu\/wp-content\/uploads\/2019\/03\/Belepesi-_nyilatkozat_BK.pdf\" class=\"wp-block-file__button wp-element-button\" download aria-describedby=\"wp-block-file--media-f76a28dd-4ea8-4f94-8f5c-7d4f2c1452f4\">Let\u00f6lt\u00e9s<\/a><\/div>\n\n\n\n<h2 class=\"wp-block-heading\">Az Erd\u00e9sz \u00e9s Faiparos Di\u00e1kok Bar\u00e1ti k\u00f6r\u00e9nek t\u00f6rt\u00e9nete:<\/h2>\n\n\n\n<figure class=\"wp-block-image\"><img loading=\"lazy\" decoding=\"async\" width=\"415\" height=\"1024\" src=\"https:\/\/new.rothszki.hu\/wp-content\/uploads\/2019\/03\/Alap\u00edt\u00f3-nyilatkozat-1984-415x1024.jpg\" alt=\"\" class=\"wp-image-3914\" srcset=\"https:\/\/new.rothszki.hu\/wp-content\/uploads\/2019\/03\/Alap\u00edt\u00f3-nyilatkozat-1984-415x1024.jpg 415w, https:\/\/new.rothszki.hu\/wp-content\/uploads\/2019\/03\/Alap\u00edt\u00f3-nyilatkozat-1984-122x300.jpg 122w, https:\/\/new.rothszki.hu\/wp-content\/uploads\/2019\/03\/Alap\u00edt\u00f3-nyilatkozat-1984-223x550.jpg 223w, https:\/\/new.rothszki.hu\/wp-content\/uploads\/2019\/03\/Alap\u00edt\u00f3-nyilatkozat-1984-203x500.jpg 203w, https:\/\/new.rothszki.hu\/wp-content\/uploads\/2019\/03\/Alap\u00edt\u00f3-nyilatkozat-1984.jpg 729w\" sizes=\"auto, (max-width: 415px) 100vw, 415px\" \/><\/figure>\n\n\n\n<figure class=\"wp-block-image\"><img loading=\"lazy\" decoding=\"async\" width=\"742\" height=\"1024\" src=\"https:\/\/new.rothszki.hu\/wp-content\/uploads\/2019\/03\/Alap\u00edt\u00f3i-jegyz\u0151k\u00f6nyv-1984-742x1024.jpg\" alt=\"\" class=\"wp-image-3915\" srcset=\"https:\/\/new.rothszki.hu\/wp-content\/uploads\/2019\/03\/Alap\u00edt\u00f3i-jegyz\u0151k\u00f6nyv-1984-742x1024.jpg 742w, https:\/\/new.rothszki.hu\/wp-content\/uploads\/2019\/03\/Alap\u00edt\u00f3i-jegyz\u0151k\u00f6nyv-1984-218x300.jpg 218w, https:\/\/new.rothszki.hu\/wp-content\/uploads\/2019\/03\/Alap\u00edt\u00f3i-jegyz\u0151k\u00f6nyv-1984-768x1059.jpg 768w, https:\/\/new.rothszki.hu\/wp-content\/uploads\/2019\/03\/Alap\u00edt\u00f3i-jegyz\u0151k\u00f6nyv-1984-399x550.jpg 399w, https:\/\/new.rothszki.hu\/wp-content\/uploads\/2019\/03\/Alap\u00edt\u00f3i-jegyz\u0151k\u00f6nyv-1984-363x500.jpg 363w, https:\/\/new.rothszki.hu\/wp-content\/uploads\/2019\/03\/Alap\u00edt\u00f3i-jegyz\u0151k\u00f6nyv-1984.jpg 1305w\" sizes=\"auto, (max-width: 742px) 100vw, 742px\" \/><\/figure>\n","protected":false},"excerpt":{"rendered":"<p>Tagjai, vezet\u0151k Bar\u00e1ti K\u00f6r &#8211; Alapszab\u00e1ly Bel\u00e9p\u00e9si nyilatkozat Az Erd\u00e9sz \u00e9s Faiparos Di\u00e1kok Bar\u00e1ti k\u00f6r\u00e9nek t\u00f6rt\u00e9nete:<span class=\"more-link\"><a href=\"https:\/\/new.rothszki.hu\/index.php\/barati-kor\/\">Tov\u00e1bb&#8230;<\/a><\/span><\/p>\n","protected":false},"author":2,"featured_media":0,"parent":0,"menu_order":0,"comment_status":"closed","ping_status":"closed","template":"","meta":{"_monsterinsights_skip_tracking":false,"_monsterinsights_sitenote_active":false,"_monsterinsights_sitenote_note":"","_monsterinsights_sitenote_category":0,"footnotes":""},"class_list":["entry","author-wordpress","post-1787","page","type-page","status-publish"],"_links":{"self":[{"href":"https:\/\/new.rothszki.hu\/index.php\/wp-json\/wp\/v2\/pages\/1787","targetHints":{"allow":["GET"]}}],"collection":[{"href":"https:\/\/new.rothszki.hu\/index.php\/wp-json\/wp\/v2\/pages"}],"about":[{"href":"https:\/\/new.rothszki.hu\/index.php\/wp-json\/wp\/v2\/types\/page"}],"author":[{"embeddable":true,"href":"https:\/\/new.rothszki.hu\/index.php\/wp-json\/wp\/v2\/users\/2"}],"replies":[{"embeddable":true,"href":"https:\/\/new.rothszki.hu\/index.php\/wp-json\/wp\/v2\/comments?post=1787"}],"version-history":[{"count":19,"href":"https:\/\/new.rothszki.hu\/index.php\/wp-json\/wp\/v2\/pages\/1787\/revisions"}],"predecessor-version":[{"id":9613,"href":"https:\/\/new.rothszki.hu\/index.php\/wp-json\/wp\/v2\/pages\/1787\/revisions\/9613"}],"wp:attachment":[{"href":"https:\/\/new.rothszki.hu\/index.php\/wp-json\/wp\/v2\/media?parent=1787"}],"curies":[{"name":"wp","href":"https:\/\/api.w.org\/{rel}","templated":true}]}}