{"id":1842,"date":"2018-10-14T08:56:36","date_gmt":"2018-10-14T08:56:36","guid":{"rendered":"http:\/\/localhost\/?page_id=12"},"modified":"2018-12-21T06:44:38","modified_gmt":"2018-12-21T06:44:38","slug":"iskolarol","status":"publish","type":"page","link":"https:\/\/new.rothszki.hu\/index.php\/iskolarol\/","title":{"rendered":"Iskol\u00e1r\u00f3l"},"content":{"rendered":"<h1 style=\"text-align: left;\">Az iskola t\u00f6rt\u00e9nete<\/h1>\n<h3 style=\"text-align: left;\">2016. szeptember<\/h3>\n<p style=\"text-align: left;\">Iskol\u00e1nk \u00f6sszeolvadt a Lippai J\u00e1nos Kert\u00e9szeti Szakk\u00e9pz\u0151 Iskola \u00e9s Koll\u00e9giummal. Int\u00e9zm\u00e9ny\u00fcnk neve Roth Gyula Erd\u00e9szeti, Faipari Szakk\u00e9pz\u0151 Iskola \u00e9s Koll\u00e9giumra v\u00e1ltozott.<\/p>\n<h3 style=\"text-align: left;\">2015. szeptember<\/h3>\n<p style=\"text-align: left;\">Iskol\u00e1nk\u00a0 a F\u00f6ldm\u0171vel\u00e9s\u00fcgyi Miniszt\u00e9rium fenntart\u00e1s\u00e1ba ker\u00fclt \u00e1t, ezzel int\u00e9zm\u00e9ny\u00fcnk neve Roth Gyula Erd\u00e9szeti, Faipari Szakk\u00f6z\u00e9piskola \u00e9s Koll\u00e9giumra v\u00e1ltozott.<\/p>\n<h3 style=\"text-align: left;\">2013. szeptember<\/h3>\n<p style=\"text-align: left;\">A szakk\u00e9pz\u00e9seinkben visszat\u00e9rt\u00fcnk a n\u00e9gy + egy \u00e9vfolyamos k\u00e9pz\u00e9sre.<\/p>\n<h3 style=\"text-align: left;\">2011. szeptember<\/h3>\n<p style=\"text-align: left;\">Utols\u00f3 alkalommal indul a 0. \u00e9vfolyamon a nyelvi el\u0151k\u00e9sz\u00edt\u0151 oszt\u00e1ly.<\/p>\n<h3 style=\"text-align: left;\">2008. szeptember<\/h3>\n<p style=\"text-align: left;\">Kompetencia alap\u00fa k\u00e9pz\u00e9s beind\u00edt\u00e1sa.<\/p>\n<p style=\"text-align: left;\">A szakk\u00e9pz\u00e9sben a modulrendszer\u0171 k\u00e9pz\u00e9s beindul\u00e1sa.<\/p>\n<h3 style=\"text-align: left;\">2005. szeptember<\/h3>\n<p style=\"text-align: left;\">0. \u00e9vfolyamon \u2013 nyelvi el\u0151k\u00e9sz\u00edt\u0151 oszt\u00e1ly \u2013 indul\u00e1sa.<\/p>\n<h3 style=\"text-align: left;\">2005. szeptembere<\/h3>\n<p style=\"text-align: left;\">Megindult az \u00f6t\u00f6dik \u00e9vfolyamon az \u00faj rendszer\u0171 szakmai k\u00e9pz\u00e9s, melynek sor\u00e1n a tanul\u00f3k a hatodik ( tizennegyedik ) \u00e9vfolyam v\u00e9g\u00e9n tehetnek technikusmin\u0151s\u00edt\u0151 vizsg\u00e1t.<\/p>\n<h3 style=\"text-align: left;\">2004. okt\u00f3ber<\/h3>\n<p style=\"text-align: left;\">ECDL vizsgak\u00f6zpont j\u00f6tt l\u00e9tre az iskol\u00e1ban.<\/p>\n<h3 style=\"text-align: left;\">2001. szeptember<\/h3>\n<p style=\"text-align: left;\">Az iskol\u00e1ban megindul a vadgazd\u00e1lkod\u00e1si \u00e9s k\u00f6rnyezetv\u00e9delem-v\u00edzgazd\u00e1lkod\u00e1si technikus k\u00e9pz\u00e9s. Ism\u00e9t h\u00e1rom p\u00e1rhuzamos oszt\u00e1lyunk van. A szakk\u00e9pz\u00e9sben \u00e1tt\u00e9rt\u00fcnk a n\u00e9gy + k\u00e9t \u00e9vfolyamos k\u00e9pz\u00e9sre.<\/p>\n<p style=\"text-align: left;\">Levelez\u0151s k\u00e9pz\u00e9s\u00fcnk is meg\u00fajult, k\u00e9t \u00e9ves \u00e9retts\u00e9gi ut\u00e1ni OKJ-s k\u00e9pz\u00e9st folytatunk.<\/p>\n<h3 style=\"text-align: left;\">2001. janu\u00e1r 1.<\/h3>\n<p style=\"text-align: left;\">Az egyetemi integr\u00e1ci\u00f3 k\u00f6vetkezt\u00e9ben az iskola neve a k\u00f6vetkez\u0151re v\u00e1ltozik: Nyugat-Magyarorsz\u00e1gi Egyetem Roth Gyula Gyakorl\u00f3 Szakk\u00f6z\u00e9piskola \u00e9s Koll\u00e9gium.<\/p>\n<h3 style=\"text-align: left;\">1999. szeptember 1.<\/h3>\n<p style=\"text-align: left;\">Az iskola Sopron v\u00e1ros\u00e1t\u00f3l gyakorl\u00f3iskolak\u00e9nt a Soproni Egyetem fenntart\u00e1s\u00e1ba ker\u00fcl.<\/p>\n<p style=\"text-align: left;\">Nev\u00fcnk: Soproni Egyetem Roth Gyula Erd\u00e9szeti \u00e9s Faipari Szakk\u00f6z\u00e9piskola \u00e9s Koll\u00e9gium.<\/p>\n<h3 style=\"text-align: left;\">1998. szeptember 1.<\/h3>\n<p style=\"text-align: left;\">Megkezd\u0151dik az 1993. \u00e9vi szakk\u00e9pz\u00e9si t\u00f6rv\u00e9nyben meghat\u00e1rozott \u00faj rendszer\u0171 szakk\u00e9pz\u00e9s.<\/p>\n<h3 style=\"text-align: left;\">1997. szeptember<\/h3>\n<p style=\"text-align: left;\">Megind\u00edtottuk a szakmunk\u00e1sok szakk\u00f6z\u00e9piskolai k\u00e9pz\u00e9s\u00e9t, mely a kor\u00e1bban m\u00e1s ter\u00fcleten szakmunk\u00e1s-bizony\u00edtv\u00e1nyt szerzett tanul\u00f3kat nappali k\u00e9pz\u00e9sben \u00e9retts\u00e9gire k\u00e9sz\u00edtette fel. \u00d6t \u00e9ven kereszt\u00fcl, n\u00e9gy oszt\u00e1lyt k\u00e9pezve m\u0171k\u00f6d\u00f6tt, \u00fcde sz\u00ednfoltot hozva az iskol\u00e1ba, hiszen sok l\u00e1ny j\u00e1rt ezekbe az oszt\u00e1lyokba.<\/p>\n<h3 style=\"text-align: left;\">1997. janu\u00e1r 1.<\/h3>\n<p style=\"text-align: left;\">A Tanulm\u00e1nyi Erd\u0151gazdas\u00e1g Rt. a tanerd\u0151 teljes gazd\u00e1lkod\u00e1si jog\u00e1t \u00e1tengedi az iskol\u00e1nak.<\/p>\n<h3 style=\"text-align: left;\">1996 szeptember 1.<\/h3>\n<p style=\"text-align: left;\">A fenntart\u00f3, Sopron Megyei Jog\u00fa V\u00e1ros, csak \u00e9vfolyamonk\u00e9nt k\u00e9t oszt\u00e1ly beiskol\u00e1z\u00e1s\u00e1t enged\u00e9lyezi.<\/p>\n<h3 style=\"text-align: left;\">1994 febru\u00e1r 8.<\/h3>\n<p style=\"text-align: left;\">Iskol\u00e1nk \u00e1tveszi a soproni Hegyvid\u00e9ki Erd\u00e9szett\u0151l egy 534 hekt\u00e1ros erd\u0151ker\u00fclet szakmai ir\u00e1ny\u00edt\u00e1s\u00e1t. Ezzel veszi kezdet\u00e9t a tanerd\u0151 m\u0171k\u00f6d\u00e9se.<\/p>\n<h3 style=\"text-align: left;\">1993.<\/h3>\n<p style=\"text-align: left;\">A parlament LXXIX. sz\u00e1mon elfogadja az \u00faj k\u00f6zoktat\u00e1si t\u00f6rv\u00e9nyt, \u00e9s LXXVI. sz\u00e1mon az \u00faj szakk\u00e9pz\u00e9si t\u00f6rv\u00e9nyt.<\/p>\n<h3 style=\"text-align: left;\">1992. szeptember<\/h3>\n<p style=\"text-align: left;\">Iskol\u00e1nk a m\u00e9rn\u00f6ktan\u00e1r-k\u00e9pz\u00e9sben ell\u00e1tott gyakorl\u00f3 tan\u00edt\u00e1si feladatait az Erd\u00e9szeti \u00e9s Faipari Egyetemen frissen indult Tan\u00e1rk\u00e9pz\u0151 Int\u00e9zet sz\u00e1m\u00e1ra v\u00e9gzi.<\/p>\n<h3 style=\"text-align: left;\">1992. szeptember 1.<\/h3>\n<p style=\"text-align: left;\">A faipari szakon nappali tagozaton elkezd\u0151dik az 5 \u00e9ves technikusk\u00e9pz\u00e9s.<\/p>\n<h3 style=\"text-align: left;\">1990. szeptember<\/h3>\n<p style=\"text-align: left;\">Iskol\u00e1nk Sopron Megyei jog\u00fa v\u00e1ros fenntart\u00e1s\u00e1ba ker\u00fcl.<\/p>\n<h3 style=\"text-align: left;\">1985<\/h3>\n<p style=\"text-align: left;\">Az oktat\u00e1sr\u00f3l sz\u00f3l\u00f3 1985. \u00e9vi I. t\u00f6rv\u00e9ny \u00e9letbel\u00e9p\u00e9se, amely az iskol\u00e1k m\u0171k\u00f6d\u00e9s\u00e9t szab\u00e1lyozza.<\/p>\n<h3 style=\"text-align: left;\">1985 szeptember<\/h3>\n<p style=\"text-align: left;\">Az erd\u00e9szeti \u00e1gazaton az orsz\u00e1gban els\u0151k\u00e9nt \u00f6t\u00e9ves iskolarendszer\u0171 technikusk\u00e9pz\u00e9s indul.<\/p>\n<h3 style=\"text-align: left;\">1984. okt\u00f3ber<\/h3>\n<p style=\"text-align: left;\">Az iskolarendszer\u0171 technikusk\u00e9pz\u00e9s ind\u00edt\u00e1sak\u00e9nt \u2013 az orsz\u00e1gban els\u0151k\u00e9nt \u2013 a levelez\u0151 tagozaton egy\u00e9ves technikusk\u00e9pz\u00e9s indul az erd\u00e9szeti \u00e1gazaton.<\/p>\n<h3 style=\"text-align: left;\">1984. m\u00e1jus<\/h3>\n<p style=\"text-align: left;\">Megalakul a Soproni Erd\u00e9sz Di\u00e1kok Bar\u00e1ti K\u00f6re.<\/p>\n<h3 style=\"text-align: left;\">1982. szeptember<\/h3>\n<p style=\"text-align: left;\">A levelez\u0151 tagozaton is az \u00faj szakos\u00edt\u00e1si k\u00e9pz\u00e9s indul, ill. megkezd\u0151dik a f\u0171r\u00e9sz- \u00e9s lemezipari \u00e1gazati oktat\u00e1s is.<\/p>\n<p style=\"text-align: left;\">Mind a nappali, mind a levelez\u0151 tagozaton \u00f6tnapos munkah\u00e9ttel t\u00f6rt\u00e9nik az oktat\u00e1s.<\/p>\n<h3 style=\"text-align: left;\">1980. szeptember<\/h3>\n<p style=\"text-align: left;\">Kiteljesedik a fagazdas\u00e1gi k\u00f6z\u00e9pfok\u00fa k\u00e9pz\u00e9s, az erd\u00e9szeti \u00e1gazaton 2, a f\u0171r\u00e9sz- \u00e9s lemezipari \u00e1gazaton 1 els\u0151 oszt\u00e1ly indul.<\/p>\n<h3 style=\"text-align: left;\">1979. december<\/h3>\n<p style=\"text-align: left;\">El\u0151sz\u00f6r vizsg\u00e1ztatunk vadgazdas\u00e1gi technikusi szakon orsz\u00e1gos beiskol\u00e1z\u00e1ssal.<\/p>\n<h3 style=\"text-align: left;\">1979. szeptember<\/h3>\n<p style=\"text-align: left;\">\u00daj szakos\u00edt\u00e1si jegyz\u00e9k alapj\u00e1n indul az oktat\u00e1s. Az erd\u0151gazdas\u00e1gi \u00e9s els\u0151dleges faipari szak k\u00e9t \u00e1gazaton oktat. Iskol\u00e1nkban az erd\u00e9szeti \u00e1gazaton indul 2 oszt\u00e1ly; \u00faj nev\u00fcnk Roth Gyula Erd\u0151gazdas\u00e1gi \u00e9s Els\u0151dleges Faipari Szakk\u00f6z\u00e9piskola. A II-I. \u00e9vfolyamok az erd\u00e9szeti szakk\u00f6z\u00e9piskolai k\u00e9pz\u00e9ssel kifutnak. Az iskola fenntart\u00e1s\u00e1t a Sopron v\u00e1rosi Tan\u00e1cs veszi \u00e1t.<\/p>\n<h3 style=\"text-align: left;\">1978. december<\/h3>\n<p style=\"text-align: left;\">Az iskola el\u0151sz\u00f6r vizsg\u00e1ztat erd\u00e9szeti n\u00f6v\u00e9nyv\u00e9d\u0151 technikusi szakon orsz\u00e1gos beiskol\u00e1z\u00e1ssal.<\/p>\n<h3 style=\"text-align: left;\">1974. november<\/h3>\n<p style=\"text-align: left;\">Az els\u0151 technikusmin\u0151s\u00edt\u0151 vizsga erd\u0151gazd\u00e1lkod\u00e1si szakon. A vizsg\u00e1ztat\u00e1st az iskola mellett m\u0171k\u00f6d\u0151, e c\u00e9lra megb\u00edzott \u00c1llami Technikusmin\u0151s\u00edt\u0151 bizotts\u00e1g v\u00e9gzi.<\/p>\n<h3 style=\"text-align: left;\">1974. augusztus<\/h3>\n<p style=\"text-align: left;\">Az iskola fenntart\u00e1s\u00e1t \u00e9s tan\u00fcgyi fel\u00fcgyelet\u00e9t a Gy\u0151r-Sopron megyei Tan\u00e1cs veszi \u00e1t.<\/p>\n<h3 style=\"text-align: left;\">1973.<\/h3>\n<p style=\"text-align: left;\">Megsz\u0171nik a technikusk\u00e9pz\u00e9s, az iskola neve Roth Gyula Erd\u00e9szeti Szakk\u00f6z\u00e9piskola.<\/p>\n<h3 style=\"text-align: left;\">1971. november<\/h3>\n<p style=\"text-align: left;\">Elkezd\u0151dik a k\u00f6z\u00e9pfok\u00fa erd\u00e9szeti v\u00e9gzetts\u00e9g\u0171, ill. az \u00e1gazatban dolgoz\u00f3 k\u00f6z\u00e9pfok\u00fa v\u00e9gzetts\u00e9g\u0171 szakemberek tanfolyamos tov\u00e1bbk\u00e9pz\u00e9se.<\/p>\n<h3 style=\"text-align: left;\">1969. szeptember<\/h3>\n<p style=\"text-align: left;\">Indul az erd\u00e9szeti szakk\u00f6z\u00e9piskolai k\u00e9pz\u00e9s, az el\u0151gyakorlati rendszer \u00e9s az iskolarendszer\u0171 technikusk\u00e9pz\u00e9s fokozatosan megsz\u0171nik. Az iskola neve Roth Gyula Erd\u00e9szeti technikum \u00e9s Szakk\u00f6z\u00e9piskola. Iskol\u00e1nk bekapcsol\u00f3dik a m\u00e9rn\u00f6k-tan\u00e1rk\u00e9pz\u00e9sbe \u00e9s a pedag\u00f3giai kutat\u00e1sokba.<\/p>\n<h3 style=\"text-align: left;\">1968. szeptember<\/h3>\n<p style=\"text-align: left;\">A levelez\u0151 tagozati oktat\u00e1s az iskola keretein bel\u00fcl folyik tov\u00e1bb Sopronban.<\/p>\n<h3 style=\"text-align: left;\">1964. m\u00e1jus<\/h3>\n<p style=\"text-align: left;\">Az iskola felveszi Roth Gyula nev\u00e9t, a di\u00e1kotthont koll\u00e9giumm\u00e1 min\u0151s\u00edti a f\u00f6ldm\u0171vel\u00e9s\u00fcgyi miniszter.<\/p>\n<h3 style=\"text-align: left;\">1957. szeptember<\/h3>\n<p style=\"text-align: left;\">A tanul\u00f3k a gyakorl\u00f3\u00e9v letelte ut\u00e1n kezdik meg tanulm\u00e1nyaikat.<\/p>\n<h3 style=\"text-align: left;\">1956. szeptember<\/h3>\n<p style=\"text-align: left;\">A technikusk\u00e9pz\u00e9st 1 \u00e9ves \u00fczemi gyakorlat el\u0151zi meg.<\/p>\n<h3 style=\"text-align: left;\">1954. szeptember<\/h3>\n<p style=\"text-align: left;\">Az iskola ism\u00e9t Erd\u00e9szeti Technikum megnevez\u00e9ssel folytatja munk\u00e1j\u00e1t 4 \u00e9ves k\u00e9pz\u00e9si id\u0151vel.<\/p>\n<h3 style=\"text-align: left;\">1953. szeptember<\/h3>\n<p style=\"text-align: left;\">Az erd\u0151gazdas\u00e1gi Technikumba felvettek m\u00e1r val\u00f3ban 4 \u00e9ves k\u00e9pz\u00e9st kapnak.<\/p>\n<h3 style=\"text-align: left;\">1952. szeptember<\/h3>\n<p style=\"text-align: left;\">Sopronban megny\u00edlik az Erd\u0151ipari Technikum, amely 2 tan\u00e9v ut\u00e1n beleolvad az Erd\u00e9szeti Technikumba. Az anyaiskola Erd\u0151gazdas\u00e1gi Technikumk\u00e9nt m\u0171k\u00f6dik 2 \u00e9vig. Beindul levelez\u0151 tagozatunkon is az oktat\u00e1s, kihelyezett oszt\u00e1lyokkal.<\/p>\n<h3 style=\"text-align: left;\">1950. okt\u00f3ber 1.<\/h3>\n<p style=\"text-align: left;\">Sopronban tan\u00e9vet nyit az iskola, mint Erd\u00e9szeti Technikum. Az 1949-ben, 50-ben, 51-ben, 52-ben beiskol\u00e1zottak 3 \u00e9ves k\u00e9pz\u00e9s ut\u00e1n \u00e9retts\u00e9giznek.<\/p>\n<h3 style=\"text-align: left;\">1949.<\/h3>\n<p style=\"text-align: left;\">Az Erd\u0151gazdas\u00e1gi K\u00f6z\u00e9piskola, mint Mez\u0151gazdas\u00e1gi Gimn\u00e1zium Erd\u00e9szeti Tagozata indul.<\/p>\n<h3 style=\"text-align: left;\">1948. okt\u00f3ber 17.<\/h3>\n<p style=\"text-align: left;\">Az Erd\u0151gazdas\u00e1gi K\u00f6z\u00e9piskola megnyit\u00e1sa Esztergomban.<\/p>\n<h3 style=\"text-align: left;\">1935. \u0151sz<\/h3>\n<p style=\"text-align: left;\">Esztergomban Alerd\u00e9sz Szakiskola kezdi meg m\u0171k\u00f6d\u00e9s\u00e9t. A k\u00e9pz\u00e9si id\u0151 1 \u00e9v el\u0151gyakorlat ut\u00e1n 2 \u00e9v. Ez tulajdonk\u00e9ppen az Erd\u00e9sz Szakiskol\u00e1val azonos sz\u00ednvonal\u00fa k\u00e9pz\u00e9s. Az egy\u00e9ves erd\u0151\u0151ri k\u00e9pz\u00e9s megsz\u0171nik.<\/p>\n<h3 style=\"text-align: left;\">1930.<\/h3>\n<p style=\"text-align: left;\">Megsz\u0171nik az Erd\u00e9szeti Szakiskola, mint k\u00f6z\u00e9pfok\u00fa k\u00e9pz\u0151 int\u00e9zm\u00e9ny, az iskola Erd\u0151\u0151ri \u00e9s Vad\u0151ri Szakiskolak\u00e9nt m\u0171k\u00f6dik tov\u00e1bb. A k\u00e9pz\u00e9si id\u0151 1 \u00e9v el\u0151gyakorlat ut\u00e1n 1 \u00e9v.<\/p>\n<h3 style=\"text-align: left;\">1924.<\/h3>\n<p style=\"text-align: left;\">Az iskola Esztergomba telep\u00fclt \u00e1t. Itt a tant\u00e1rgyakhoz kapcsol\u00f3d\u00f3 szakk\u00f6nyvek jelennek meg.<\/p>\n<h3 style=\"text-align: left;\">1920. \u0151sz<\/h3>\n<p style=\"text-align: left;\">Tat\u00e1n is beiskol\u00e1znak az \u00fajra megind\u00edtott Erd\u0151\u0151ri \u00e9s Vad\u0151ri Szakiskol\u00e1ra.<\/p>\n<h3 style=\"text-align: left;\">1920.<\/h3>\n<p style=\"text-align: left;\">A tanulm\u00e1nyi id\u0151t 2 \u00e9vre cs\u00f6kkentik az Erd\u00e9szeti Szakiskol\u00e1n.<\/p>\n<h3 style=\"text-align: left;\">1919. november<\/h3>\n<p style=\"text-align: left;\">Az Erd\u00e9szeti Szakiskola Tat\u00e1n ill. Tata-T\u00f3v\u00e1roson tal\u00e1l otthonra.<\/p>\n<p style=\"text-align: left;\">A Temesv\u00e1r-Vad\u00e1szerdei Erd\u00e9szeti Szakiskola \u00e9s a hidasligeti Vad\u0151ri Szakiskola elhagyja a rom\u00e1nok \u00e1ltal megsz\u00e1llt ter\u00fcletet. A Vad\u0151ri Szakiskola hallgat\u00f3i \u00c1sotthalm\u00e1n fejezik be a tan\u00e9vet.<\/p>\n<h3 style=\"text-align: left;\">1919. szeptember-okt\u00f3ber<\/h3>\n<p style=\"text-align: left;\">T\u00e1rgyal\u00e1sok az iskola magyar ter\u00fcleten t\u00f6rt\u00e9n\u0151 elhelyez\u00e9s\u00e9r\u0151l.<\/p>\n<h3 style=\"text-align: left;\">1918. szeptember<\/h3>\n<p style=\"text-align: left;\">Temesv\u00e1r-Vad\u00e1szerd\u0151n 1 \u00e9ves el\u0151gyakorlatot k\u00edv\u00e1n\u00f3 3 \u00e9ves erd\u00e9szeti szakiskola nyitja meg kapuit.<\/p>\n<p style=\"text-align: left;\">Megkezd\u0151dik a tant\u00e1rgyrendszer\u0171 oktat\u00e1s.<\/p>\n<h3 style=\"text-align: left;\">1917. szeptember<\/h3>\n<p style=\"text-align: left;\">Hidasligeten 1 \u00e9ves k\u00e9pz\u00e9si id\u0151vel Vad\u0151ri Szakiskola kezdi meg munk\u00e1j\u00e1t.<\/p>\n<h3 style=\"text-align: left;\">1908.<\/h3>\n<p style=\"text-align: left;\">Temesv\u00e1r-Vad\u00e1szerd\u0151n 1 \u00e9ves tov\u00e1bbk\u00e9pz\u0151 tanfolyam indul az erd\u0151\u0151ri szakiskol\u00e1t v\u00e9gzettek sz\u00e1m\u00e1ra, amellyel a k\u00f6z\u00e9pfok\u00fa k\u00e9pz\u00e9st k\u00edv\u00e1nj\u00e1k megval\u00f3s\u00edtani.<\/p>\n<h3 style=\"text-align: left;\">1885. okt\u00f3ber 27.<\/h3>\n<p style=\"text-align: left;\">A Temesv\u00e1r melletti Vad\u00e1szerd\u0151n megny\u00edlik az m. kir. Erd\u0151\u0151ri Szakiskola.<\/p>\n","protected":false},"excerpt":{"rendered":"<p>Az iskola t\u00f6rt\u00e9nete 2016. szeptember Iskol\u00e1nk \u00f6sszeolvadt a Lippai J\u00e1nos Kert\u00e9szeti Szakk\u00e9pz\u0151 Iskola \u00e9s Koll\u00e9giummal. Int\u00e9zm\u00e9ny\u00fcnk neve Roth Gyula Erd\u00e9szeti, Faipari Szakk\u00e9pz\u0151 Iskola \u00e9s Koll\u00e9giumra v\u00e1ltozott. 2015. szeptember Iskol\u00e1nk\u00a0 a F\u00f6ldm\u0171vel\u00e9s\u00fcgyi Miniszt\u00e9rium fenntart\u00e1s\u00e1ba ker\u00fclt \u00e1t, ezzel int\u00e9zm\u00e9ny\u00fcnk neve Roth Gyula Erd\u00e9szeti, Faipari Szakk\u00f6z\u00e9piskola \u00e9s Koll\u00e9giumra v\u00e1ltozott. 2013. szeptember A szakk\u00e9pz\u00e9seinkben<span class=\"more-link\"><a href=\"https:\/\/new.rothszki.hu\/index.php\/iskolarol\/\">Tov\u00e1bb&#8230;<\/a><\/span><\/p>\n","protected":false},"author":2,"featured_media":1261,"parent":0,"menu_order":0,"comment_status":"closed","ping_status":"closed","template":"","meta":{"_monsterinsights_skip_tracking":false,"_monsterinsights_sitenote_active":false,"_monsterinsights_sitenote_note":"","_monsterinsights_sitenote_category":0,"footnotes":""},"class_list":["entry","author-wordpress","post-1842","page","type-page","status-publish","has-post-thumbnail"],"_links":{"self":[{"href":"https:\/\/new.rothszki.hu\/index.php\/wp-json\/wp\/v2\/pages\/1842","targetHints":{"allow":["GET"]}}],"collection":[{"href":"https:\/\/new.rothszki.hu\/index.php\/wp-json\/wp\/v2\/pages"}],"about":[{"href":"https:\/\/new.rothszki.hu\/index.php\/wp-json\/wp\/v2\/types\/page"}],"author":[{"embeddable":true,"href":"https:\/\/new.rothszki.hu\/index.php\/wp-json\/wp\/v2\/users\/2"}],"replies":[{"embeddable":true,"href":"https:\/\/new.rothszki.hu\/index.php\/wp-json\/wp\/v2\/comments?post=1842"}],"version-history":[{"count":1,"href":"https:\/\/new.rothszki.hu\/index.php\/wp-json\/wp\/v2\/pages\/1842\/revisions"}],"predecessor-version":[{"id":2540,"href":"https:\/\/new.rothszki.hu\/index.php\/wp-json\/wp\/v2\/pages\/1842\/revisions\/2540"}],"wp:featuredmedia":[{"embeddable":true,"href":"https:\/\/new.rothszki.hu\/index.php\/wp-json\/"}],"wp:attachment":[{"href":"https:\/\/new.rothszki.hu\/index.php\/wp-json\/wp\/v2\/media?parent=1842"}],"curies":[{"name":"wp","href":"https:\/\/api.w.org\/{rel}","templated":true}]}}