{"id":1877,"date":"2018-11-27T07:18:37","date_gmt":"2018-11-27T07:18:37","guid":{"rendered":"http:\/\/localhost\/?page_id=1877"},"modified":"2019-01-24T06:40:59","modified_gmt":"2019-01-24T06:40:59","slug":"faipari-termekek","status":"publish","type":"page","link":"https:\/\/new.rothszki.hu\/index.php\/faipari-termekek\/","title":{"rendered":"Faipari term\u00e9kek"},"content":{"rendered":"<p>Faipari term\u00e9kek le\u00edr\u00e1sa<\/p>\n","protected":false},"excerpt":{"rendered":"<p>Faipari term\u00e9kek le\u00edr\u00e1sa<span class=\"more-link\"><a href=\"https:\/\/new.rothszki.hu\/index.php\/faipari-termekek\/\">Tov\u00e1bb&#8230;<\/a><\/span><\/p>\n","protected":false},"author":2,"featured_media":2041,"parent":0,"menu_order":0,"comment_status":"closed","ping_status":"closed","template":"","meta":{"_monsterinsights_skip_tracking":false,"_monsterinsights_sitenote_active":false,"_monsterinsights_sitenote_note":"","_monsterinsights_sitenote_category":0,"footnotes":""},"class_list":["entry","author-wordpress","post-1877","page","type-page","status-publish","has-post-thumbnail"],"_links":{"self":[{"href":"https:\/\/new.rothszki.hu\/index.php\/wp-json\/wp\/v2\/pages\/1877","targetHints":{"allow":["GET"]}}],"collection":[{"href":"https:\/\/new.rothszki.hu\/index.php\/wp-json\/wp\/v2\/pages"}],"about":[{"href":"https:\/\/new.rothszki.hu\/index.php\/wp-json\/wp\/v2\/types\/page"}],"author":[{"embeddable":true,"href":"https:\/\/new.rothszki.hu\/index.php\/wp-json\/wp\/v2\/users\/2"}],"replies":[{"embeddable":true,"href":"https:\/\/new.rothszki.hu\/index.php\/wp-json\/wp\/v2\/comments?post=1877"}],"version-history":[{"count":1,"href":"https:\/\/new.rothszki.hu\/index.php\/wp-json\/wp\/v2\/pages\/1877\/revisions"}],"predecessor-version":[{"id":2534,"href":"https:\/\/new.rothszki.hu\/index.php\/wp-json\/wp\/v2\/pages\/1877\/revisions\/2534"}],"wp:featuredmedia":[{"embeddable":true,"href":"https:\/\/new.rothszki.hu\/index.php\/wp-json\/wp\/v2\/media\/2041"}],"wp:attachment":[{"href":"https:\/\/new.rothszki.hu\/index.php\/wp-json\/wp\/v2\/media?parent=1877"}],"curies":[{"name":"wp","href":"https:\/\/api.w.org\/{rel}","templated":true}]}}