{"id":1883,"date":"2018-11-27T07:20:44","date_gmt":"2018-11-27T07:20:44","guid":{"rendered":"http:\/\/localhost\/?page_id=1883"},"modified":"2019-01-05T13:12:34","modified_gmt":"2019-01-05T13:12:34","slug":"erdeszeti-munkak","status":"publish","type":"page","link":"https:\/\/new.rothszki.hu\/index.php\/erdeszeti-munkak\/","title":{"rendered":"Erd\u00e9szeti munk\u00e1k"},"content":{"rendered":"<p>Erd\u00e9szeti munk\u00e1k le\u00edr\u00e1sa<\/p>\n","protected":false},"excerpt":{"rendered":"<p>Erd\u00e9szeti munk\u00e1k le\u00edr\u00e1sa<span class=\"more-link\"><a href=\"https:\/\/new.rothszki.hu\/index.php\/erdeszeti-munkak\/\">Tov\u00e1bb&#8230;<\/a><\/span><\/p>\n","protected":false},"author":2,"featured_media":2216,"parent":0,"menu_order":0,"comment_status":"closed","ping_status":"closed","template":"","meta":{"_monsterinsights_skip_tracking":false,"_monsterinsights_sitenote_active":false,"_monsterinsights_sitenote_note":"","_monsterinsights_sitenote_category":0,"footnotes":""},"class_list":["entry","author-wordpress","post-1883","page","type-page","status-publish","has-post-thumbnail"],"_links":{"self":[{"href":"https:\/\/new.rothszki.hu\/index.php\/wp-json\/wp\/v2\/pages\/1883","targetHints":{"allow":["GET"]}}],"collection":[{"href":"https:\/\/new.rothszki.hu\/index.php\/wp-json\/wp\/v2\/pages"}],"about":[{"href":"https:\/\/new.rothszki.hu\/index.php\/wp-json\/wp\/v2\/types\/page"}],"author":[{"embeddable":true,"href":"https:\/\/new.rothszki.hu\/index.php\/wp-json\/wp\/v2\/users\/2"}],"replies":[{"embeddable":true,"href":"https:\/\/new.rothszki.hu\/index.php\/wp-json\/wp\/v2\/comments?post=1883"}],"version-history":[{"count":1,"href":"https:\/\/new.rothszki.hu\/index.php\/wp-json\/wp\/v2\/pages\/1883\/revisions"}],"predecessor-version":[{"id":2532,"href":"https:\/\/new.rothszki.hu\/index.php\/wp-json\/wp\/v2\/pages\/1883\/revisions\/2532"}],"wp:featuredmedia":[{"embeddable":true,"href":"https:\/\/new.rothszki.hu\/index.php\/wp-json\/wp\/v2\/media\/2216"}],"wp:attachment":[{"href":"https:\/\/new.rothszki.hu\/index.php\/wp-json\/wp\/v2\/media?parent=1883"}],"curies":[{"name":"wp","href":"https:\/\/api.w.org\/{rel}","templated":true}]}}