{"id":1907,"date":"2018-11-30T06:24:02","date_gmt":"2018-11-30T06:24:02","guid":{"rendered":"http:\/\/localhost\/?page_id=1907"},"modified":"2024-09-16T11:19:42","modified_gmt":"2024-09-16T11:19:42","slug":"dr-tusko-laszlo-dij","status":"publish","type":"page","link":"https:\/\/new.rothszki.hu\/index.php\/dr-tusko-laszlo-dij\/","title":{"rendered":"DR. TUSK\u00d3 L\u00c1SZL\u00d3 D\u00cdJ"},"content":{"rendered":"<div id=\"c_76\" class=\"text\">\n<h1>Dr. Tusk\u00f3 L\u00e1szl\u00f3-d\u00edj<\/h1>\n<p>Iskol\u00e1nk kor\u00e1bbi, sz\u00e9les k\u00f6rben elismert igazgat\u00f3j\u00e1ra eml\u00e9kezve 2001-ben d\u00edjat alap\u00edtott, amellyel \u00e9vente egy alkalommal az arra leg\u00e9rdemesebb tan\u00e1r \u00e9s di\u00e1k munk\u00e1j\u00e1t k\u00edv\u00e1nja jutalmazni.<br \/>\nA d\u00edj egy eml\u00e9kplakett, Sz. Egyed Emma \u00e9remm\u0171v\u00e9sz alkot\u00e1sa. Ehhez j\u00e1r egy elismer\u0151 oklev\u00e9l \u00e9s p\u00e9nzjutalom.<br \/>\nA d\u00edj oda\u00edt\u00e9l\u00e9s\u00e9r\u0151l a tantest\u00fclet v\u00e9lem\u00e9ny\u00e9nek meghallgat\u00e1sa ut\u00e1n az iskola vezet\u00e9se d\u00f6nt.<br \/>\nA legfontosabb szempont, hogy olyan szem\u00e9ly kapja, aki munk\u00e1j\u00e1val, magatart\u00e1s\u00e1val p\u00e9ld\u00e1t mutat a tanul\u00f3 ifj\u00fas\u00e1gnak \u00e9s tev\u00e9kenys\u00e9g\u00e9vel hozz\u00e1j\u00e1rul az iskola h\u00edrnev\u00e9nek \u00f6regb\u00edt\u00e9s\u00e9hez.<br \/>\nEddigi d\u00edjazottjaink:<\/p>\n<\/div>\n<div id=\"c_77\" class=\"text\">\n<h2>Tan\u00e1rok:<\/h2>\n<p>2001. Tutuntzisz Thomas<br \/>\n2002. T\u00f6lli Lajos<br \/>\n2003. Mikita Ant\u00f3nia<br \/>\n2004. Dr. Hanyv\u00e1ri Csaba<br \/>\n2005. Horv\u00e1th Lucia<br \/>\n2006. Moln\u00e1rn\u00e9 N\u00e9meth Katalin<br \/>\n2007. Hajt\u00f3 Gy\u00f6rgy<br \/>\n2008. Margittai Endr\u00e9n\u00e9<br \/>\n2009. Koltai Attila<br \/>\n2010. Nagy Csaba<br \/>\n2011. Ezer L\u00e1szl\u00f3<br \/>\n2012. Varga L\u00e1szl\u00f3<br \/>\n2013. Antal J\u00f3zsef<br \/>\n2014. Szab\u00f3 Gy\u00f6rgy<br \/>\n2015. Dr. R\u00f3nai Ferenc<\/p>\n<p>2017. Dr. Folcz T\u00f3bi\u00e1s<\/p>\n<p>2019. Viasz-K\u00e1di Tibor<\/p>\n<p>2023. Poly\u00e1k J\u00f3zsef<\/p>\n<p>2024. Sereg\u00e9ly Csaba<\/p>\n<\/div>\n<div id=\"c_78\" class=\"text\">\n<h2>Di\u00e1kok:<\/h2>\n<p>2001. Sv\u00e9da Gergely<br \/>\n2002. Bakki-Nagy Imre<br \/>\n2003. \u00c1brah\u00e1m Istv\u00e1n<br \/>\n2004. Kampel J\u00f3zsef<br \/>\n2005. Lunk Eszter<br \/>\n2006. Csontos Di\u00e1na<br \/>\n2007. Peszlen Roland<br \/>\n2008. Boros Bianka<br \/>\n2009. Juh\u00e1sz Erika<br \/>\n2010. Sup\u00e1n \u00c1kos<br \/>\n2011. G\u00e1l Bal\u00e1zs<br \/>\n2012. Torm\u00e1si L\u00e1szl\u00f3 \u00c1d\u00e1m<br \/>\n2014. Kelemen Norbert<br \/>\n2015. M\u00f3zer Gergely, Vid Viktor Gedeon<br \/>\n2017. F\u00fcl\u00f6p Zsolt<\/p>\n<p>2019. Fekete Martin<\/p>\n<p>2023. Horv\u00e1th S\u00e1ndor<\/p>\n<p>2024. Rosenberg Rich\u00e1rd<\/p>\n<\/div>\n","protected":false},"excerpt":{"rendered":"<p>Dr. Tusk\u00f3 L\u00e1szl\u00f3-d\u00edj Iskol\u00e1nk kor\u00e1bbi, sz\u00e9les k\u00f6rben elismert igazgat\u00f3j\u00e1ra eml\u00e9kezve 2001-ben d\u00edjat alap\u00edtott, amellyel \u00e9vente egy alkalommal az arra leg\u00e9rdemesebb tan\u00e1r \u00e9s di\u00e1k munk\u00e1j\u00e1t k\u00edv\u00e1nja jutalmazni. A d\u00edj egy eml\u00e9kplakett, Sz. Egyed Emma \u00e9remm\u0171v\u00e9sz alkot\u00e1sa. Ehhez j\u00e1r egy elismer\u0151 oklev\u00e9l \u00e9s p\u00e9nzjutalom. A d\u00edj oda\u00edt\u00e9l\u00e9s\u00e9r\u0151l a tantest\u00fclet v\u00e9lem\u00e9ny\u00e9nek meghallgat\u00e1sa ut\u00e1n<span class=\"more-link\"><a href=\"https:\/\/new.rothszki.hu\/index.php\/dr-tusko-laszlo-dij\/\">Tov\u00e1bb&#8230;<\/a><\/span><\/p>\n","protected":false},"author":2,"featured_media":0,"parent":0,"menu_order":0,"comment_status":"closed","ping_status":"closed","template":"","meta":{"_monsterinsights_skip_tracking":false,"_monsterinsights_sitenote_active":false,"_monsterinsights_sitenote_note":"","_monsterinsights_sitenote_category":0,"footnotes":""},"class_list":["entry","author-wordpress","post-1907","page","type-page","status-publish"],"_links":{"self":[{"href":"https:\/\/new.rothszki.hu\/index.php\/wp-json\/wp\/v2\/pages\/1907","targetHints":{"allow":["GET"]}}],"collection":[{"href":"https:\/\/new.rothszki.hu\/index.php\/wp-json\/wp\/v2\/pages"}],"about":[{"href":"https:\/\/new.rothszki.hu\/index.php\/wp-json\/wp\/v2\/types\/page"}],"author":[{"embeddable":true,"href":"https:\/\/new.rothszki.hu\/index.php\/wp-json\/wp\/v2\/users\/2"}],"replies":[{"embeddable":true,"href":"https:\/\/new.rothszki.hu\/index.php\/wp-json\/wp\/v2\/comments?post=1907"}],"version-history":[{"count":4,"href":"https:\/\/new.rothszki.hu\/index.php\/wp-json\/wp\/v2\/pages\/1907\/revisions"}],"predecessor-version":[{"id":11186,"href":"https:\/\/new.rothszki.hu\/index.php\/wp-json\/wp\/v2\/pages\/1907\/revisions\/11186"}],"wp:attachment":[{"href":"https:\/\/new.rothszki.hu\/index.php\/wp-json\/wp\/v2\/media?parent=1907"}],"curies":[{"name":"wp","href":"https:\/\/api.w.org\/{rel}","templated":true}]}}