{"id":3086,"date":"2019-01-19T17:14:44","date_gmt":"2019-01-19T17:14:44","guid":{"rendered":"https:\/\/new.rothszki.hu\/?page_id=3086"},"modified":"2019-01-21T07:37:59","modified_gmt":"2019-01-21T07:37:59","slug":"kehop-5-2-10","status":"publish","type":"page","link":"https:\/\/new.rothszki.hu\/index.php\/kehop-5-2-10\/","title":{"rendered":"KEHOP 5.2.10"},"content":{"rendered":"\n<p><strong>Tisztelt L\u00e1togat\u00f3!<\/strong><\/p>\n\n\n\n<p>Int\u00e9zm\u00e9ny\u00fcnk 2017-ben komplex \u00e9p\u00fcletenergetikai fejleszt\u00e9st val\u00f3s\u00edt meg eur\u00f3pai uni\u00f3s t\u00e1mogat\u00e1s felhaszn\u00e1l\u00e1s\u00e1val. Projekt\u00fcnk a K\u00f6rnyezeti \u00e9s Energiahat\u00e9konys\u00e1gi Operat\u00edv Program (KEHOP) r\u00e9sz\u00e9t k\u00e9pez\u0151, \u201eK\u00f6lts\u00e9gvet\u00e9si szervek p\u00e1ly\u00e1zatos \u00e9p\u00fcletenergetikai fejleszt\u00e9sei\u201d c\u00edm\u0171 p\u00e1ly\u00e1zati konstrukci\u00f3 t\u00e1mogat\u00e1s\u00e1val val\u00f3sul meg. Az Eur\u00f3pai Uni\u00f3 \u00e9s Magyarorsz\u00e1g Korm\u00e1nya \u00e1ltal ny\u00fajtott t\u00e1mogat\u00e1s ar\u00e1nya a projekt k\u00f6lts\u00e9gvet\u00e9s\u00e9n bel\u00fcl 100 sz\u00e1zal\u00e9k.<\/p>\n\n\n\n<p><em>Projekt\u00fcnk r\u00f6vid le\u00edr\u00e1sa<\/em><\/p>\n\n\n\n<p>A projekt c\u00e9lja a Roth Gyula Erd\u00e9szeti, Faipari, Kert\u00e9szeti, K\u00f6rnyezetv\u00e9delmi Szakgimn\u00e1zium, Szakk\u00f6z\u00e9piskola \u00e9s Koll\u00e9gium \u00fczemeltet\u00e9s\u00e9ben lev\u0151 koll\u00e9giumi \u00e9p\u00fclet energetikai korszer\u0171s\u00edt\u00e9se. Az \u00e9p\u00fclet \u00fczemeltet\u00e9si k\u00f6lts\u00e9gei az iskola \u00e9ves k\u00f6lts\u00e9geinek egy igen jelent\u0151s r\u00e9sz\u00e9t teszik ki. A magas \u00fczemeltet\u00e9si k\u00f6lts\u00e9geket f\u0151leg a f\u0171t\u00e9si h\u0151ig\u00e9nyb\u0151l sz\u00e1rmaz\u00f3 magas g\u00e1zenergia-k\u00f6lts\u00e9g teszi ki. Ezek alapj\u00e1n javasolt a f\u0171t\u00e9si energiaig\u00e9ny cs\u00f6kkent\u00e9se, ami az \u00e9p\u00fclet padl\u00e1sf\u00f6d\u00e9m\u00e9nek h\u0151szigetel\u00e9s\u00e9vel, ny\u00edl\u00e1sz\u00e1r\u00f3inak cser\u00e9j\u00e9vel \u00e9s fel\u00faj\u00edt\u00e1s\u00e1val \u00e9rhet\u0151 el. A projekt keretein bel\u00fcl lehet\u0151s\u00e9g ny\u00edlik az \u00e9p\u00fclet fenntart\u00e1si k\u00f6lts\u00e9geinek, valamint \u00dcHG kibocs\u00e1t\u00e1sainak cs\u00f6kkent\u00e9s\u00e9re, mindamellett, hogy jelent\u0151s komfort\u00e9rzet-n\u00f6veked\u00e9s is el\u00e9rhet\u0151.<\/p>\n\n\n\n<p><strong>A kedvezm\u00e9nyezett neve:<\/strong><\/p>\n\n\n\n<p>Roth Gyula Erd\u00e9szeti, Faipari, Kert\u00e9szeti, K\u00f6rnyezetv\u00e9delmi Szakgimn\u00e1zium Szakk\u00f6z\u00e9piskola \u00e9s Koll\u00e9gium<\/p>\n\n\n\n<p>A projekt c\u00edme:<\/p>\n\n\n\n<p>Roth Gyula Erd\u00e9szeti, Faipari Szakk\u00e9pz\u0151 Iskola \u00e9s Koll\u00e9gium koll\u00e9giumi \u00e9p\u00fclet\u00e9nek energetikai korszer\u0171s\u00edt\u00e9se<\/p>\n\n\n\n<p><strong>A szerz\u0151d\u00f6tt t\u00e1mogat\u00e1s \u00f6sszege, annak sz\u00e1zal\u00e9kos m\u00e9rt\u00e9ke:<\/strong><\/p>\n\n\n\n<p>137 075&nbsp;219 Ft \u2013 100%<\/p>\n\n\n\n<p><strong>A projekt fizikai befejez\u00e9si d\u00e1tuma:<\/strong><\/p>\n\n\n\n<p>2018.02.23.<\/p>\n\n\n\n<p><strong>A projekt p\u00e9nz\u00fcgyi befejez\u00e9se:<\/strong><\/p>\n\n\n\n<p>2018.05.05.<\/p>\n\n\n\n<p><strong>A projekt azonos\u00edt\u00f3 sz\u00e1ma:<\/strong><\/p>\n\n\n\n<p>KEHOP 5.2.10-16-2016-00119<\/p>\n\n\n\n<p><strong>Megval\u00f3sul\u00e1si helysz\u00edn \u00e9s m\u0171szaki tartalom:<\/strong><\/p>\n\n\n\n<p><strong>Fejlesztend\u0151 \u00e9p\u00fclet neve:&nbsp;<\/strong>Roth Gyula Erd\u00e9szeti, Faipari, Kert\u00e9szeti, K\u00f6rnyezetv\u00e9delmi Szakgimn\u00e1zium, Szakk\u00f6z\u00e9piskola \u00e9s Koll\u00e9gium \u2013 Koll\u00e9giumi \u00e9p\u00fclet<\/p>\n\n\n\n<p><strong>Fejlesztend\u0151 \u00e9p\u00fclet c\u00edme:<\/strong>&nbsp;9400 Sopron, Lackner Krist\u00f3f utca 7., 477\/1 hrsz.<\/p>\n\n\n\n<p><strong>Megval\u00f3sul\u00f3 m\u0171szaki tartalom:<\/strong><\/p>\n\n\n\n<ul class=\"wp-block-list\"><li>Padl\u00e1sf\u00f6d\u00e9m h\u0151szigetel\u00e9se: 1752 m2<\/li><li>Fa ny\u00edl\u00e1sz\u00e1r\u00f3k be\u00e9p\u00edt\u00e9se: 353 m2<\/li><li>Fa ny\u00edl\u00e1sz\u00e1r\u00f3k fel\u00faj\u00edt\u00e1sa: 99 db ablak fel\u00faj\u00edt\u00e1sa<\/li><\/ul>\n\n\n\n<figure class=\"wp-block-image\"><img loading=\"lazy\" decoding=\"async\" width=\"1024\" height=\"734\" src=\"https:\/\/new.rothszki.hu\/wp-content\/uploads\/2019\/01\/c-tabla-ablak-1024x734.png\" alt=\"\" class=\"wp-image-3178\" srcset=\"https:\/\/new.rothszki.hu\/wp-content\/uploads\/2019\/01\/c-tabla-ablak-1024x734.png 1024w, https:\/\/new.rothszki.hu\/wp-content\/uploads\/2019\/01\/c-tabla-ablak-300x215.png 300w, https:\/\/new.rothszki.hu\/wp-content\/uploads\/2019\/01\/c-tabla-ablak-768x551.png 768w, https:\/\/new.rothszki.hu\/wp-content\/uploads\/2019\/01\/c-tabla-ablak-465x333.png 465w, https:\/\/new.rothszki.hu\/wp-content\/uploads\/2019\/01\/c-tabla-ablak-695x498.png 695w, https:\/\/new.rothszki.hu\/wp-content\/uploads\/2019\/01\/c-tabla-ablak.png 1188w\" sizes=\"auto, (max-width: 1024px) 100vw, 1024px\" \/><\/figure>\n\n\n\n<ul class=\"wp-block-gallery columns-3 is-cropped wp-block-gallery-1 is-layout-flex wp-block-gallery-is-layout-flex\"><li class=\"blocks-gallery-item\"><figure><img loading=\"lazy\" decoding=\"async\" width=\"1024\" height=\"683\" src=\"https:\/\/new.rothszki.hu\/wp-content\/uploads\/2019\/01\/Lackner-K-utca-2-1024x683.jpg\" alt=\"\" data-id=\"3177\" data-link=\"https:\/\/new.rothszki.hu\/index.php\/kehop-5-2-10\/lackner-k-utca-2\/\" class=\"wp-image-3177\" srcset=\"https:\/\/new.rothszki.hu\/wp-content\/uploads\/2019\/01\/Lackner-K-utca-2-1024x683.jpg 1024w, https:\/\/new.rothszki.hu\/wp-content\/uploads\/2019\/01\/Lackner-K-utca-2-300x200.jpg 300w, https:\/\/new.rothszki.hu\/wp-content\/uploads\/2019\/01\/Lackner-K-utca-2-768x512.jpg 768w, https:\/\/new.rothszki.hu\/wp-content\/uploads\/2019\/01\/Lackner-K-utca-2-465x310.jpg 465w, https:\/\/new.rothszki.hu\/wp-content\/uploads\/2019\/01\/Lackner-K-utca-2-695x464.jpg 695w, https:\/\/new.rothszki.hu\/wp-content\/uploads\/2019\/01\/Lackner-K-utca-2.jpg 1382w\" sizes=\"auto, (max-width: 1024px) 100vw, 1024px\" \/><\/figure><\/li><li class=\"blocks-gallery-item\"><figure><img loading=\"lazy\" decoding=\"async\" width=\"1024\" height=\"683\" src=\"https:\/\/new.rothszki.hu\/wp-content\/uploads\/2019\/01\/Lackner-K-utca-3-1024x683.jpg\" alt=\"\" data-id=\"3176\" data-link=\"https:\/\/new.rothszki.hu\/index.php\/kehop-5-2-10\/lackner-k-utca-3\/\" class=\"wp-image-3176\" srcset=\"https:\/\/new.rothszki.hu\/wp-content\/uploads\/2019\/01\/Lackner-K-utca-3-1024x683.jpg 1024w, https:\/\/new.rothszki.hu\/wp-content\/uploads\/2019\/01\/Lackner-K-utca-3-300x200.jpg 300w, https:\/\/new.rothszki.hu\/wp-content\/uploads\/2019\/01\/Lackner-K-utca-3-768x512.jpg 768w, https:\/\/new.rothszki.hu\/wp-content\/uploads\/2019\/01\/Lackner-K-utca-3-465x310.jpg 465w, https:\/\/new.rothszki.hu\/wp-content\/uploads\/2019\/01\/Lackner-K-utca-3-695x464.jpg 695w, https:\/\/new.rothszki.hu\/wp-content\/uploads\/2019\/01\/Lackner-K-utca-3.jpg 1382w\" sizes=\"auto, (max-width: 1024px) 100vw, 1024px\" \/><\/figure><\/li><li class=\"blocks-gallery-item\"><figure><img loading=\"lazy\" decoding=\"async\" width=\"1024\" height=\"683\" src=\"https:\/\/new.rothszki.hu\/wp-content\/uploads\/2019\/01\/Lackner-K-utca-6-1024x683.jpg\" alt=\"\" data-id=\"3175\" data-link=\"https:\/\/new.rothszki.hu\/index.php\/kehop-5-2-10\/lackner-k-utca-6\/\" class=\"wp-image-3175\" srcset=\"https:\/\/new.rothszki.hu\/wp-content\/uploads\/2019\/01\/Lackner-K-utca-6-1024x683.jpg 1024w, https:\/\/new.rothszki.hu\/wp-content\/uploads\/2019\/01\/Lackner-K-utca-6-300x200.jpg 300w, https:\/\/new.rothszki.hu\/wp-content\/uploads\/2019\/01\/Lackner-K-utca-6-768x512.jpg 768w, https:\/\/new.rothszki.hu\/wp-content\/uploads\/2019\/01\/Lackner-K-utca-6-465x310.jpg 465w, https:\/\/new.rothszki.hu\/wp-content\/uploads\/2019\/01\/Lackner-K-utca-6-695x464.jpg 695w, https:\/\/new.rothszki.hu\/wp-content\/uploads\/2019\/01\/Lackner-K-utca-6.jpg 1382w\" sizes=\"auto, (max-width: 1024px) 100vw, 1024px\" \/><\/figure><\/li><li class=\"blocks-gallery-item\"><figure><img loading=\"lazy\" decoding=\"async\" width=\"1024\" height=\"683\" src=\"https:\/\/new.rothszki.hu\/wp-content\/uploads\/2019\/01\/Csarnok-utca-2-1024x683.jpg\" alt=\"\" data-id=\"3174\" data-link=\"https:\/\/new.rothszki.hu\/index.php\/kehop-5-2-10\/csarnok-utca-2\/\" class=\"wp-image-3174\" srcset=\"https:\/\/new.rothszki.hu\/wp-content\/uploads\/2019\/01\/Csarnok-utca-2-1024x683.jpg 1024w, https:\/\/new.rothszki.hu\/wp-content\/uploads\/2019\/01\/Csarnok-utca-2-300x200.jpg 300w, https:\/\/new.rothszki.hu\/wp-content\/uploads\/2019\/01\/Csarnok-utca-2-768x512.jpg 768w, https:\/\/new.rothszki.hu\/wp-content\/uploads\/2019\/01\/Csarnok-utca-2-465x310.jpg 465w, https:\/\/new.rothszki.hu\/wp-content\/uploads\/2019\/01\/Csarnok-utca-2-695x464.jpg 695w, https:\/\/new.rothszki.hu\/wp-content\/uploads\/2019\/01\/Csarnok-utca-2.jpg 1382w\" sizes=\"auto, (max-width: 1024px) 100vw, 1024px\" \/><\/figure><\/li><li class=\"blocks-gallery-item\"><figure><img loading=\"lazy\" decoding=\"async\" width=\"1024\" height=\"683\" src=\"https:\/\/new.rothszki.hu\/wp-content\/uploads\/2019\/01\/Csarnok-utca-5-1024x683.jpg\" alt=\"\" data-id=\"3173\" data-link=\"https:\/\/new.rothszki.hu\/index.php\/kehop-5-2-10\/csarnok-utca-5\/\" class=\"wp-image-3173\" srcset=\"https:\/\/new.rothszki.hu\/wp-content\/uploads\/2019\/01\/Csarnok-utca-5-1024x683.jpg 1024w, https:\/\/new.rothszki.hu\/wp-content\/uploads\/2019\/01\/Csarnok-utca-5-300x200.jpg 300w, https:\/\/new.rothszki.hu\/wp-content\/uploads\/2019\/01\/Csarnok-utca-5-768x512.jpg 768w, https:\/\/new.rothszki.hu\/wp-content\/uploads\/2019\/01\/Csarnok-utca-5-465x310.jpg 465w, https:\/\/new.rothszki.hu\/wp-content\/uploads\/2019\/01\/Csarnok-utca-5-695x464.jpg 695w, https:\/\/new.rothszki.hu\/wp-content\/uploads\/2019\/01\/Csarnok-utca-5.jpg 1382w\" sizes=\"auto, (max-width: 1024px) 100vw, 1024px\" \/><\/figure><\/li><li class=\"blocks-gallery-item\"><figure><img loading=\"lazy\" decoding=\"async\" width=\"1024\" height=\"683\" src=\"https:\/\/new.rothszki.hu\/wp-content\/uploads\/2019\/01\/borton-szarny-05-1024x683.jpg\" alt=\"\" data-id=\"3172\" data-link=\"https:\/\/new.rothszki.hu\/index.php\/kehop-5-2-10\/borton-szarny-05\/\" class=\"wp-image-3172\" srcset=\"https:\/\/new.rothszki.hu\/wp-content\/uploads\/2019\/01\/borton-szarny-05-1024x683.jpg 1024w, https:\/\/new.rothszki.hu\/wp-content\/uploads\/2019\/01\/borton-szarny-05-300x200.jpg 300w, https:\/\/new.rothszki.hu\/wp-content\/uploads\/2019\/01\/borton-szarny-05-768x512.jpg 768w, https:\/\/new.rothszki.hu\/wp-content\/uploads\/2019\/01\/borton-szarny-05-465x310.jpg 465w, https:\/\/new.rothszki.hu\/wp-content\/uploads\/2019\/01\/borton-szarny-05-695x464.jpg 695w, https:\/\/new.rothszki.hu\/wp-content\/uploads\/2019\/01\/borton-szarny-05.jpg 1382w\" sizes=\"auto, (max-width: 1024px) 100vw, 1024px\" \/><\/figure><\/li><li class=\"blocks-gallery-item\"><figure><img loading=\"lazy\" decoding=\"async\" width=\"1024\" height=\"683\" src=\"https:\/\/new.rothszki.hu\/wp-content\/uploads\/2019\/01\/borton-szarny-03-1024x683.jpg\" alt=\"\" data-id=\"3171\" data-link=\"https:\/\/new.rothszki.hu\/index.php\/kehop-5-2-10\/borton-szarny-03\/\" class=\"wp-image-3171\" srcset=\"https:\/\/new.rothszki.hu\/wp-content\/uploads\/2019\/01\/borton-szarny-03-1024x683.jpg 1024w, https:\/\/new.rothszki.hu\/wp-content\/uploads\/2019\/01\/borton-szarny-03-300x200.jpg 300w, https:\/\/new.rothszki.hu\/wp-content\/uploads\/2019\/01\/borton-szarny-03-768x512.jpg 768w, https:\/\/new.rothszki.hu\/wp-content\/uploads\/2019\/01\/borton-szarny-03-465x310.jpg 465w, https:\/\/new.rothszki.hu\/wp-content\/uploads\/2019\/01\/borton-szarny-03-695x464.jpg 695w, https:\/\/new.rothszki.hu\/wp-content\/uploads\/2019\/01\/borton-szarny-03.jpg 1382w\" sizes=\"auto, (max-width: 1024px) 100vw, 1024px\" \/><\/figure><\/li><li class=\"blocks-gallery-item\"><figure><img loading=\"lazy\" decoding=\"async\" width=\"683\" height=\"1024\" src=\"https:\/\/new.rothszki.hu\/wp-content\/uploads\/2019\/01\/borton-szarny-01-683x1024.jpg\" alt=\"\" data-id=\"3170\" data-link=\"https:\/\/new.rothszki.hu\/index.php\/kehop-5-2-10\/borton-szarny-01\/\" class=\"wp-image-3170\" srcset=\"https:\/\/new.rothszki.hu\/wp-content\/uploads\/2019\/01\/borton-szarny-01-683x1024.jpg 683w, https:\/\/new.rothszki.hu\/wp-content\/uploads\/2019\/01\/borton-szarny-01-200x300.jpg 200w, https:\/\/new.rothszki.hu\/wp-content\/uploads\/2019\/01\/borton-szarny-01-768x1151.jpg 768w, https:\/\/new.rothszki.hu\/wp-content\/uploads\/2019\/01\/borton-szarny-01-367x550.jpg 367w, https:\/\/new.rothszki.hu\/wp-content\/uploads\/2019\/01\/borton-szarny-01-334x500.jpg 334w, https:\/\/new.rothszki.hu\/wp-content\/uploads\/2019\/01\/borton-szarny-01.jpg 922w\" sizes=\"auto, (max-width: 683px) 100vw, 683px\" \/><\/figure><\/li><\/ul>\n\n\n\n<p>Int\u00e9zm\u00e9ny\u00fcnk mellett sz\u00e1mos m\u00e1s, az orsz\u00e1g k\u00fcl\u00f6nb\u00f6z\u0151 telep\u00fcl\u00e9s\u00e9n m\u0171k\u00f6d\u0151 agr\u00e1r-szakk\u00e9pz\u0151 iskola val\u00f3s\u00edt meg hasonl\u00f3 fejleszt\u00e9st. Ezekr\u0151l a F\u00f6ldm\u0171vel\u00e9s\u00fcgyi Miniszt\u00e9rium mint az int\u00e9zm\u00e9nyek fenntart\u00f3ja \u00e1ltal \u00f6ssze\u00e1ll\u00edtott, az al\u00e1bbi linken el\u00e9rhet\u0151 \u00f6sszes\u00edt\u0151b\u0151l t\u00e1j\u00e9koz\u00f3dhat:<\/p>\n\n\n\n<p><a href=\"http:\/\/kehop.fm.gov.hu\/test\/\">http:\/\/kehop.fm.gov.hu\/test\/<\/a><\/p>\n","protected":false},"excerpt":{"rendered":"<p>Tisztelt L\u00e1togat\u00f3! Int\u00e9zm\u00e9ny\u00fcnk 2017-ben komplex \u00e9p\u00fcletenergetikai fejleszt\u00e9st val\u00f3s\u00edt meg eur\u00f3pai uni\u00f3s t\u00e1mogat\u00e1s felhaszn\u00e1l\u00e1s\u00e1val. Projekt\u00fcnk a K\u00f6rnyezeti \u00e9s Energiahat\u00e9konys\u00e1gi Operat\u00edv Program (KEHOP) r\u00e9sz\u00e9t k\u00e9pez\u0151, \u201eK\u00f6lts\u00e9gvet\u00e9si szervek p\u00e1ly\u00e1zatos \u00e9p\u00fcletenergetikai fejleszt\u00e9sei\u201d c\u00edm\u0171 p\u00e1ly\u00e1zati konstrukci\u00f3 t\u00e1mogat\u00e1s\u00e1val val\u00f3sul meg. Az Eur\u00f3pai Uni\u00f3 \u00e9s Magyarorsz\u00e1g Korm\u00e1nya \u00e1ltal ny\u00fajtott t\u00e1mogat\u00e1s ar\u00e1nya a projekt k\u00f6lts\u00e9gvet\u00e9s\u00e9n bel\u00fcl 100 sz\u00e1zal\u00e9k.<span class=\"more-link\"><a href=\"https:\/\/new.rothszki.hu\/index.php\/kehop-5-2-10\/\">Tov\u00e1bb&#8230;<\/a><\/span><\/p>\n","protected":false},"author":1,"featured_media":0,"parent":0,"menu_order":0,"comment_status":"closed","ping_status":"closed","template":"","meta":{"_monsterinsights_skip_tracking":false,"_monsterinsights_sitenote_active":false,"_monsterinsights_sitenote_note":"","_monsterinsights_sitenote_category":0,"footnotes":""},"class_list":["entry","author-csendes-belarothszki-hu","post-3086","page","type-page","status-publish"],"_links":{"self":[{"href":"https:\/\/new.rothszki.hu\/index.php\/wp-json\/wp\/v2\/pages\/3086","targetHints":{"allow":["GET"]}}],"collection":[{"href":"https:\/\/new.rothszki.hu\/index.php\/wp-json\/wp\/v2\/pages"}],"about":[{"href":"https:\/\/new.rothszki.hu\/index.php\/wp-json\/wp\/v2\/types\/page"}],"author":[{"embeddable":true,"href":"https:\/\/new.rothszki.hu\/index.php\/wp-json\/wp\/v2\/users\/1"}],"replies":[{"embeddable":true,"href":"https:\/\/new.rothszki.hu\/index.php\/wp-json\/wp\/v2\/comments?post=3086"}],"version-history":[{"count":2,"href":"https:\/\/new.rothszki.hu\/index.php\/wp-json\/wp\/v2\/pages\/3086\/revisions"}],"predecessor-version":[{"id":3179,"href":"https:\/\/new.rothszki.hu\/index.php\/wp-json\/wp\/v2\/pages\/3086\/revisions\/3179"}],"wp:attachment":[{"href":"https:\/\/new.rothszki.hu\/index.php\/wp-json\/wp\/v2\/media?parent=3086"}],"curies":[{"name":"wp","href":"https:\/\/api.w.org\/{rel}","templated":true}]}}