{"id":3088,"date":"2019-01-19T17:15:11","date_gmt":"2019-01-19T17:15:11","guid":{"rendered":"https:\/\/new.rothszki.hu\/?page_id=3088"},"modified":"2025-12-15T07:57:13","modified_gmt":"2025-12-15T07:57:13","slug":"kehop-5-2-2","status":"publish","type":"page","link":"https:\/\/new.rothszki.hu\/index.php\/kehop-5-2-2\/","title":{"rendered":"KEHOP 5.2.2"},"content":{"rendered":"\n<div class=\"wp-block-file\"><a id=\"wp-block-file--media-265950a7-5f53-4d61-b747-6a35189a0482\" href=\"https:\/\/new.rothszki.hu\/wp-content\/uploads\/2025\/12\/KEHOP-522-202512.pdf\">KEHOP 5.2.2-16-2017-00118<\/a><a href=\"https:\/\/new.rothszki.hu\/wp-content\/uploads\/2025\/12\/KEHOP-522-202512.pdf\" class=\"wp-block-file__button wp-element-button\" download aria-describedby=\"wp-block-file--media-265950a7-5f53-4d61-b747-6a35189a0482\">Let\u00f6lt\u00e9s<\/a><\/div>\n\n\n\n<p><strong>Tisztelt L\u00e1togat\u00f3!<\/strong><\/p>\n\n\n\n<p>Int\u00e9zm\u00e9ny\u00fcnk 2019-ben komplex \u00e9p\u00fcletenergetikai fejleszt\u00e9st val\u00f3s\u00edt  meg eur\u00f3pai uni\u00f3s t\u00e1mogat\u00e1s felhaszn\u00e1l\u00e1s\u00e1val. Projekt\u00fcnk a K\u00f6rnyezeti \u00e9s  Energiahat\u00e9konys\u00e1gi Operat\u00edv Program (KEHOP) r\u00e9sz\u00e9t k\u00e9pez\u0151,  \u201eK\u00f6lts\u00e9gvet\u00e9si szervek p\u00e1ly\u00e1zatos \u00e9p\u00fcletenergetikai fejleszt\u00e9sei\u201d c\u00edm\u0171  p\u00e1ly\u00e1zati konstrukci\u00f3 t\u00e1mogat\u00e1s\u00e1val val\u00f3sul meg. Az Eur\u00f3pai Uni\u00f3 \u00e9s  Magyarorsz\u00e1g Korm\u00e1nya \u00e1ltal ny\u00fajtott t\u00e1mogat\u00e1s ar\u00e1nya a projekt  k\u00f6lts\u00e9gvet\u00e9s\u00e9n bel\u00fcl 100 sz\u00e1zal\u00e9k.<\/p>\n\n\n\n<p><em>Projekt\u00fcnk r\u00f6vid le\u00edr\u00e1sa<\/em><\/p>\n\n\n\n<p>A projekt c\u00e9lja a Kisalf\u00f6ldi ASZC Roth Gyula Erd\u00e9szeti Technikum, Szakk\u00e9pz\u0151 Iskola \u00e9s Koll\u00e9gium \u00fczemeltet\u00e9s\u00e9ben lev\u0151 koll\u00e9giumi \u00e9p\u00fclet energetikai korszer\u0171s\u00edt\u00e9se. Az \u00e9p\u00fclet \u00fczemeltet\u00e9si k\u00f6lts\u00e9gei az iskola \u00e9ves k\u00f6lts\u00e9geinek egy igen jelent\u0151s r\u00e9sz\u00e9t teszik ki. A magas \u00fczemeltet\u00e9si k\u00f6lts\u00e9geket f\u0151leg a f\u0171t\u00e9si h\u0151ig\u00e9nyb\u0151l sz\u00e1rmaz\u00f3 magas g\u00e1zenergia-k\u00f6lts\u00e9g teszi ki. Ezek alapj\u00e1n javasolt a f\u0171t\u00e9si energiaig\u00e9ny cs\u00f6kkent\u00e9se, ami az \u00e9p\u00fclet padl\u00e1sf\u00f6d\u00e9m\u00e9nek h\u0151szigetel\u00e9s\u00e9vel, ny\u00edl\u00e1sz\u00e1r\u00f3inak cser\u00e9j\u00e9vel \u00e9s fel\u00faj\u00edt\u00e1s\u00e1val \u00e9rhet\u0151 el. A projekt keretein bel\u00fcl lehet\u0151s\u00e9g ny\u00edlik az \u00e9p\u00fclet fenntart\u00e1si k\u00f6lts\u00e9geinek, valamint \u00dcHG kibocs\u00e1t\u00e1sainak cs\u00f6kkent\u00e9s\u00e9re, mindamellett, hogy jelent\u0151s komfort\u00e9rzet-n\u00f6veked\u00e9s is el\u00e9rhet\u0151.<\/p>\n\n\n\n<p><strong>A kedvezm\u00e9nyezett neve:<\/strong><\/p>\n\n\n\n<p>Kisalf\u00f6ldi ASZC Roth Gyula Erd\u00e9szeti Technikum, Szakk\u00e9pz\u0151 Iskola \u00e9s Koll\u00e9gium<\/p>\n\n\n\n<ul class=\"wp-block-list\">\n<li>Meg\u00edt\u00e9lt t\u00e1mogat\u00e1s \u00f6sszege:&nbsp;<strong>320&nbsp;948&nbsp;370<\/strong><strong>&nbsp;Forint<\/strong><\/li>\n\n\n\n<li>A beruh\u00e1z\u00e1s \u00f6sszk\u00f6lts\u00e9ge:<strong>&nbsp;320&nbsp;948&nbsp;370 Forint<\/strong><\/li>\n\n\n\n<li>A t\u00e1mogat\u00e1s intenzit\u00e1sa:&nbsp;<strong>100 %<\/strong><\/li>\n\n\n\n<li>Megval\u00f3s\u00edt\u00e1s kezd\u0151 id\u0151pontja:&nbsp;<strong>2020.04.17.<\/strong><\/li>\n\n\n\n<li>Befejez\u00e9s id\u0151pontja<strong>: 2021.10.29.<\/strong><\/li>\n<\/ul>\n\n\n\n<p>A <strong>KEHOP-5.2.2-16-2017-00118<\/strong> projekt megval\u00f3sult, befejez\u00e9se 2021. okt\u00f3ber 29-\u00e9n megt\u00f6rt\u00e9nt.<\/p>\n\n\n\n<p>R\u00e9szletek:<\/p>\n\n\n\n<div class=\"wp-block-file\"><a id=\"wp-block-file--media-77ab326f-32c9-4741-81bb-e70663f5e6dc\" href=\"https:\/\/new.rothszki.hu\/wp-content\/uploads\/2025\/12\/KEHOP-522-202512.pdf\">KEHOP 5.2.2-16-2017-00118<\/a><a href=\"https:\/\/new.rothszki.hu\/wp-content\/uploads\/2025\/12\/KEHOP-522-202512.pdf\" class=\"wp-block-file__button wp-element-button\" download aria-describedby=\"wp-block-file--media-77ab326f-32c9-4741-81bb-e70663f5e6dc\">Let\u00f6lt\u00e9s<\/a><\/div>\n","protected":false},"excerpt":{"rendered":"<p>Tisztelt L\u00e1togat\u00f3! Int\u00e9zm\u00e9ny\u00fcnk 2019-ben komplex \u00e9p\u00fcletenergetikai fejleszt\u00e9st val\u00f3s\u00edt meg eur\u00f3pai uni\u00f3s t\u00e1mogat\u00e1s felhaszn\u00e1l\u00e1s\u00e1val. Projekt\u00fcnk a K\u00f6rnyezeti \u00e9s Energiahat\u00e9konys\u00e1gi Operat\u00edv Program (KEHOP) r\u00e9sz\u00e9t k\u00e9pez\u0151, \u201eK\u00f6lts\u00e9gvet\u00e9si szervek p\u00e1ly\u00e1zatos \u00e9p\u00fcletenergetikai fejleszt\u00e9sei\u201d c\u00edm\u0171 p\u00e1ly\u00e1zati konstrukci\u00f3 t\u00e1mogat\u00e1s\u00e1val val\u00f3sul meg. Az Eur\u00f3pai Uni\u00f3 \u00e9s Magyarorsz\u00e1g Korm\u00e1nya \u00e1ltal ny\u00fajtott t\u00e1mogat\u00e1s ar\u00e1nya a projekt k\u00f6lts\u00e9gvet\u00e9s\u00e9n bel\u00fcl 100 sz\u00e1zal\u00e9k.<span class=\"more-link\"><a href=\"https:\/\/new.rothszki.hu\/index.php\/kehop-5-2-2\/\">Tov\u00e1bb&#8230;<\/a><\/span><\/p>\n","protected":false},"author":1,"featured_media":0,"parent":0,"menu_order":0,"comment_status":"closed","ping_status":"closed","template":"","meta":{"_monsterinsights_skip_tracking":false,"_monsterinsights_sitenote_active":false,"_monsterinsights_sitenote_note":"","_monsterinsights_sitenote_category":0,"footnotes":""},"class_list":["entry","author-csendes-belarothszki-hu","post-3088","page","type-page","status-publish"],"_links":{"self":[{"href":"https:\/\/new.rothszki.hu\/index.php\/wp-json\/wp\/v2\/pages\/3088","targetHints":{"allow":["GET"]}}],"collection":[{"href":"https:\/\/new.rothszki.hu\/index.php\/wp-json\/wp\/v2\/pages"}],"about":[{"href":"https:\/\/new.rothszki.hu\/index.php\/wp-json\/wp\/v2\/types\/page"}],"author":[{"embeddable":true,"href":"https:\/\/new.rothszki.hu\/index.php\/wp-json\/wp\/v2\/users\/1"}],"replies":[{"embeddable":true,"href":"https:\/\/new.rothszki.hu\/index.php\/wp-json\/wp\/v2\/comments?post=3088"}],"version-history":[{"count":18,"href":"https:\/\/new.rothszki.hu\/index.php\/wp-json\/wp\/v2\/pages\/3088\/revisions"}],"predecessor-version":[{"id":12560,"href":"https:\/\/new.rothszki.hu\/index.php\/wp-json\/wp\/v2\/pages\/3088\/revisions\/12560"}],"wp:attachment":[{"href":"https:\/\/new.rothszki.hu\/index.php\/wp-json\/wp\/v2\/media?parent=3088"}],"curies":[{"name":"wp","href":"https:\/\/api.w.org\/{rel}","templated":true}]}}