{"id":3121,"date":"2019-01-19T18:25:52","date_gmt":"2019-01-19T18:25:52","guid":{"rendered":"https:\/\/new.rothszki.hu\/?page_id=3121"},"modified":"2019-01-23T08:09:16","modified_gmt":"2019-01-23T08:09:16","slug":"felveteli-informaciok-nappali-tagozatra","status":"publish","type":"page","link":"https:\/\/new.rothszki.hu\/index.php\/felveteli-informaciok-nappali-tagozatra\/","title":{"rendered":"Felv\u00e9teli inform\u00e1ci\u00f3k nappali tagozatra"},"content":{"rendered":"\n<p>ROTH GYULA ERD\u00c9SZETI, FAIPARI, KERT\u00c9SZETI, K\u00d6RNYEZETV\u00c9DELMI<br> SZAKGIMN\u00c1ZIUM, SZAKK\u00d6Z\u00c9PISKOLA \u00c9S KOLL\u00c9GIUM<br> 9400 SOPRON, Szt. Gy\u00f6rgy u. 9. Lev\u00e9lc\u00edm: 9401 Pf. 26. Tel.: 99\/506\u2013470<br> Fax: 99\/506\u2013479; E-mail: rothszki@t-online.hu; Honlap: http:\/\/www.rothszki.hu<br> P\u00e1lyav\u00e1laszt\u00e1si felel\u0151s: Nagy Zsolt igazgat\u00f3helyettes OM azonos\u00edt\u00f3: 030728<br><\/p>\n\n\n\n<p> T \u00c1 J \u00c9 K O Z T A T \u00d3<br> 2019\/2020. \u00e9vi tan\u00e9vi felv\u00e9teli elj\u00e1r\u00e1shoz<br><\/p>\n\n\n\n<div class=\"wp-block-file\"><a href=\"https:\/\/new.rothszki.hu\/wp-content\/uploads\/2019\/01\/Tajekoztato-jelentkezesi-lap-erettsegi-utan-nappali-szakkepzesrol-2016.pdf\">Felv\u00e9teli t\u00e1j\u00e9koztat\u00f3<\/a><a href=\"https:\/\/new.rothszki.hu\/wp-content\/uploads\/2019\/01\/Tajekoztato-jelentkezesi-lap-erettsegi-utan-nappali-szakkepzesrol-2016.pdf\" class=\"wp-block-file__button\" download>Let\u00f6lt\u00e9s<\/a><\/div>\n","protected":false},"excerpt":{"rendered":"<p>ROTH GYULA ERD\u00c9SZETI, FAIPARI, KERT\u00c9SZETI, K\u00d6RNYEZETV\u00c9DELMI SZAKGIMN\u00c1ZIUM, SZAKK\u00d6Z\u00c9PISKOLA \u00c9S KOLL\u00c9GIUM 9400 SOPRON, Szt. Gy\u00f6rgy u. 9. Lev\u00e9lc\u00edm: 9401 Pf. 26. Tel.: 99\/506\u2013470 Fax: 99\/506\u2013479; E-mail: rothszki@t-online.hu; Honlap: http:\/\/www.rothszki.hu P\u00e1lyav\u00e1laszt\u00e1si felel\u0151s: Nagy Zsolt igazgat\u00f3helyettes OM azonos\u00edt\u00f3: 030728 T \u00c1 J \u00c9 K O Z T A T \u00d3 2019\/2020. \u00e9vi tan\u00e9vi<span class=\"more-link\"><a href=\"https:\/\/new.rothszki.hu\/index.php\/felveteli-informaciok-nappali-tagozatra\/\">Tov\u00e1bb&#8230;<\/a><\/span><\/p>\n","protected":false},"author":1,"featured_media":2214,"parent":0,"menu_order":0,"comment_status":"closed","ping_status":"closed","template":"","meta":{"_monsterinsights_skip_tracking":false,"_monsterinsights_sitenote_active":false,"_monsterinsights_sitenote_note":"","_monsterinsights_sitenote_category":0,"footnotes":""},"class_list":["entry","author-csendes-belarothszki-hu","post-3121","page","type-page","status-publish","has-post-thumbnail"],"_links":{"self":[{"href":"https:\/\/new.rothszki.hu\/index.php\/wp-json\/wp\/v2\/pages\/3121","targetHints":{"allow":["GET"]}}],"collection":[{"href":"https:\/\/new.rothszki.hu\/index.php\/wp-json\/wp\/v2\/pages"}],"about":[{"href":"https:\/\/new.rothszki.hu\/index.php\/wp-json\/wp\/v2\/types\/page"}],"author":[{"embeddable":true,"href":"https:\/\/new.rothszki.hu\/index.php\/wp-json\/wp\/v2\/users\/1"}],"replies":[{"embeddable":true,"href":"https:\/\/new.rothszki.hu\/index.php\/wp-json\/wp\/v2\/comments?post=3121"}],"version-history":[{"count":3,"href":"https:\/\/new.rothszki.hu\/index.php\/wp-json\/wp\/v2\/pages\/3121\/revisions"}],"predecessor-version":[{"id":3382,"href":"https:\/\/new.rothszki.hu\/index.php\/wp-json\/wp\/v2\/pages\/3121\/revisions\/3382"}],"wp:featuredmedia":[{"embeddable":true,"href":"https:\/\/new.rothszki.hu\/index.php\/wp-json\/wp\/v2\/media\/2214"}],"wp:attachment":[{"href":"https:\/\/new.rothszki.hu\/index.php\/wp-json\/wp\/v2\/media?parent=3121"}],"curies":[{"name":"wp","href":"https:\/\/api.w.org\/{rel}","templated":true}]}}