{"id":3122,"date":"2019-01-19T18:26:38","date_gmt":"2019-01-19T18:26:38","guid":{"rendered":"https:\/\/new.rothszki.hu\/?page_id=3122"},"modified":"2021-07-03T11:00:18","modified_gmt":"2021-07-03T11:00:18","slug":"felveteli-informaciok-esti-tagozatra","status":"publish","type":"page","link":"https:\/\/new.rothszki.hu\/index.php\/felveteli-informaciok-esti-tagozatra\/","title":{"rendered":"Felv\u00e9teli inform\u00e1ci\u00f3k esti tagozatra"},"content":{"rendered":"\n<div class=\"wp-block-file\"><a href=\"https:\/\/new.rothszki.hu\/wp-content\/uploads\/2021\/07\/felnottkepzesi-tajekoztato_erdesztechnikus_2021.pdf\">feln\u0151ttk\u00e9pz\u00e9si t\u00e1j\u00e9koztat\u00f3_erd\u00e9sztechnikus_2021<\/a><a href=\"https:\/\/new.rothszki.hu\/wp-content\/uploads\/2021\/07\/felnottkepzesi-tajekoztato_erdesztechnikus_2021.pdf\" class=\"wp-block-file__button\" download>Let\u00f6lt\u00e9s<\/a><\/div>\n\n\n<a href=\"https:\/\/new.rothszki.hu\/wp-content\/uploads\/2021\/07\/felnottkepzesi-tajekoztato_erdesztechnikus_2021.pdf\" class=\"pdfemb-viewer\" style=\"\" data-width=\"max\" data-height=\"max\" data-toolbar=\"both\" data-toolbar-fixed=\"on\">felnottkepzesi-tajekoztato_erdesztechnikus_2021<\/a>\n<p class=\"wp-block-pdfemb-pdf-embedder-viewer\"><\/p>\n\n\n\n<p><\/p>\n","protected":false},"excerpt":{"rendered":"<p><span class=\"more-link\"><a href=\"https:\/\/new.rothszki.hu\/index.php\/felveteli-informaciok-esti-tagozatra\/\">Tov\u00e1bb&#8230;<\/a><\/span><\/p>\n","protected":false},"author":1,"featured_media":2214,"parent":0,"menu_order":0,"comment_status":"closed","ping_status":"closed","template":"","meta":{"_monsterinsights_skip_tracking":false,"_monsterinsights_sitenote_active":false,"_monsterinsights_sitenote_note":"","_monsterinsights_sitenote_category":0,"footnotes":""},"class_list":["entry","author-csendes-belarothszki-hu","post-3122","page","type-page","status-publish","has-post-thumbnail"],"_links":{"self":[{"href":"https:\/\/new.rothszki.hu\/index.php\/wp-json\/wp\/v2\/pages\/3122","targetHints":{"allow":["GET"]}}],"collection":[{"href":"https:\/\/new.rothszki.hu\/index.php\/wp-json\/wp\/v2\/pages"}],"about":[{"href":"https:\/\/new.rothszki.hu\/index.php\/wp-json\/wp\/v2\/types\/page"}],"author":[{"embeddable":true,"href":"https:\/\/new.rothszki.hu\/index.php\/wp-json\/wp\/v2\/users\/1"}],"replies":[{"embeddable":true,"href":"https:\/\/new.rothszki.hu\/index.php\/wp-json\/wp\/v2\/comments?post=3122"}],"version-history":[{"count":5,"href":"https:\/\/new.rothszki.hu\/index.php\/wp-json\/wp\/v2\/pages\/3122\/revisions"}],"predecessor-version":[{"id":7001,"href":"https:\/\/new.rothszki.hu\/index.php\/wp-json\/wp\/v2\/pages\/3122\/revisions\/7001"}],"wp:featuredmedia":[{"embeddable":true,"href":"https:\/\/new.rothszki.hu\/index.php\/wp-json\/wp\/v2\/media\/2214"}],"wp:attachment":[{"href":"https:\/\/new.rothszki.hu\/index.php\/wp-json\/wp\/v2\/media?parent=3122"}],"curies":[{"name":"wp","href":"https:\/\/api.w.org\/{rel}","templated":true}]}}