{"id":3133,"date":"2024-09-10T18:50:00","date_gmt":"2024-09-10T18:50:00","guid":{"rendered":"https:\/\/new.rothszki.hu\/?page_id=3133"},"modified":"2025-11-09T20:58:17","modified_gmt":"2025-11-09T20:58:17","slug":"a-tanev-rendje","status":"publish","type":"page","link":"https:\/\/new.rothszki.hu\/index.php\/a-tanev-rendje\/","title":{"rendered":"A tan\u00e9v rendje"},"content":{"rendered":"\n<p>A 2025\/26-OS TAN\u00c9V HELYI RENDJE<\/p>\n\n\n\n<h2 class=\"wp-block-heading\">Roth Gyula Erd\u00e9szeti Technikum, Szakk\u00e9pz\u0151 Iskola \u00e9s Koll\u00e9gium<\/h2>\n\n\n\n<div class=\"wp-block-file\"><a id=\"wp-block-file--media-c60d790e-9e9c-48a5-a7d7-7a99b0498d12\" href=\"https:\/\/new.rothszki.hu\/wp-content\/uploads\/2025\/11\/Tanev-rendje-25-26.pdf\">Tanev rendje 25-26<\/a><a href=\"https:\/\/new.rothszki.hu\/wp-content\/uploads\/2025\/11\/Tanev-rendje-25-26.pdf\" class=\"wp-block-file__button wp-element-button\" download aria-describedby=\"wp-block-file--media-c60d790e-9e9c-48a5-a7d7-7a99b0498d12\">Let\u00f6lt\u00e9s<\/a><\/div>\n\n\n\n<p><\/p>\n","protected":false},"excerpt":{"rendered":"<p>A 2025\/26-OS TAN\u00c9V HELYI RENDJE Roth Gyula Erd\u00e9szeti Technikum, Szakk\u00e9pz\u0151 Iskola \u00e9s Koll\u00e9gium<span class=\"more-link\"><a href=\"https:\/\/new.rothszki.hu\/index.php\/a-tanev-rendje\/\">Tov\u00e1bb&#8230;<\/a><\/span><\/p>\n","protected":false},"author":1,"featured_media":3618,"parent":0,"menu_order":0,"comment_status":"closed","ping_status":"closed","template":"","meta":{"_monsterinsights_skip_tracking":false,"_monsterinsights_sitenote_active":false,"_monsterinsights_sitenote_note":"","_monsterinsights_sitenote_category":0,"footnotes":""},"class_list":["entry","author-csendes-belarothszki-hu","post-3133","page","type-page","status-publish","has-post-thumbnail"],"_links":{"self":[{"href":"https:\/\/new.rothszki.hu\/index.php\/wp-json\/wp\/v2\/pages\/3133","targetHints":{"allow":["GET"]}}],"collection":[{"href":"https:\/\/new.rothszki.hu\/index.php\/wp-json\/wp\/v2\/pages"}],"about":[{"href":"https:\/\/new.rothszki.hu\/index.php\/wp-json\/wp\/v2\/types\/page"}],"author":[{"embeddable":true,"href":"https:\/\/new.rothszki.hu\/index.php\/wp-json\/wp\/v2\/users\/1"}],"replies":[{"embeddable":true,"href":"https:\/\/new.rothszki.hu\/index.php\/wp-json\/wp\/v2\/comments?post=3133"}],"version-history":[{"count":13,"href":"https:\/\/new.rothszki.hu\/index.php\/wp-json\/wp\/v2\/pages\/3133\/revisions"}],"predecessor-version":[{"id":12437,"href":"https:\/\/new.rothszki.hu\/index.php\/wp-json\/wp\/v2\/pages\/3133\/revisions\/12437"}],"wp:featuredmedia":[{"embeddable":true,"href":"https:\/\/new.rothszki.hu\/index.php\/wp-json\/wp\/v2\/media\/3618"}],"wp:attachment":[{"href":"https:\/\/new.rothszki.hu\/index.php\/wp-json\/wp\/v2\/media?parent=3133"}],"curies":[{"name":"wp","href":"https:\/\/api.w.org\/{rel}","templated":true}]}}