{"id":3137,"date":"2019-01-19T18:55:13","date_gmt":"2019-01-19T18:55:13","guid":{"rendered":"https:\/\/new.rothszki.hu\/?page_id=3137"},"modified":"2019-01-19T18:55:13","modified_gmt":"2019-01-19T18:55:13","slug":"szep-erdesz-kollegium-alapitvany","status":"publish","type":"page","link":"https:\/\/new.rothszki.hu\/index.php\/szep-erdesz-kollegium-alapitvany\/","title":{"rendered":"Sz\u00e9p Erd\u00e9sz Koll\u00e9gium Alap\u00edtv\u00e1ny"},"content":{"rendered":"\n<p>Az Alap\u00edtv\u00e1ny c\u00e9ljai&#8230;.<\/p>\n","protected":false},"excerpt":{"rendered":"<p>Az Alap\u00edtv\u00e1ny c\u00e9ljai&#8230;.<span class=\"more-link\"><a href=\"https:\/\/new.rothszki.hu\/index.php\/szep-erdesz-kollegium-alapitvany\/\">Tov\u00e1bb&#8230;<\/a><\/span><\/p>\n","protected":false},"author":1,"featured_media":0,"parent":0,"menu_order":0,"comment_status":"closed","ping_status":"closed","template":"","meta":{"_monsterinsights_skip_tracking":false,"_monsterinsights_sitenote_active":false,"_monsterinsights_sitenote_note":"","_monsterinsights_sitenote_category":0,"footnotes":""},"class_list":["entry","author-csendes-belarothszki-hu","post-3137","page","type-page","status-publish"],"_links":{"self":[{"href":"https:\/\/new.rothszki.hu\/index.php\/wp-json\/wp\/v2\/pages\/3137","targetHints":{"allow":["GET"]}}],"collection":[{"href":"https:\/\/new.rothszki.hu\/index.php\/wp-json\/wp\/v2\/pages"}],"about":[{"href":"https:\/\/new.rothszki.hu\/index.php\/wp-json\/wp\/v2\/types\/page"}],"author":[{"embeddable":true,"href":"https:\/\/new.rothszki.hu\/index.php\/wp-json\/wp\/v2\/users\/1"}],"replies":[{"embeddable":true,"href":"https:\/\/new.rothszki.hu\/index.php\/wp-json\/wp\/v2\/comments?post=3137"}],"version-history":[{"count":1,"href":"https:\/\/new.rothszki.hu\/index.php\/wp-json\/wp\/v2\/pages\/3137\/revisions"}],"predecessor-version":[{"id":3138,"href":"https:\/\/new.rothszki.hu\/index.php\/wp-json\/wp\/v2\/pages\/3137\/revisions\/3138"}],"wp:attachment":[{"href":"https:\/\/new.rothszki.hu\/index.php\/wp-json\/wp\/v2\/media?parent=3137"}],"curies":[{"name":"wp","href":"https:\/\/api.w.org\/{rel}","templated":true}]}}