{"id":3141,"date":"2019-11-19T19:16:11","date_gmt":"2019-11-19T19:16:11","guid":{"rendered":"https:\/\/new.rothszki.hu\/?page_id=3141"},"modified":"2019-11-26T07:18:46","modified_gmt":"2019-11-26T07:18:46","slug":"gyakorlati-rend","status":"publish","type":"page","link":"https:\/\/new.rothszki.hu\/index.php\/gyakorlati-rend\/","title":{"rendered":"Gyakorlati rend"},"content":{"rendered":"\n<h3 class=\"wp-block-heading\">12-13. \u00e9vfolyam<\/h3>\n\n\n\n<div class=\"wp-block-file\"><a href=\"https:\/\/new.rothszki.hu\/wp-content\/uploads\/2019\/11\/Gyakorlati-beoszt\u00e1s_12_13_2019-\u00f6sszes\u00edtett.pdf\">Gyakorlati beoszt\u00e1s_12_13_2019 \u00f6sszes\u00edtett<\/a><a href=\"https:\/\/new.rothszki.hu\/wp-content\/uploads\/2019\/11\/Gyakorlati-beoszt\u00e1s_12_13_2019-\u00f6sszes\u00edtett.pdf\" class=\"wp-block-file__button\" download>Let\u00f6lt\u00e9s<\/a><\/div>\n\n\n<a href=\"https:\/\/new.rothszki.hu\/wp-content\/uploads\/2019\/11\/Gyakorlati-beoszt\u00e1s_12_13_2019-\u00f6sszes\u00edtett.pdf\" class=\"pdfemb-viewer\" style=\"\" data-width=\"max\" data-height=\"max\" data-toolbar=\"both\" data-toolbar-fixed=\"on\">Gyakorlati-beoszt\u00e1s_12_13_2019-\u00f6sszes\u00edtett<\/a>\n<p class=\"wp-block-pdfemb-pdf-embedder-viewer\"><\/p>\n\n\n\n<h3 class=\"wp-block-heading\">9-10-11. \u00e9vfolyam<\/h3>\n\n\n\n<div class=\"wp-block-file\"><a href=\"https:\/\/new.rothszki.hu\/wp-content\/uploads\/2019\/11\/Gyakorlati-beoszt\u00e1s_9_10_11_2019-\u00f6sszes\u00edtett.pdf\">Gyakorlati-beoszt\u00e1s_9_10_11_2019-\u00f6sszes\u00edtett<\/a><a href=\"https:\/\/new.rothszki.hu\/wp-content\/uploads\/2019\/11\/Gyakorlati-beoszt\u00e1s_9_10_11_2019-\u00f6sszes\u00edtett.pdf\" class=\"wp-block-file__button\" download>Let\u00f6lt\u00e9s<\/a><\/div>\n\n\n<a href=\"https:\/\/new.rothszki.hu\/wp-content\/uploads\/2019\/11\/Gyakorlati-beoszt\u00e1s_9_10_11_2019-\u00f6sszes\u00edtett.pdf\" class=\"pdfemb-viewer\" style=\"\" data-width=\"max\" data-height=\"max\" data-toolbar=\"both\" data-toolbar-fixed=\"on\">Gyakorlati-beoszt\u00e1s_9_10_11_2019-\u00f6sszes\u00edtett<\/a>\n<p class=\"wp-block-pdfemb-pdf-embedder-viewer\"><\/p>\n","protected":false},"excerpt":{"rendered":"<p>12-13. \u00e9vfolyam 9-10-11. \u00e9vfolyam<span class=\"more-link\"><a href=\"https:\/\/new.rothszki.hu\/index.php\/gyakorlati-rend\/\">Tov\u00e1bb&#8230;<\/a><\/span><\/p>\n","protected":false},"author":1,"featured_media":0,"parent":0,"menu_order":0,"comment_status":"closed","ping_status":"closed","template":"","meta":{"_monsterinsights_skip_tracking":false,"_monsterinsights_sitenote_active":false,"_monsterinsights_sitenote_note":"","_monsterinsights_sitenote_category":0,"footnotes":""},"class_list":["entry","author-csendes-belarothszki-hu","post-3141","page","type-page","status-publish"],"_links":{"self":[{"href":"https:\/\/new.rothszki.hu\/index.php\/wp-json\/wp\/v2\/pages\/3141","targetHints":{"allow":["GET"]}}],"collection":[{"href":"https:\/\/new.rothszki.hu\/index.php\/wp-json\/wp\/v2\/pages"}],"about":[{"href":"https:\/\/new.rothszki.hu\/index.php\/wp-json\/wp\/v2\/types\/page"}],"author":[{"embeddable":true,"href":"https:\/\/new.rothszki.hu\/index.php\/wp-json\/wp\/v2\/users\/1"}],"replies":[{"embeddable":true,"href":"https:\/\/new.rothszki.hu\/index.php\/wp-json\/wp\/v2\/comments?post=3141"}],"version-history":[{"count":9,"href":"https:\/\/new.rothszki.hu\/index.php\/wp-json\/wp\/v2\/pages\/3141\/revisions"}],"predecessor-version":[{"id":5713,"href":"https:\/\/new.rothszki.hu\/index.php\/wp-json\/wp\/v2\/pages\/3141\/revisions\/5713"}],"wp:attachment":[{"href":"https:\/\/new.rothszki.hu\/index.php\/wp-json\/wp\/v2\/media?parent=3141"}],"curies":[{"name":"wp","href":"https:\/\/api.w.org\/{rel}","templated":true}]}}