{"id":3498,"date":"2019-02-04T07:00:14","date_gmt":"2019-02-04T07:00:14","guid":{"rendered":"https:\/\/new.rothszki.hu\/?page_id=3498"},"modified":"2023-10-17T11:21:02","modified_gmt":"2023-10-17T11:21:02","slug":"oktatasi-segedanyagok-szakdolgozat","status":"publish","type":"page","link":"https:\/\/new.rothszki.hu\/index.php\/oktatasi-segedanyagok-szakdolgozat\/","title":{"rendered":"Oktat\u00e1si seg\u00e9danyagok, szakdolgozat"},"content":{"rendered":"\n<div class=\"wp-block-file\"><a id=\"wp-block-file--media-321c3070-128d-44ed-b192-ae1bbf049743\" href=\"https:\/\/new.rothszki.hu\/wp-content\/uploads\/2019\/11\/Konzult\u00e1ci\u00f3s-lap-\u00fcres.docx\">Konzult\u00e1ci\u00f3s-lap-\u00fcres<\/a><a href=\"https:\/\/new.rothszki.hu\/wp-content\/uploads\/2019\/11\/Konzult\u00e1ci\u00f3s-lap-\u00fcres.docx\" class=\"wp-block-file__button wp-element-button\" download aria-describedby=\"wp-block-file--media-321c3070-128d-44ed-b192-ae1bbf049743\">Let\u00f6lt\u00e9s<\/a><\/div>\n\n\n\n<div class=\"wp-block-file\"><a id=\"wp-block-file--media-235ec4fb-814a-41fb-a6c0-0be5b7228704\" href=\"https:\/\/new.rothszki.hu\/wp-content\/uploads\/2023\/10\/SZAKDOLGOZAT-feladat-2023.docx\">SZAKDOLGOZAT-feladat-2023<\/a><a href=\"https:\/\/new.rothszki.hu\/wp-content\/uploads\/2023\/10\/SZAKDOLGOZAT-feladat-2023.docx\" class=\"wp-block-file__button wp-element-button\" download aria-describedby=\"wp-block-file--media-235ec4fb-814a-41fb-a6c0-0be5b7228704\">Let\u00f6lt\u00e9s<\/a><\/div>\n\n\n\n<h4 class=\"wp-block-heading\">A gyakorlati napl\u00f3val kapcsolatos k\u00f6vetelm\u00e9nyek<\/h4>\n\n\n<a href=\"https:\/\/new.rothszki.hu\/wp-content\/uploads\/2019\/02\/A-gyakorlati-naploval-kapcsolatos-kovetelmenyek.pdf\" class=\"pdfemb-viewer\" style=\"\" data-width=\"max\" data-height=\"max\" data-toolbar=\"both\" data-toolbar-fixed=\"on\">A-gyakorlati-naploval-kapcsolatos-kovetelmenyek<\/a>\n<p class=\"wp-block-pdfemb-pdf-embedder-viewer\"><\/p>\n\n\n\n<div class=\"wp-block-file\"><a id=\"wp-block-file--media-eaea810a-4d0a-43d2-87a1-1da550458042\" href=\"https:\/\/new.rothszki.hu\/wp-content\/uploads\/2019\/02\/A-gyakorlati-naploval-kapcsolatos-kovetelmenyek.pdf\">A-gyakorlati-naploval-kapcsolatos-kovetelmenyek<\/a><a href=\"https:\/\/new.rothszki.hu\/wp-content\/uploads\/2019\/02\/A-gyakorlati-naploval-kapcsolatos-kovetelmenyek.pdf\" class=\"wp-block-file__button wp-element-button\" download aria-describedby=\"wp-block-file--media-eaea810a-4d0a-43d2-87a1-1da550458042\">Let\u00f6lt\u00e9s<\/a><\/div>\n\n\n\n<h4 class=\"wp-block-heading\">K\u00f6z\u00f6ss\u00e9gi szolg\u00e1lat partnerek<\/h4>\n\n\n<a href=\"https:\/\/new.rothszki.hu\/wp-content\/uploads\/2019\/02\/kozossegi-szolgalat-partnerek.pdf\" class=\"pdfemb-viewer\" style=\"\" data-width=\"max\" data-height=\"max\" data-toolbar=\"both\" data-toolbar-fixed=\"on\">kozossegi-szolgalat-partnerek<\/a>\n<p class=\"wp-block-pdfemb-pdf-embedder-viewer\"><\/p>\n\n\n\n<div class=\"wp-block-file\"><a id=\"wp-block-file--media-f75acd8f-c0f2-4be3-a8ac-f1d814f3f554\" href=\"https:\/\/new.rothszki.hu\/wp-content\/uploads\/2019\/02\/kozossegi-szolgalat-partnerek.pdf\">kozossegi-szolgalat-partnerek<\/a><a href=\"https:\/\/new.rothszki.hu\/wp-content\/uploads\/2019\/02\/kozossegi-szolgalat-partnerek.pdf\" class=\"wp-block-file__button wp-element-button\" download aria-describedby=\"wp-block-file--media-f75acd8f-c0f2-4be3-a8ac-f1d814f3f554\">Let\u00f6lt\u00e9s<\/a><\/div>\n\n\n\n<h4 class=\"wp-block-heading\">Szakdolgozatok k\u00f6vetelm\u00e9nyei<\/h4>\n\n\n<a href=\"https:\/\/new.rothszki.hu\/wp-content\/uploads\/2019\/02\/szakdolgozatok_kovetelmenye_1.pdf\" class=\"pdfemb-viewer\" style=\"\" data-width=\"max\" data-height=\"max\" data-toolbar=\"both\" data-toolbar-fixed=\"on\">szakdolgozatok_kovetelmenye_1<\/a>\n<p class=\"wp-block-pdfemb-pdf-embedder-viewer\"><\/p>\n\n\n\n<div class=\"wp-block-file\"><a id=\"wp-block-file--media-3c48a815-40d4-4643-a3df-1ee7d728bafd\" href=\"https:\/\/new.rothszki.hu\/wp-content\/uploads\/2019\/02\/szakdolgozatok_kovetelmenye_1.pdf\">szakdolgozatok_kovetelmenye_1<\/a><a href=\"https:\/\/new.rothszki.hu\/wp-content\/uploads\/2019\/02\/szakdolgozatok_kovetelmenye_1.pdf\" class=\"wp-block-file__button wp-element-button\" download aria-describedby=\"wp-block-file--media-3c48a815-40d4-4643-a3df-1ee7d728bafd\">Let\u00f6lt\u00e9s<\/a><\/div>\n\n\n\n<p><\/p>\n","protected":false},"excerpt":{"rendered":"<p>A gyakorlati napl\u00f3val kapcsolatos k\u00f6vetelm\u00e9nyek K\u00f6z\u00f6ss\u00e9gi szolg\u00e1lat partnerek Szakdolgozatok k\u00f6vetelm\u00e9nyei<span class=\"more-link\"><a href=\"https:\/\/new.rothszki.hu\/index.php\/oktatasi-segedanyagok-szakdolgozat\/\">Tov\u00e1bb&#8230;<\/a><\/span><\/p>\n","protected":false},"author":1,"featured_media":3620,"parent":0,"menu_order":0,"comment_status":"closed","ping_status":"closed","template":"","meta":{"_monsterinsights_skip_tracking":false,"_monsterinsights_sitenote_active":false,"_monsterinsights_sitenote_note":"","_monsterinsights_sitenote_category":0,"footnotes":""},"class_list":["entry","author-csendes-belarothszki-hu","post-3498","page","type-page","status-publish","has-post-thumbnail"],"_links":{"self":[{"href":"https:\/\/new.rothszki.hu\/index.php\/wp-json\/wp\/v2\/pages\/3498","targetHints":{"allow":["GET"]}}],"collection":[{"href":"https:\/\/new.rothszki.hu\/index.php\/wp-json\/wp\/v2\/pages"}],"about":[{"href":"https:\/\/new.rothszki.hu\/index.php\/wp-json\/wp\/v2\/types\/page"}],"author":[{"embeddable":true,"href":"https:\/\/new.rothszki.hu\/index.php\/wp-json\/wp\/v2\/users\/1"}],"replies":[{"embeddable":true,"href":"https:\/\/new.rothszki.hu\/index.php\/wp-json\/wp\/v2\/comments?post=3498"}],"version-history":[{"count":6,"href":"https:\/\/new.rothszki.hu\/index.php\/wp-json\/wp\/v2\/pages\/3498\/revisions"}],"predecessor-version":[{"id":9980,"href":"https:\/\/new.rothszki.hu\/index.php\/wp-json\/wp\/v2\/pages\/3498\/revisions\/9980"}],"wp:featuredmedia":[{"embeddable":true,"href":"https:\/\/new.rothszki.hu\/index.php\/wp-json\/wp\/v2\/media\/3620"}],"wp:attachment":[{"href":"https:\/\/new.rothszki.hu\/index.php\/wp-json\/wp\/v2\/media?parent=3498"}],"curies":[{"name":"wp","href":"https:\/\/api.w.org\/{rel}","templated":true}]}}