{"id":3738,"date":"2019-02-13T08:53:58","date_gmt":"2019-02-13T08:53:58","guid":{"rendered":"https:\/\/new.rothszki.hu\/?page_id=3738"},"modified":"2023-10-16T10:23:28","modified_gmt":"2023-10-16T10:23:28","slug":"gyujtemenyek-letoltesek","status":"publish","type":"page","link":"https:\/\/new.rothszki.hu\/index.php\/gyujtemenyek-letoltesek\/","title":{"rendered":"Gy\u0171jtem\u00e9nyek &#8211; Let\u00f6lt\u00e9sek"},"content":{"rendered":"\n<h2 class=\"wp-block-heading\">Let\u00f6lthet\u0151 \u00e1llom\u00e1nyok<\/h2>\n\n\n\n<h3 class=\"wp-block-heading\">R\u00fcgygy\u0171jtem\u00e9ny<\/h3>\n\n\n\n<div class=\"wp-block-file\"><a id=\"wp-block-file--media-deeb7a2f-7b21-47a6-91b2-2eb1021ef759\" href=\"https:\/\/new.rothszki.hu\/wp-content\/uploads\/2019\/02\/1._rugygyujtemeny_utmutato.pdf\" target=\"_blank\" rel=\"noreferrer noopener\">R\u00fcgygy\u0171jtem\u00e9ny \u00fatmutat\u00f3<\/a><a href=\"https:\/\/new.rothszki.hu\/wp-content\/uploads\/2019\/02\/1._rugygyujtemeny_utmutato.pdf\" class=\"wp-block-file__button wp-element-button\" download aria-describedby=\"wp-block-file--media-deeb7a2f-7b21-47a6-91b2-2eb1021ef759\">Let\u00f6lt\u00e9s<\/a><\/div>\n\n\n\n<div class=\"wp-block-file\"><a id=\"wp-block-file--media-f1700b8b-5637-473d-ac9f-0ed4644f7e7a\" href=\"https:\/\/new.rothszki.hu\/wp-content\/uploads\/2019\/02\/fajlista_rugygyujtemenyhez.pdf\" target=\"_blank\" rel=\"noreferrer noopener\">Fajlista r\u00fcgygy\u0171jtem\u00e9nyhez<\/a><a href=\"https:\/\/new.rothszki.hu\/wp-content\/uploads\/2019\/02\/fajlista_rugygyujtemenyhez.pdf\" class=\"wp-block-file__button wp-element-button\" download aria-describedby=\"wp-block-file--media-f1700b8b-5637-473d-ac9f-0ed4644f7e7a\">Let\u00f6lt\u00e9s<\/a><\/div>\n\n\n\n<div class=\"wp-block-file\"><a id=\"wp-block-file--media-867b491b-06c7-4921-9883-0cb9f4a9a832\" href=\"https:\/\/new.rothszki.hu\/wp-content\/uploads\/2019\/02\/rugy0001.pdf\" target=\"_blank\" rel=\"noreferrer noopener\">rugy0001<\/a><a href=\"https:\/\/new.rothszki.hu\/wp-content\/uploads\/2019\/02\/rugy0001.pdf\" class=\"wp-block-file__button wp-element-button\" download aria-describedby=\"wp-block-file--media-867b491b-06c7-4921-9883-0cb9f4a9a832\">Let\u00f6lt\u00e9s<\/a><\/div>\n\n\n\n<div class=\"wp-block-file\"><a id=\"wp-block-file--media-ba498ffc-fcf3-42fb-95e4-920a47f1f374\" href=\"https:\/\/new.rothszki.hu\/wp-content\/uploads\/2019\/02\/rugy0002.pdf\" target=\"_blank\" rel=\"noreferrer noopener\">rugy0002<\/a><a href=\"https:\/\/new.rothszki.hu\/wp-content\/uploads\/2019\/02\/rugy0002.pdf\" class=\"wp-block-file__button wp-element-button\" download aria-describedby=\"wp-block-file--media-ba498ffc-fcf3-42fb-95e4-920a47f1f374\">Let\u00f6lt\u00e9s<\/a><\/div>\n\n\n\n<div class=\"wp-block-file\"><a id=\"wp-block-file--media-85a569dc-5603-4d8f-8a25-fa5a7e09dceb\" href=\"https:\/\/new.rothszki.hu\/wp-content\/uploads\/2019\/02\/rugy0003.pdf\" target=\"_blank\" rel=\"noreferrer noopener\">rugy0003<\/a><a href=\"https:\/\/new.rothszki.hu\/wp-content\/uploads\/2019\/02\/rugy0003.pdf\" class=\"wp-block-file__button wp-element-button\" download aria-describedby=\"wp-block-file--media-85a569dc-5603-4d8f-8a25-fa5a7e09dceb\">Let\u00f6lt\u00e9s<\/a><\/div>\n\n\n\n<div class=\"wp-block-file\"><a id=\"wp-block-file--media-e6a9f1e5-d424-4785-85b9-134b2c413d70\" href=\"https:\/\/new.rothszki.hu\/wp-content\/uploads\/2019\/02\/rugy0004.pdf\" target=\"_blank\" rel=\"noreferrer noopener\">rugy0004<\/a><a href=\"https:\/\/new.rothszki.hu\/wp-content\/uploads\/2019\/02\/rugy0004.pdf\" class=\"wp-block-file__button wp-element-button\" download aria-describedby=\"wp-block-file--media-e6a9f1e5-d424-4785-85b9-134b2c413d70\">Let\u00f6lt\u00e9s<\/a><\/div>\n\n\n\n<div class=\"wp-block-file\"><a id=\"wp-block-file--media-365bafb7-3f51-469e-ae34-983f4026833c\" href=\"https:\/\/new.rothszki.hu\/wp-content\/uploads\/2019\/02\/rugy0005.pdf\" target=\"_blank\" rel=\"noreferrer noopener\">rugy0005<\/a><a href=\"https:\/\/new.rothszki.hu\/wp-content\/uploads\/2019\/02\/rugy0005.pdf\" class=\"wp-block-file__button wp-element-button\" download aria-describedby=\"wp-block-file--media-365bafb7-3f51-469e-ae34-983f4026833c\">Let\u00f6lt\u00e9s<\/a><\/div>\n\n\n\n<div class=\"wp-block-file\"><a id=\"wp-block-file--media-2770ab24-2baf-4c78-93aa-fc2d8f3d4fdb\" href=\"https:\/\/new.rothszki.hu\/wp-content\/uploads\/2019\/02\/rugy0006.pdf\" target=\"_blank\" rel=\"noreferrer noopener\">rugy0006<\/a><a href=\"https:\/\/new.rothszki.hu\/wp-content\/uploads\/2019\/02\/rugy0006.pdf\" class=\"wp-block-file__button wp-element-button\" download aria-describedby=\"wp-block-file--media-2770ab24-2baf-4c78-93aa-fc2d8f3d4fdb\">Let\u00f6lt\u00e9s<\/a><\/div>\n\n\n\n<div class=\"wp-block-file\"><a id=\"wp-block-file--media-be1af44a-8ca6-4d3f-9881-c8a10afeb6c8\" href=\"https:\/\/new.rothszki.hu\/wp-content\/uploads\/2019\/02\/rugy0007.pdf\" target=\"_blank\" rel=\"noreferrer noopener\">rugy0007<\/a><a href=\"https:\/\/new.rothszki.hu\/wp-content\/uploads\/2019\/02\/rugy0007.pdf\" class=\"wp-block-file__button wp-element-button\" download aria-describedby=\"wp-block-file--media-be1af44a-8ca6-4d3f-9881-c8a10afeb6c8\">Let\u00f6lt\u00e9s<\/a><\/div>\n\n\n\n<div class=\"wp-block-file\"><a id=\"wp-block-file--media-8c1a2e88-38cc-4b52-a8da-3284888ab88a\" href=\"https:\/\/new.rothszki.hu\/wp-content\/uploads\/2019\/02\/rugy0008.pdf\" target=\"_blank\" rel=\"noreferrer noopener\">rugy0008<\/a><a href=\"https:\/\/new.rothszki.hu\/wp-content\/uploads\/2019\/02\/rugy0008.pdf\" class=\"wp-block-file__button wp-element-button\" download aria-describedby=\"wp-block-file--media-8c1a2e88-38cc-4b52-a8da-3284888ab88a\">Let\u00f6lt\u00e9s<\/a><\/div>\n\n\n\n<div class=\"wp-block-file\"><a id=\"wp-block-file--media-b2188121-8ff6-463e-b875-df54657d717b\" href=\"https:\/\/new.rothszki.hu\/wp-content\/uploads\/2019\/02\/rugy0009.pdf\" target=\"_blank\" rel=\"noreferrer noopener\">rugy0009<\/a><a href=\"https:\/\/new.rothszki.hu\/wp-content\/uploads\/2019\/02\/rugy0009.pdf\" class=\"wp-block-file__button wp-element-button\" download aria-describedby=\"wp-block-file--media-b2188121-8ff6-463e-b875-df54657d717b\">Let\u00f6lt\u00e9s<\/a><\/div>\n\n\n\n<div class=\"wp-block-file\"><a id=\"wp-block-file--media-11b5b37a-43e1-4397-bda8-2aa269beae01\" href=\"https:\/\/new.rothszki.hu\/wp-content\/uploads\/2019\/02\/rugy0010.pdf\" target=\"_blank\" rel=\"noreferrer noopener\">rugy0010<\/a><a href=\"https:\/\/new.rothszki.hu\/wp-content\/uploads\/2019\/02\/rugy0010.pdf\" class=\"wp-block-file__button wp-element-button\" download aria-describedby=\"wp-block-file--media-11b5b37a-43e1-4397-bda8-2aa269beae01\">Let\u00f6lt\u00e9s<\/a><\/div>\n\n\n\n<h3 class=\"wp-block-heading\">Lombgy\u0171jtem\u00e9ny<\/h3>\n\n\n\n<div class=\"wp-block-file\"><a id=\"wp-block-file--media-e3a9a85d-a674-45ae-a028-e51e17982492\" href=\"https:\/\/new.rothszki.hu\/wp-content\/uploads\/2019\/02\/4._lombgyujtemeny_utmutato.pdf\" target=\"_blank\" rel=\"noreferrer noopener\">Lombgy\u0171jtem\u00e9ny \u00fatmutat\u00f3<\/a><a href=\"https:\/\/new.rothszki.hu\/wp-content\/uploads\/2019\/02\/4._lombgyujtemeny_utmutato.pdf\" class=\"wp-block-file__button wp-element-button\" download aria-describedby=\"wp-block-file--media-e3a9a85d-a674-45ae-a028-e51e17982492\">Let\u00f6lt\u00e9s<\/a><\/div>\n\n\n\n<h3 class=\"wp-block-heading\">L\u00e1gysz\u00e1r\u00fa gy\u0171jtem\u00e9ny<\/h3>\n\n\n\n<div class=\"wp-block-file\"><a id=\"wp-block-file--media-03b5decf-7cff-4c2d-8fb9-6ff1929df320\" href=\"https:\/\/new.rothszki.hu\/wp-content\/uploads\/2019\/02\/1._lagyszaru_gyujtemeny_utmutato.pdf\" target=\"_blank\" rel=\"noreferrer noopener\">L\u00e1gysz\u00e1r\u00fa gy\u0171jtem\u00e9ny \u00fatmutat\u00f3<\/a><a href=\"https:\/\/new.rothszki.hu\/wp-content\/uploads\/2019\/02\/1._lagyszaru_gyujtemeny_utmutato.pdf\" class=\"wp-block-file__button wp-element-button\" download aria-describedby=\"wp-block-file--media-03b5decf-7cff-4c2d-8fb9-6ff1929df320\">Let\u00f6lt\u00e9s<\/a><\/div>\n\n\n\n<div class=\"wp-block-file\"><a id=\"wp-block-file--media-90a168a9-bb70-48bd-90dc-d09014ccb7ad\" href=\"https:\/\/new.rothszki.hu\/wp-content\/uploads\/2023\/10\/Lagyszaru-gyujtemeny-lista2023.pdf\">Lagyszaru-gyujtemeny-lista2023<\/a><a href=\"https:\/\/new.rothszki.hu\/wp-content\/uploads\/2023\/10\/Lagyszaru-gyujtemeny-lista2023.pdf\" class=\"wp-block-file__button wp-element-button\" download aria-describedby=\"wp-block-file--media-90a168a9-bb70-48bd-90dc-d09014ccb7ad\">Let\u00f6lt\u00e9s<\/a><\/div>\n\n\n\n<h3 class=\"wp-block-heading\">Cs\u00edran\u00f6v\u00e9ny-gy\u0171jtem\u00e9ny<\/h3>\n\n\n\n<div class=\"wp-block-file\"><a id=\"wp-block-file--media-b3ffe95e-740b-447f-8916-f2433bd17bf9\" href=\"https:\/\/new.rothszki.hu\/wp-content\/uploads\/2019\/02\/1._csiranoveny-gyujtemeny_utmutato_1.pdf\" target=\"_blank\" rel=\"noreferrer noopener\">Cs\u00edran\u00f6v\u00e9ny-gy\u0171jtem\u00e9ny \u00fatmutat\u00f3<\/a><a href=\"https:\/\/new.rothszki.hu\/wp-content\/uploads\/2019\/02\/1._csiranoveny-gyujtemeny_utmutato_1.pdf\" class=\"wp-block-file__button wp-element-button\" download aria-describedby=\"wp-block-file--media-b3ffe95e-740b-447f-8916-f2433bd17bf9\">Let\u00f6lt\u00e9s<\/a><\/div>\n\n\n\n<div class=\"wp-block-file\"><a id=\"wp-block-file--media-8cd1b7ed-61a5-4ea7-9f77-e026670d6236\" href=\"https:\/\/new.rothszki.hu\/wp-content\/uploads\/2019\/02\/fajlista_a_csiranoveny-gyujtemenyhez.pdf\" target=\"_blank\" rel=\"noreferrer noopener\">Fajlista a cs\u00edran\u00f6v\u00e9ny-gy\u0171jtem\u00e9nyhez<\/a><a href=\"https:\/\/new.rothszki.hu\/wp-content\/uploads\/2019\/02\/fajlista_a_csiranoveny-gyujtemenyhez.pdf\" class=\"wp-block-file__button wp-element-button\" download aria-describedby=\"wp-block-file--media-8cd1b7ed-61a5-4ea7-9f77-e026670d6236\">Let\u00f6lt\u00e9s<\/a><\/div>\n\n\n\n<h3 class=\"wp-block-heading\">Mag- \u00e9s term\u00e9sgy\u0171jtem\u00e9ny<\/h3>\n\n\n\n<div class=\"wp-block-file\"><a id=\"wp-block-file--media-2d6197bb-9b48-472e-9449-5562dda2d29d\" href=\"https:\/\/new.rothszki.hu\/wp-content\/uploads\/2019\/02\/7.__mag-_es_termesgyujtemeny_utmutato.pdf\" target=\"_blank\" rel=\"noreferrer noopener\">Mag- \u00e9s term\u00e9sgy\u0171jtem\u00e9ny \u00fatmutat\u00f3<\/a><a href=\"https:\/\/new.rothszki.hu\/wp-content\/uploads\/2019\/02\/7.__mag-_es_termesgyujtemeny_utmutato.pdf\" class=\"wp-block-file__button wp-element-button\" download aria-describedby=\"wp-block-file--media-2d6197bb-9b48-472e-9449-5562dda2d29d\">Let\u00f6lt\u00e9s<\/a><\/div>\n\n\n\n<div class=\"wp-block-file\"><a id=\"wp-block-file--media-8b4ee289-f719-4bc4-8357-d552aac48645\" href=\"https:\/\/new.rothszki.hu\/wp-content\/uploads\/2023\/10\/gyujtemenyek-javitasi-utmutato-kiegeszites-2023.pdf\">gyujtemenyek-javitasi-utmutato-kiegeszites-2023<\/a><a href=\"https:\/\/new.rothszki.hu\/wp-content\/uploads\/2023\/10\/gyujtemenyek-javitasi-utmutato-kiegeszites-2023.pdf\" class=\"wp-block-file__button wp-element-button\" download aria-describedby=\"wp-block-file--media-8b4ee289-f719-4bc4-8357-d552aac48645\">Let\u00f6lt\u00e9s<\/a><\/div>\n\n\n\n<h3 class=\"wp-block-heading\">K\u00e1ros\u00edt\u00f3- \u00e9s k\u00e1rk\u00e9pgy\u0171jtem\u00e9ny<\/h3>\n\n\n\n<div class=\"wp-block-file\"><a id=\"wp-block-file--media-bee35d71-e8f7-42e6-a11b-db45ced745d0\" href=\"https:\/\/new.rothszki.hu\/wp-content\/uploads\/2019\/02\/1._karosito-_es_karkepgyujtemeny_utmutato.pdf\" target=\"_blank\" rel=\"noreferrer noopener\">K\u00e1ros\u00edt\u00f3- \u00e9s k\u00e1rk\u00e9pgy\u0171jtem\u00e9ny \u00fatmutat\u00f3<\/a><a href=\"https:\/\/new.rothszki.hu\/wp-content\/uploads\/2019\/02\/1._karosito-_es_karkepgyujtemeny_utmutato.pdf\" class=\"wp-block-file__button wp-element-button\" download aria-describedby=\"wp-block-file--media-bee35d71-e8f7-42e6-a11b-db45ced745d0\">Let\u00f6lt\u00e9s<\/a><\/div>\n\n\n\n<div class=\"wp-block-file\"><a id=\"wp-block-file--media-f5f8b718-9e24-44ad-804b-2078f5a6b1ce\" href=\"https:\/\/new.rothszki.hu\/wp-content\/uploads\/2023\/10\/Erdovedelem-gyujtemeny-karositok-pontokkal2023.pdf\">Erdovedelem-gyujtemeny-karositok-pontokkal2023<\/a><a href=\"https:\/\/new.rothszki.hu\/wp-content\/uploads\/2023\/10\/Erdovedelem-gyujtemeny-karositok-pontokkal2023.pdf\" class=\"wp-block-file__button wp-element-button\" download aria-describedby=\"wp-block-file--media-f5f8b718-9e24-44ad-804b-2078f5a6b1ce\">Let\u00f6lt\u00e9s<\/a><\/div>\n","protected":false},"excerpt":{"rendered":"<p>Let\u00f6lthet\u0151 \u00e1llom\u00e1nyok R\u00fcgygy\u0171jtem\u00e9ny Lombgy\u0171jtem\u00e9ny L\u00e1gysz\u00e1r\u00fa gy\u0171jtem\u00e9ny Cs\u00edran\u00f6v\u00e9ny-gy\u0171jtem\u00e9ny Mag- \u00e9s term\u00e9sgy\u0171jtem\u00e9ny K\u00e1ros\u00edt\u00f3- \u00e9s k\u00e1rk\u00e9pgy\u0171jtem\u00e9ny<span class=\"more-link\"><a href=\"https:\/\/new.rothszki.hu\/index.php\/gyujtemenyek-letoltesek\/\">Tov\u00e1bb&#8230;<\/a><\/span><\/p>\n","protected":false},"author":1,"featured_media":3616,"parent":0,"menu_order":0,"comment_status":"closed","ping_status":"closed","template":"","meta":{"_monsterinsights_skip_tracking":false,"_monsterinsights_sitenote_active":false,"_monsterinsights_sitenote_note":"","_monsterinsights_sitenote_category":0,"footnotes":""},"class_list":["entry","author-csendes-belarothszki-hu","post-3738","page","type-page","status-publish","has-post-thumbnail"],"_links":{"self":[{"href":"https:\/\/new.rothszki.hu\/index.php\/wp-json\/wp\/v2\/pages\/3738","targetHints":{"allow":["GET"]}}],"collection":[{"href":"https:\/\/new.rothszki.hu\/index.php\/wp-json\/wp\/v2\/pages"}],"about":[{"href":"https:\/\/new.rothszki.hu\/index.php\/wp-json\/wp\/v2\/types\/page"}],"author":[{"embeddable":true,"href":"https:\/\/new.rothszki.hu\/index.php\/wp-json\/wp\/v2\/users\/1"}],"replies":[{"embeddable":true,"href":"https:\/\/new.rothszki.hu\/index.php\/wp-json\/wp\/v2\/comments?post=3738"}],"version-history":[{"count":5,"href":"https:\/\/new.rothszki.hu\/index.php\/wp-json\/wp\/v2\/pages\/3738\/revisions"}],"predecessor-version":[{"id":9968,"href":"https:\/\/new.rothszki.hu\/index.php\/wp-json\/wp\/v2\/pages\/3738\/revisions\/9968"}],"wp:featuredmedia":[{"embeddable":true,"href":"https:\/\/new.rothszki.hu\/index.php\/wp-json\/wp\/v2\/media\/3616"}],"wp:attachment":[{"href":"https:\/\/new.rothszki.hu\/index.php\/wp-json\/wp\/v2\/media?parent=3738"}],"curies":[{"name":"wp","href":"https:\/\/api.w.org\/{rel}","templated":true}]}}