{"id":4046,"date":"2019-03-26T07:11:22","date_gmt":"2019-03-26T07:11:22","guid":{"rendered":"https:\/\/new.rothszki.hu\/?page_id=4046"},"modified":"2019-03-26T07:11:23","modified_gmt":"2019-03-26T07:11:23","slug":"erzsebet-taborok","status":"publish","type":"page","link":"https:\/\/new.rothszki.hu\/index.php\/erzsebet-taborok\/","title":{"rendered":"Erzs\u00e9bet T\u00e1borok"},"content":{"rendered":"\n<p>\n\nAz ERZS\u00c9BET T\u00c1BOROK Magyarorsz\u00e1g legnagyobb t\u00e1boroztat\u00e1si programja a Balatonn\u00e1l vagy ak\u00e1r napk\u00f6zi form\u00e1ban otthon, a lak\u00f3helyen. Sport, \u00e9letm\u00f3d, kult\u00fara, m\u0171v\u00e9szet, tudom\u00e1ny, ismeretterjeszt\u0151, valamint hagyom\u00e1ny\u0151rz\u0151 foglalkoz\u00e1sok. Napk\u00f6zi t\u00e1borok, ny\u00e1ri t\u00e1borok, \u0151szi \u00e9s tavaszi oszt\u00e1lykir\u00e1ndul\u00e1sok, Erzs\u00e9bet-kar\u00e1csony \u2013 sz\u00ednes programok \u00e9s \u00e9lm\u00e9nyek eg\u00e9sz \u00e9vben orsz\u00e1gszerte.\n\n<\/p>\n","protected":false},"excerpt":{"rendered":"<p>Az ERZS\u00c9BET T\u00c1BOROK Magyarorsz\u00e1g legnagyobb t\u00e1boroztat\u00e1si programja a Balatonn\u00e1l vagy ak\u00e1r napk\u00f6zi form\u00e1ban otthon, a lak\u00f3helyen. Sport, \u00e9letm\u00f3d, kult\u00fara, m\u0171v\u00e9szet, tudom\u00e1ny, ismeretterjeszt\u0151, valamint hagyom\u00e1ny\u0151rz\u0151 foglalkoz\u00e1sok. Napk\u00f6zi t\u00e1borok, ny\u00e1ri t\u00e1borok, \u0151szi \u00e9s tavaszi oszt\u00e1lykir\u00e1ndul\u00e1sok, Erzs\u00e9bet-kar\u00e1csony \u2013 sz\u00ednes programok \u00e9s \u00e9lm\u00e9nyek eg\u00e9sz \u00e9vben orsz\u00e1gszerte.<span class=\"more-link\"><a href=\"https:\/\/new.rothszki.hu\/index.php\/erzsebet-taborok\/\">Tov\u00e1bb&#8230;<\/a><\/span><\/p>\n","protected":false},"author":1,"featured_media":0,"parent":0,"menu_order":0,"comment_status":"closed","ping_status":"closed","template":"","meta":{"_monsterinsights_skip_tracking":false,"_monsterinsights_sitenote_active":false,"_monsterinsights_sitenote_note":"","_monsterinsights_sitenote_category":0,"footnotes":""},"class_list":["entry","author-csendes-belarothszki-hu","post-4046","page","type-page","status-publish"],"_links":{"self":[{"href":"https:\/\/new.rothszki.hu\/index.php\/wp-json\/wp\/v2\/pages\/4046","targetHints":{"allow":["GET"]}}],"collection":[{"href":"https:\/\/new.rothszki.hu\/index.php\/wp-json\/wp\/v2\/pages"}],"about":[{"href":"https:\/\/new.rothszki.hu\/index.php\/wp-json\/wp\/v2\/types\/page"}],"author":[{"embeddable":true,"href":"https:\/\/new.rothszki.hu\/index.php\/wp-json\/wp\/v2\/users\/1"}],"replies":[{"embeddable":true,"href":"https:\/\/new.rothszki.hu\/index.php\/wp-json\/wp\/v2\/comments?post=4046"}],"version-history":[{"count":1,"href":"https:\/\/new.rothszki.hu\/index.php\/wp-json\/wp\/v2\/pages\/4046\/revisions"}],"predecessor-version":[{"id":4047,"href":"https:\/\/new.rothszki.hu\/index.php\/wp-json\/wp\/v2\/pages\/4046\/revisions\/4047"}],"wp:attachment":[{"href":"https:\/\/new.rothszki.hu\/index.php\/wp-json\/wp\/v2\/media?parent=4046"}],"curies":[{"name":"wp","href":"https:\/\/api.w.org\/{rel}","templated":true}]}}