{"id":4079,"date":"2019-03-28T07:02:42","date_gmt":"2019-03-28T07:02:42","guid":{"rendered":"https:\/\/new.rothszki.hu\/?page_id=4079"},"modified":"2019-03-28T07:02:43","modified_gmt":"2019-03-28T07:02:43","slug":"a-tisztabb-erdokert-dolgoztak-a-soproni-diakok","status":"publish","type":"page","link":"https:\/\/new.rothszki.hu\/index.php\/a-tisztabb-erdokert-dolgoztak-a-soproni-diakok\/","title":{"rendered":"A tiszt\u00e1bb erd\u0151k\u00e9rt dolgoztak a soproni di\u00e1kok!"},"content":{"rendered":"\n<p>\n\n&nbsp;2019. febru\u00e1r 18.&nbsp;&#8211;&nbsp;www.sopronmedia.hu<\/p>\n\n\n\n<p>T\u00f6bb tucat zs\u00e1knyi hullad\u00e9kot szedtek \u00f6ssze a Roth Gyula Erd\u00e9szeti, Faipari, Kert\u00e9szeti, K\u00f6rnyezetv\u00e9delmi Szakgimn\u00e1zium, Szakk\u00f6z\u00e9piskola \u00e9s Koll\u00e9gium di\u00e1kjai h\u00e9tf\u0151i akci\u00f3juk sor\u00e1n. A j\u00f3kora megtiszt\u00edtott ter\u00fcleten eg\u00e9szen megh\u00f6kkent\u0151 t\u00e1rgyakra is bukkantak az \u00f6nk\u00e9ntesek.<\/p>\n\n\n\n<p>&#8230;<\/p>\n\n\n\n<p><a href=\"https:\/\/www.sopronmedia.hu\/cikkek\/a-tisztabb-erdokert-dolgoztak-a-soproni-diakok\">https:\/\/www.sopronmedia.hu\/cikkek\/a-tisztabb-erdokert-dolgoztak-a-soproni-diakok<\/a><\/p>\n\n\n\n<p>Tepsi, m\u0171anyag palack \u00e9s cip\u0151 is ker\u00fclt a patakpartr\u00f3l a zs\u00e1kba. A di\u00e1kok t\u00f6bbsz\u00f6r elk\u00e9pedtek azon, hogy milyen t\u00e1rgyakat haj\u00edtanak ki az emberek a term\u00e9szetbe. &#8211; Itt f\u0151leg kommun\u00e1lis szem\u00e9tr\u0151l besz\u00e9l\u00fcnk, amelyet a lakoss\u00e1g hozott ki \u2013 osztotta meg vel\u00fcnk tapasztalatait Lambert D\u00e1vid, az iskola tanul\u00f3ja. &#8211; A felhozatalban akadt j\u00f3csk\u00e1n vesz\u00e9lyes hullad\u00e9k is, p\u00e9ld\u00e1ul palatet\u0151 darabokra t\u00f6rve, illetve f\u00e9m, amelyet eleve k\u00fcl\u00f6n kellene kezelni, \u00edgy a k\u00f6rnyezetre rendk\u00edv\u00fcl rossz hat\u00e1st fejt ki. Sok olyan szem\u00e9ttel is tal\u00e1lkoztunk, amelyet az aut\u00f3sok egyszer\u0171en kihaj\u00edtanak az ablakon, amikor errefel\u00e9 j\u00e1rnak. Erre p\u00e9lda a cigarettacsikk, vagy az energiaitalos doboz is \u2013 f\u0171zte hozz\u00e1.<\/p>\n\n\n\n<p>A Roth Gyula Erd\u00e9szeti, Faipari, Kert\u00e9szeti, K\u00f6rnyezetv\u00e9delmi Szakgimn\u00e1zium, Szakk\u00f6z\u00e9piskola \u00e9s Koll\u00e9gium a Tanulm\u00e1nyi Erd\u0151gazdas\u00e1g Zrt.-vel, \u00e9s Sopron \u00d6nkorm\u00e1nyzat\u00e1val kar\u00f6ltve minden \u00e9vben szervez hasonl\u00f3 akci\u00f3kat. Ez\u00fattal a 13. k\u00f6rnyezetv\u00e9delmi technikus oszt\u00e1ly tanul\u00f3i szedt\u00e9k \u00f6ssze a hullad\u00e9kot j\u00f3kora szakaszon.&nbsp;&nbsp;<\/p>\n\n\n\n<p>&#8211; Azt gondolom, hogy egy k\u00f6rnyezetv\u00e9delmi technikusnak, aki a term\u00e9szet tisztas\u00e1g\u00e1\u00e9rt is felel\u0151s, fontos feladata, hogy r\u00e9szt vegyen az ilyen szeml\u00e9letform\u00e1l\u00f3 tev\u00e9kenys\u00e9gekben \u2013 emelte ki Hoczek L\u00e1szl\u00f3, a Roth Gyula Erd\u00e9szeti, Faipari, Kert\u00e9szeti, K\u00f6rnyezetv\u00e9delmi Szakgimn\u00e1zium, Szakk\u00f6z\u00e9piskola \u00e9s Koll\u00e9gium igazgat\u00f3ja, aki hozz\u00e1f\u0171zte: az iskola di\u00e1kjai lelkesen, nagy sz\u00e1mban jelentkeztek az akci\u00f3ra. &#8211; Ennek a kezdem\u00e9nyez\u00e9snek kett\u0151s jelent\u00e9se van. Ugyanis ez\u00e1ltal r\u00e9szben maga a di\u00e1k is szembes\u00fcl azzal, hogyha eldobja a szemetet, azt valakinek \u00f6ssze kell szednie, m\u00e1sr\u00e9szt pedig nagyon b\u00edzunk abban, hogy a tiszta erd\u0151ben sz\u00edvesebben j\u00e1r a turista, \u00e9s kev\u00e9sb\u00e9 t\u00e1mad kedve eldobni a szemetet \u2013 fejtette ki.<\/p>\n\n\n\n<p>Az illeg\u00e1lis szemetel\u00e9s minden \u00e9vben s\u00falyos k\u00e1rokat okoz Sopron k\u00f6rny\u00e9k\u00e9n is. &#8211; \u00c9ves szinten ez nagyon jelent\u0151s \u00f6sszeget, \u00e9s feladatot jelent nek\u00fcnk \u2013 sz\u00f6gezte le B\u00e1n\u00e1ti L\u00e1szl\u00f3. &#8211; Az esztend\u0151 minden id\u0151szak\u00e1ban rendszeresen \u00f6sszegy\u0171jtj\u00fck, \u00e9s elsz\u00e1ll\u00edtjuk a hullad\u00e9kot. K\u00fcl\u00f6n\u00f6sen tavaszt\u00f3l \u0151szig hangs\u00falyos ez a dolog, ekkor minden h\u00e9tf\u0151n \u00e9s p\u00e9nteken a saj\u00e1t brig\u00e1dunk szem\u00e9tgy\u0171jt\u00e9ssel foglalkozik. Az illeg\u00e1lis szem\u00e9tlerak\u00f3kra lakoss\u00e1gi bejelent\u00e9sek, illetve j\u00e1r\u0151r\u00f6z\u00e9s sor\u00e1n egyar\u00e1nt r\u00e1 tudunk bukkanni \u2013 tudtuk meg a kommunik\u00e1ci\u00f3s \u00e9s parkerdei igazgat\u00f3t\u00f3l.<\/p>\n\n\n\n<p>A Roth Gyula Erd\u00e9szeti, Faipari, Kert\u00e9szeti, K\u00f6rnyezetv\u00e9delmi Szakgimn\u00e1zium, Szakk\u00f6z\u00e9piskola \u00e9s Koll\u00e9gium di\u00e1kjai a szerdai akci\u00f3 v\u00e9g\u00e9re rengeteg zs\u00e1knyi hullad\u00e9kt\u00f3l szabad\u00edtott\u00e1k meg a z\u00f6ldter\u00fcletet.<\/p>\n","protected":false},"excerpt":{"rendered":"<p>&nbsp;2019. febru\u00e1r 18.&nbsp;&#8211;&nbsp;www.sopronmedia.hu T\u00f6bb tucat zs\u00e1knyi hullad\u00e9kot szedtek \u00f6ssze a Roth Gyula Erd\u00e9szeti, Faipari, Kert\u00e9szeti, K\u00f6rnyezetv\u00e9delmi Szakgimn\u00e1zium, Szakk\u00f6z\u00e9piskola \u00e9s Koll\u00e9gium di\u00e1kjai h\u00e9tf\u0151i akci\u00f3juk sor\u00e1n. A j\u00f3kora megtiszt\u00edtott ter\u00fcleten eg\u00e9szen megh\u00f6kkent\u0151 t\u00e1rgyakra is bukkantak az \u00f6nk\u00e9ntesek. &#8230; https:\/\/www.sopronmedia.hu\/cikkek\/a-tisztabb-erdokert-dolgoztak-a-soproni-diakok Tepsi, m\u0171anyag palack \u00e9s cip\u0151 is ker\u00fclt a patakpartr\u00f3l a zs\u00e1kba. A di\u00e1kok<span class=\"more-link\"><a href=\"https:\/\/new.rothszki.hu\/index.php\/a-tisztabb-erdokert-dolgoztak-a-soproni-diakok\/\">Tov\u00e1bb&#8230;<\/a><\/span><\/p>\n","protected":false},"author":1,"featured_media":0,"parent":0,"menu_order":0,"comment_status":"closed","ping_status":"closed","template":"","meta":{"_monsterinsights_skip_tracking":false,"_monsterinsights_sitenote_active":false,"_monsterinsights_sitenote_note":"","_monsterinsights_sitenote_category":0,"footnotes":""},"class_list":["entry","author-csendes-belarothszki-hu","post-4079","page","type-page","status-publish"],"_links":{"self":[{"href":"https:\/\/new.rothszki.hu\/index.php\/wp-json\/wp\/v2\/pages\/4079","targetHints":{"allow":["GET"]}}],"collection":[{"href":"https:\/\/new.rothszki.hu\/index.php\/wp-json\/wp\/v2\/pages"}],"about":[{"href":"https:\/\/new.rothszki.hu\/index.php\/wp-json\/wp\/v2\/types\/page"}],"author":[{"embeddable":true,"href":"https:\/\/new.rothszki.hu\/index.php\/wp-json\/wp\/v2\/users\/1"}],"replies":[{"embeddable":true,"href":"https:\/\/new.rothszki.hu\/index.php\/wp-json\/wp\/v2\/comments?post=4079"}],"version-history":[{"count":1,"href":"https:\/\/new.rothszki.hu\/index.php\/wp-json\/wp\/v2\/pages\/4079\/revisions"}],"predecessor-version":[{"id":4080,"href":"https:\/\/new.rothszki.hu\/index.php\/wp-json\/wp\/v2\/pages\/4079\/revisions\/4080"}],"wp:attachment":[{"href":"https:\/\/new.rothszki.hu\/index.php\/wp-json\/wp\/v2\/media?parent=4079"}],"curies":[{"name":"wp","href":"https:\/\/api.w.org\/{rel}","templated":true}]}}