{"id":4407,"date":"2019-05-28T05:30:53","date_gmt":"2019-05-28T05:30:53","guid":{"rendered":"https:\/\/new.rothszki.hu\/?page_id=4407"},"modified":"2019-05-30T08:57:13","modified_gmt":"2019-05-30T08:57:13","slug":"kreta-alap","status":"publish","type":"page","link":"https:\/\/new.rothszki.hu\/index.php\/kreta-alap\/","title":{"rendered":"Kr\u00e9ta alapinform\u00e1ci\u00f3k"},"content":{"rendered":"\n<p>A KR\u00c9TA rendszert minden int\u00e9zm\u00e9ny a saj\u00e1t el\u00e9r\u00e9si \u00fatj\u00e1n kereszt\u00fcl l\u00e1thatja. Az int\u00e9zm\u00e9nyi rendszerek telep\u00edt\u00e9sekor minden int\u00e9zm\u00e9ny sz\u00e1m\u00e1ra k\u00e9sz\u00fcl egy, vagy k\u00e9t lehets\u00e9ges int\u00e9zm\u00e9nyi k\u00f3dn\u00e9v, amely publik\u00e1l\u00e1sra ker\u00fcl. Az int\u00e9zm\u00e9nyi k\u00f3dn\u00e9v csak az angol abc kisbet\u0171it, valamint sz\u00e1mokat tartalmazhat.<\/p>\n\n\n\n<p>KR\u00c9TA rendszer webc\u00edme<\/p>\n\n\n\n<p class=\"has-background has-cyan-bluish-gray-background-color\"><a href=\"https:\/\/rothszki.e-kreta.hu\/Adminisztracio\/Login\">https:\/\/rothszki.e-kreta.hu\/<\/a><\/p>\n\n\n\n<p>Biztons\u00e1gos kapcsolat<\/p>\n\n\n\n<p>A KR\u00c9TA rendszer tan\u00fas\u00edtv\u00e1nyhoz k\u00f6t\u00f6tt biztons\u00e1gos, \u00fan. HTTPS kapcsolaton kereszt\u00fcl kommunik\u00e1l a felhaszn\u00e1l\u00f3 sz\u00e1m\u00edt\u00f3g\u00e9p\u00e9vel. K\u00e9rj\u00fck, hogy \u00fcgyeljen arra, hogy a webc\u00edmet mindig&nbsp;<strong>https:\/\/<\/strong>&nbsp;sz\u00f6veggel kezdje! Az egyszer\u0171bb haszn\u00e1lat \u00e9rdek\u00e9ben javasoljuk, hogy a b\u00f6ng\u00e9sz\u0151 k\u00f6nyvjelz\u0151i k\u00f6z\u00e9 ments\u00e9k el a KR\u00c9TA rendszer\u00fck el\u00e9r\u00e9si \u00fatvonal\u00e1t, \u00edgy a k\u00e9s\u0151bbiekben nem sz\u00fcks\u00e9ges be\u00edrni a webc\u00edmet, elegend\u0151 a k\u00f6nyvjelz\u0151re kattintani.<\/p>\n\n\n\n<p>Amennyiben a KR\u00c9TA rendszer fel\u00fclete ezt k\u00f6vet\u0151en nem \u00e9rhet\u0151 el, k\u00e9rj\u00fck ellen\u0151rizze a bel\u00e9p\u00e9shez sz\u00fcks\u00e9ges felt\u00e9teleket.&nbsp;<\/p>\n\n\n\n<p>A KR\u00c9TA rendszerbe &nbsp;kiz\u00e1r\u00f3lag az arra jogosult felhaszn\u00e1l\u00f3k l\u00e9phetnek be. &nbsp;A bel\u00e9p\u00e9shez minden esetben meg kell adnia felhaszn\u00e1l\u00f3nev\u00e9t \u00e9s titkos jelszav\u00e1t!&nbsp;<\/p>\n\n\n\n<h2 class=\"wp-block-heading\">Bejelentkez\u00e9s<\/h2>\n\n\n\n<p>K\u00e9rj\u00fck, hogy k\u00fcl\u00f6n\u00f6sen k\u00f6r\u00fcltekint\u0151en j\u00e1rjon el a jelszav\u00e1nak v\u00e9delme \u00e9rdek\u00e9ben, ne \u00edrja fel jelszav\u00e1t olyan helyre, amit m\u00e1sok is l\u00e1thatnak, jelszava be\u00edr\u00e1s\u00e1n\u00e1l figyeljen, hogy azt m\u00e1sok ne n\u00e9zhess\u00e9k le a billenty\u0171zet\u00e9r\u0151l, valamint ne adjon meg k\u00f6nnyen kital\u00e1lhat\u00f3 jelsz\u00f3t sem!&nbsp;<\/p>\n\n\n\n<p>A KR\u00c9TA rendszer telep\u00edt\u00e9se ut\u00e1n automatikusan l\u00e9trej\u00f6n egy alap\u00e9rtelmezett felhaszn\u00e1l\u00f3 (admin), valamint &nbsp;a hozz\u00e1 tartoz\u00f3 jelsz\u00f3 is, amely seg\u00edts\u00e9g\u00e9vel els\u0151 alkalommal be lehet jelentkezni a programba. Amennyiben int\u00e9zm\u00e9nye a jelsz\u00f3t elfelejtette, \u00e9s m\u00e1s, kor\u00e1bban felvett adminisztr\u00e1tor nincs a rendszerben, k\u00e9rj\u00fck vegye fel a kapcsolatot \u00fcgyf\u00e9lszolg\u00e1latunkkal.<\/p>\n\n\n\n<h4 class=\"wp-block-heading\" id=\"Bejelentkez\u00e9s-Abejelentkez\u00e9sfolyamata:\">A bejelentkez\u00e9s folyamata:<\/h4>\n\n\n\n<ol class=\"wp-block-list\"><li>Adja meg Felhaszn\u00e1l\u00f3nev\u00e9t a \u201eFelhaszn\u00e1l\u00f3n\u00e9v\u201d felirat\u00fa fels\u0151 sz\u00f6vegdobozban.<\/li><li>Adja meg jelszav\u00e1t a \u201eJelsz\u00f3\u201d felirat\u00fa als\u00f3 sz\u00f6vegdobozban.<\/li><li>Nyomja meg az Enter billenty\u0171t, vagy kattintson a \u201eBejelentkez\u00e9s\u201d felirat\u00fa gombra.<\/li><\/ol>\n\n\n\n<p>A sikeres bejelentkez\u00e9st k\u00f6vet\u0151en a k\u00e9perny\u0151 elt\u0171nik \u00e9s megjelenik a KR\u00c9TA rendszer nyit\u00f3oldala.&nbsp;<\/p>\n\n\n\n<figure class=\"wp-block-image\"><img loading=\"lazy\" decoding=\"async\" width=\"880\" height=\"571\" src=\"https:\/\/new.rothszki.hu\/wp-content\/uploads\/2019\/05\/Kreta_login.png\" alt=\"\" class=\"wp-image-4409\" srcset=\"https:\/\/new.rothszki.hu\/wp-content\/uploads\/2019\/05\/Kreta_login.png 880w, https:\/\/new.rothszki.hu\/wp-content\/uploads\/2019\/05\/Kreta_login-300x195.png 300w, https:\/\/new.rothszki.hu\/wp-content\/uploads\/2019\/05\/Kreta_login-768x498.png 768w, https:\/\/new.rothszki.hu\/wp-content\/uploads\/2019\/05\/Kreta_login-465x302.png 465w, https:\/\/new.rothszki.hu\/wp-content\/uploads\/2019\/05\/Kreta_login-695x451.png 695w\" sizes=\"auto, (max-width: 880px) 100vw, 880px\" \/><\/figure>\n\n\n\n<p>Automatikus kijelentkez\u00e9s<\/p>\n\n\n\n<p>A KR\u00c9TA rendszer \u2013 biztons\u00e1gi okokb\u00f3l \u2013 egy el\u0151re meghat\u00e1rozott t\u00e9tlens\u00e9gi id\u0151szak ut\u00e1n automatikusan kil\u00e9pteti a felhaszn\u00e1l\u00f3t. A k\u00e9perny\u0151 jobb fels\u0151 r\u00e9sz\u00e9ben l\u00e1thatja mindig, hogy mennyi id\u0151 van h\u00e1tra az automatikus kijelentkez\u00e9sig.<\/p>\n\n\n\n<h2 class=\"wp-block-heading\">Gondvisel\u0151i jogosults\u00e1g ig\u00e9nyl\u00e9se<\/h2>\n\n\n\n<p>A KR\u00c9TA rendszerben a Gondvisel\u0151i jogosults\u00e1g sz\u00e9tv\u00e1lt k\u00e9t szintre, egy &#8222;B\u0151v\u00edtett gondvisel\u0151i jogosults\u00e1g&#8221;-ra, mely a kor\u00e1bbi funkcionalit\u00e1ssal m\u0171k\u00f6dik, \u00e9s egy &#8222;Cs\u00f6kkentett gondvisel\u0151i jogosults\u00e1g&#8221;-ra, mely az e-Ellen\u00f6rz\u0151ben korl\u00e1tozott adathozz\u00e1f\u00e9r\u00e9st biztos\u00edt az int\u00e9zm\u00e9ny r\u00e9sz\u00e9r\u0151l m\u00e9g vissza nem igazolt gondvisel\u0151i felhaszn\u00e1l\u00f3k sz\u00e1m\u00e1ra.<\/p>\n\n\n\n<p>Abban az esetben ha a gondvisel\u0151 m\u00e9g nincs regisztr\u00e1lva a KR\u00c9TA rendszerben \u00e9s ezt a lehet\u0151s\u00e9get az int\u00e9zm\u00e9ny nem tiltja le, akkor a gondvisel\u0151knek lehet\u0151s\u00e9g\u00fck van a bel\u00e9p\u00e9si fel\u00fcleten tal\u00e1lhat\u00f3 &#8222;<em>Gondvisel\u0151i jelsz\u00f3 ig\u00e9nyl\u00e9se&#8221;<\/em>&nbsp; sz\u00f6vegre kattintva, az elektronikus ellen\u0151rz\u0151 bel\u00e9p\u00e9s\u00e9hez sz\u00fcks\u00e9ges bel\u00e9p\u00e9si adataikat a rendszerben r\u00f6gz\u00edtett e-mail c\u00edmre ig\u00e9nyelni.<\/p>\n\n\n\n<p><strong>Ha m\u00e1r kor\u00e1bbr\u00f3l rendelkezik felhaszn\u00e1l\u00f3n\u00e9vvel \u00e9s jelsz\u00f3val, akkor nem kell \u00fajra ig\u00e9nyelnie hozz\u00e1f\u00e9r\u00e9st!<\/strong><\/p>\n\n\n\n<p>Figyelem!<\/p>\n\n\n\n<p>A gondvisel\u0151i regisztr\u00e1ci\u00f3 csak egy cs\u00f6kkentett jogosults\u00e1ggal rendelkez\u0151 felhaszn\u00e1l\u00f3i hozz\u00e1f\u00e9r\u00e9st biztos\u00edt, \u00edgy pl. szem\u00e9lyes adatok megtekint\u00e9s\u00e9re nincs lehet\u0151s\u00e9g!<\/p>\n\n\n\n<p>Abban az esetben ha m\u00e1r van a gondvisel\u0151nek felhaszn\u00e1l\u00f3neve \u00e9s jelszava, tov\u00e1bb\u00e1 az e-mail c\u00edme is r\u00f6gz\u00edtve van a rendszerben, akkor lehet\u0151s\u00e9g van ezzel a funkci\u00f3val &#8211; az adatok pontos megad\u00e1sa eset\u00e9n &#8211; \u00faj jelsz\u00f3t ig\u00e9nyelnie az e-mail c\u00edm\u00e9re.&nbsp;<\/p>\n\n\n\n<figure class=\"wp-block-image\"><img loading=\"lazy\" decoding=\"async\" width=\"880\" height=\"571\" src=\"https:\/\/new.rothszki.hu\/wp-content\/uploads\/2019\/05\/Kreta_login-1.png\" alt=\"\" class=\"wp-image-4411\" srcset=\"https:\/\/new.rothszki.hu\/wp-content\/uploads\/2019\/05\/Kreta_login-1.png 880w, https:\/\/new.rothszki.hu\/wp-content\/uploads\/2019\/05\/Kreta_login-1-300x195.png 300w, https:\/\/new.rothszki.hu\/wp-content\/uploads\/2019\/05\/Kreta_login-1-768x498.png 768w, https:\/\/new.rothszki.hu\/wp-content\/uploads\/2019\/05\/Kreta_login-1-465x302.png 465w, https:\/\/new.rothszki.hu\/wp-content\/uploads\/2019\/05\/Kreta_login-1-695x451.png 695w\" sizes=\"auto, (max-width: 880px) 100vw, 880px\" \/><\/figure>\n\n\n\n<p class=\"has-medium-font-size\"><strong>\u00daj hozz\u00e1f\u00e9r\u00e9s ig\u00e9nyl\u00e9se<\/strong><\/p>\n\n\n\n<p>Az ig\u00e9nyl\u00e9shez ki kell t\u00f6lteni az \u0171rlap elemeit a megfelel\u0151 adatokkal k\u00fcl\u00f6n\u00f6sen \u00fcgyelve az elg\u00e9pel\u00e9sre a n\u00e9v, e-mail \u00e9s oktat\u00e1si azonos\u00edt\u00f3 mez\u0151kn\u00e9l.<\/p>\n\n\n\n<figure class=\"wp-block-image\"><img loading=\"lazy\" decoding=\"async\" width=\"1024\" height=\"478\" src=\"https:\/\/new.rothszki.hu\/wp-content\/uploads\/2019\/05\/Kreta_gondviselo-1024x478.png\" alt=\"\" class=\"wp-image-4412\" srcset=\"https:\/\/new.rothszki.hu\/wp-content\/uploads\/2019\/05\/Kreta_gondviselo-1024x478.png 1024w, https:\/\/new.rothszki.hu\/wp-content\/uploads\/2019\/05\/Kreta_gondviselo-300x140.png 300w, https:\/\/new.rothszki.hu\/wp-content\/uploads\/2019\/05\/Kreta_gondviselo-768x358.png 768w, https:\/\/new.rothszki.hu\/wp-content\/uploads\/2019\/05\/Kreta_gondviselo-465x217.png 465w, https:\/\/new.rothszki.hu\/wp-content\/uploads\/2019\/05\/Kreta_gondviselo-695x324.png 695w, https:\/\/new.rothszki.hu\/wp-content\/uploads\/2019\/05\/Kreta_gondviselo.png 1307w\" sizes=\"auto, (max-width: 1024px) 100vw, 1024px\" \/><\/figure>\n\n\n\n<p class=\"has-background has-cyan-bluish-gray-background-color\"><em>Sikeres azonos\u00edt\u00e1s<\/em><\/p>\n\n\n\n<p>Amennyiben a megadott adatok alapj\u00e1n az azonos\u00edt\u00e1s sikeres, a rendszer elk\u00fcldi e-mailben a bel\u00e9p\u00e9shez sz\u00fcks\u00e9ges felhaszn\u00e1l\u00f3nevet \u00e9s jelsz\u00f3t.<\/p>\n\n\n\n<p class=\"has-background has-cyan-bluish-gray-background-color\"><em>Felhaszn\u00e1l\u00f3 azonos\u00edt\u00e1s sikertelen<\/em><\/p>\n\n\n\n<p>Ha a megadott adatok nem egyeznek a rendszerben tal\u00e1lhat\u00f3 adatokkal, de az oktat\u00e1si azonos\u00edt\u00f3 \u00e9rv\u00e9nyes, az ig\u00e9nyl\u0151 szem\u00e9ly kap egy a cs\u00f6kkentett jogosults\u00e1ggal rendelkez\u0151 hozz\u00e1f\u00e9r\u00e9st, amelynek bel\u00e9p\u00e9s\u00e9hez sz\u00fcks\u00e9ges adatai a megadott e-mail c\u00edmre \u00e9rkeznek.<\/p>\n\n\n\n<p class=\"has-background has-cyan-bluish-gray-background-color\"><em>Azonos\u00edt\u00e1s sikertelen<\/em><\/p>\n\n\n\n<p>Ha a Gondvisel\u0151 azonos\u00edt\u00e1sa nem siker\u00fclt vagy csak cs\u00f6kkentett jogosults\u00e1g\u00fa bel\u00e9p\u00e9si adatokat tudott ig\u00e9nyelni, a tov\u00e1bbi teend\u0151kkel keresse fel az int\u00e9zm\u00e9nyt.<\/p>\n\n\n\n<p class=\"has-background has-cyan-bluish-gray-background-color\"><em>Ig\u00e9nyl\u00e9s<\/em><\/p>\n\n\n\n<ul class=\"wp-block-list\"><li>A bel\u00e9p\u00e9si adatok ig\u00e9nyl\u00e9s\u00e9r\u0151l az int\u00e9zm\u00e9ny adminisztr\u00e1tora is \u00e9rtes\u00edt\u00e9st kap.<\/li><li>Sikertelen azonos\u00edt\u00e1s eset\u00e9n let\u00f6lthet\u0151 egy&nbsp;(PDF)&nbsp;nyomtatv\u00e1ny, amiben szerepelnek az \u0171rlapon megadott adatok. Ezzel megk\u00f6nny\u00edtheti az adatok megfelel\u0151 adminisztr\u00e1ci\u00f3j\u00e1t az int\u00e9zm\u00e9ny sz\u00e1m\u00e1ra.<\/li><\/ul>\n","protected":false},"excerpt":{"rendered":"<p>A KR\u00c9TA rendszert minden int\u00e9zm\u00e9ny a saj\u00e1t el\u00e9r\u00e9si \u00fatj\u00e1n kereszt\u00fcl l\u00e1thatja. Az int\u00e9zm\u00e9nyi rendszerek telep\u00edt\u00e9sekor minden int\u00e9zm\u00e9ny sz\u00e1m\u00e1ra k\u00e9sz\u00fcl egy, vagy k\u00e9t lehets\u00e9ges int\u00e9zm\u00e9nyi k\u00f3dn\u00e9v, amely publik\u00e1l\u00e1sra ker\u00fcl. Az int\u00e9zm\u00e9nyi k\u00f3dn\u00e9v csak az angol abc kisbet\u0171it, valamint sz\u00e1mokat tartalmazhat. KR\u00c9TA rendszer webc\u00edme https:\/\/rothszki.e-kreta.hu\/ Biztons\u00e1gos kapcsolat A KR\u00c9TA rendszer tan\u00fas\u00edtv\u00e1nyhoz k\u00f6t\u00f6tt<span class=\"more-link\"><a href=\"https:\/\/new.rothszki.hu\/index.php\/kreta-alap\/\">Tov\u00e1bb&#8230;<\/a><\/span><\/p>\n","protected":false},"author":1,"featured_media":0,"parent":0,"menu_order":0,"comment_status":"closed","ping_status":"closed","template":"","meta":{"_monsterinsights_skip_tracking":false,"_monsterinsights_sitenote_active":false,"_monsterinsights_sitenote_note":"","_monsterinsights_sitenote_category":0,"footnotes":""},"class_list":["entry","author-csendes-belarothszki-hu","post-4407","page","type-page","status-publish"],"_links":{"self":[{"href":"https:\/\/new.rothszki.hu\/index.php\/wp-json\/wp\/v2\/pages\/4407","targetHints":{"allow":["GET"]}}],"collection":[{"href":"https:\/\/new.rothszki.hu\/index.php\/wp-json\/wp\/v2\/pages"}],"about":[{"href":"https:\/\/new.rothszki.hu\/index.php\/wp-json\/wp\/v2\/types\/page"}],"author":[{"embeddable":true,"href":"https:\/\/new.rothszki.hu\/index.php\/wp-json\/wp\/v2\/users\/1"}],"replies":[{"embeddable":true,"href":"https:\/\/new.rothszki.hu\/index.php\/wp-json\/wp\/v2\/comments?post=4407"}],"version-history":[{"count":6,"href":"https:\/\/new.rothszki.hu\/index.php\/wp-json\/wp\/v2\/pages\/4407\/revisions"}],"predecessor-version":[{"id":4431,"href":"https:\/\/new.rothszki.hu\/index.php\/wp-json\/wp\/v2\/pages\/4407\/revisions\/4431"}],"wp:attachment":[{"href":"https:\/\/new.rothszki.hu\/index.php\/wp-json\/wp\/v2\/media?parent=4407"}],"curies":[{"name":"wp","href":"https:\/\/api.w.org\/{rel}","templated":true}]}}