{"id":4585,"date":"2019-09-10T06:14:43","date_gmt":"2019-09-10T06:14:43","guid":{"rendered":"https:\/\/new.rothszki.hu\/?page_id=4585"},"modified":"2024-10-01T11:46:20","modified_gmt":"2024-10-01T11:46:20","slug":"gyujtemenyek-idopontok-kiadas-beszedes-2019","status":"publish","type":"page","link":"https:\/\/new.rothszki.hu\/index.php\/gyujtemenyek-idopontok-kiadas-beszedes-2019\/","title":{"rendered":"Gy\u0171jtem\u00e9nyek kiad\u00e1sa-beszed\u00e9se, (id\u0151pontok, tan\u00e1rok) 2024\/2025."},"content":{"rendered":"\n<p>A pdf t\u00f6bb oldalas, tartalmazza a <strong>nappali \u00e9s esti<\/strong> tagozat gy\u0171jtem\u00e9nyeinek <strong>kiad\u00e1si \u00e9s beszed\u00e9si<\/strong> id\u0151pontjait. (A dokumentum let\u00f6lthet\u0151)<\/p>\n\n\n\n<div class=\"wp-block-file\"><a id=\"wp-block-file--media-461898d4-d275-43dd-9148-6e434b5ad476\" href=\"https:\/\/new.rothszki.hu\/wp-content\/uploads\/2024\/10\/Gyujtesi-feladatok-kiadasa-beszedese-2024-2025.pdf\">Gy\u0171jt\u00e9si feladatok kiad\u00e1sa beszed\u00e9se 2024-2025<\/a><a href=\"https:\/\/new.rothszki.hu\/wp-content\/uploads\/2024\/10\/Gyujtesi-feladatok-kiadasa-beszedese-2024-2025.pdf\" class=\"wp-block-file__button wp-element-button\" download aria-describedby=\"wp-block-file--media-461898d4-d275-43dd-9148-6e434b5ad476\">Let\u00f6lt\u00e9s<\/a><\/div>\n","protected":false},"excerpt":{"rendered":"<p>A pdf t\u00f6bb oldalas, tartalmazza a nappali \u00e9s esti tagozat gy\u0171jtem\u00e9nyeinek kiad\u00e1si \u00e9s beszed\u00e9si id\u0151pontjait. (A dokumentum let\u00f6lthet\u0151)<span class=\"more-link\"><a href=\"https:\/\/new.rothszki.hu\/index.php\/gyujtemenyek-idopontok-kiadas-beszedes-2019\/\">Tov\u00e1bb&#8230;<\/a><\/span><\/p>\n","protected":false},"author":1,"featured_media":3616,"parent":0,"menu_order":0,"comment_status":"closed","ping_status":"closed","template":"","meta":{"_monsterinsights_skip_tracking":false,"_monsterinsights_sitenote_active":false,"_monsterinsights_sitenote_note":"","_monsterinsights_sitenote_category":0,"footnotes":""},"class_list":["entry","author-csendes-belarothszki-hu","post-4585","page","type-page","status-publish","has-post-thumbnail"],"_links":{"self":[{"href":"https:\/\/new.rothszki.hu\/index.php\/wp-json\/wp\/v2\/pages\/4585","targetHints":{"allow":["GET"]}}],"collection":[{"href":"https:\/\/new.rothszki.hu\/index.php\/wp-json\/wp\/v2\/pages"}],"about":[{"href":"https:\/\/new.rothszki.hu\/index.php\/wp-json\/wp\/v2\/types\/page"}],"author":[{"embeddable":true,"href":"https:\/\/new.rothszki.hu\/index.php\/wp-json\/wp\/v2\/users\/1"}],"replies":[{"embeddable":true,"href":"https:\/\/new.rothszki.hu\/index.php\/wp-json\/wp\/v2\/comments?post=4585"}],"version-history":[{"count":5,"href":"https:\/\/new.rothszki.hu\/index.php\/wp-json\/wp\/v2\/pages\/4585\/revisions"}],"predecessor-version":[{"id":11268,"href":"https:\/\/new.rothszki.hu\/index.php\/wp-json\/wp\/v2\/pages\/4585\/revisions\/11268"}],"wp:featuredmedia":[{"embeddable":true,"href":"https:\/\/new.rothszki.hu\/index.php\/wp-json\/wp\/v2\/media\/3616"}],"wp:attachment":[{"href":"https:\/\/new.rothszki.hu\/index.php\/wp-json\/wp\/v2\/media?parent=4585"}],"curies":[{"name":"wp","href":"https:\/\/api.w.org\/{rel}","templated":true}]}}