{"id":47,"date":"2018-10-23T09:58:49","date_gmt":"2018-10-23T09:58:49","guid":{"rendered":"http:\/\/localhost\/?page_id=47"},"modified":"2021-11-04T18:28:45","modified_gmt":"2021-11-04T18:28:45","slug":"kepzesek","status":"publish","type":"page","link":"https:\/\/new.rothszki.hu\/index.php\/kepzesek\/","title":{"rendered":"K\u00e9pz\u00e9sek"},"content":{"rendered":"\n<div class=\"wp-block-media-text alignwide is-stacked-on-mobile\"><figure class=\"wp-block-media-text__media\"><a href=\"https:\/\/youtu.be\/A8RNvzfthMg\" target=\"_blank\" rel=\"noopener\"><img loading=\"lazy\" decoding=\"async\" width=\"856\" height=\"480\" src=\"https:\/\/new.rothszki.hu\/wp-content\/uploads\/2021\/11\/roth-kepzesek.jpg\" alt=\"\" class=\"wp-image-7501 size-full\" srcset=\"https:\/\/new.rothszki.hu\/wp-content\/uploads\/2021\/11\/roth-kepzesek.jpg 856w, https:\/\/new.rothszki.hu\/wp-content\/uploads\/2021\/11\/roth-kepzesek-300x168.jpg 300w, https:\/\/new.rothszki.hu\/wp-content\/uploads\/2021\/11\/roth-kepzesek-768x431.jpg 768w, https:\/\/new.rothszki.hu\/wp-content\/uploads\/2021\/11\/roth-kepzesek-465x261.jpg 465w, https:\/\/new.rothszki.hu\/wp-content\/uploads\/2021\/11\/roth-kepzesek-695x390.jpg 695w\" sizes=\"auto, (max-width: 856px) 100vw, 856px\" \/><\/a><\/figure><div class=\"wp-block-media-text__content\">\n<p class=\"has-medium-font-size\"><strong>Roth Technikum k\u00e9pz\u00e9seir\u0151l \u00f6sszefoglal\u00f3 film<\/strong><\/p>\n<\/div><\/div>\n\n\n\n<p><\/p>\n\n\n\n<div class=\"wp-block-columns are-vertically-aligned-bottom is-layout-flex wp-container-core-columns-is-layout-9d6595d7 wp-block-columns-is-layout-flex\">\n<div class=\"wp-block-column is-vertically-aligned-bottom is-layout-flow wp-block-column-is-layout-flow\">\n<div class=\"wp-block-media-text alignwide is-stacked-on-mobile\"><figure class=\"wp-block-media-text__media\"><a href=\"https:\/\/youtu.be\/UmciVF9yE6s\" target=\"_blank\" rel=\"noopener\"><img loading=\"lazy\" decoding=\"async\" width=\"850\" height=\"481\" src=\"https:\/\/new.rothszki.hu\/wp-content\/uploads\/2021\/11\/erdesz.jpg\" alt=\"\" class=\"wp-image-7502 size-full\" srcset=\"https:\/\/new.rothszki.hu\/wp-content\/uploads\/2021\/11\/erdesz.jpg 850w, https:\/\/new.rothszki.hu\/wp-content\/uploads\/2021\/11\/erdesz-300x170.jpg 300w, https:\/\/new.rothszki.hu\/wp-content\/uploads\/2021\/11\/erdesz-768x435.jpg 768w, https:\/\/new.rothszki.hu\/wp-content\/uploads\/2021\/11\/erdesz-465x263.jpg 465w, https:\/\/new.rothszki.hu\/wp-content\/uploads\/2021\/11\/erdesz-695x393.jpg 695w\" sizes=\"auto, (max-width: 850px) 100vw, 850px\" \/><\/a><\/figure><div class=\"wp-block-media-text__content\">\n<p class=\"has-small-font-size\"><strong>Erd\u00e9sztechnikus k\u00e9pz\u00e9s filmje<\/strong><\/p>\n<\/div><\/div>\n<\/div>\n\n\n\n<div class=\"wp-block-column is-vertically-aligned-bottom is-layout-flow wp-block-column-is-layout-flow\">\n<div class=\"wp-block-media-text alignwide is-stacked-on-mobile is-vertically-aligned-bottom\"><figure class=\"wp-block-media-text__media\"><a href=\"https:\/\/youtu.be\/U65zVuBRN5E\" target=\"_blank\" rel=\"noopener\"><img loading=\"lazy\" decoding=\"async\" width=\"852\" height=\"475\" src=\"https:\/\/new.rothszki.hu\/wp-content\/uploads\/2021\/11\/faipar.jpg\" alt=\"\" class=\"wp-image-7503 size-full\" srcset=\"https:\/\/new.rothszki.hu\/wp-content\/uploads\/2021\/11\/faipar.jpg 852w, https:\/\/new.rothszki.hu\/wp-content\/uploads\/2021\/11\/faipar-300x167.jpg 300w, https:\/\/new.rothszki.hu\/wp-content\/uploads\/2021\/11\/faipar-768x428.jpg 768w, https:\/\/new.rothszki.hu\/wp-content\/uploads\/2021\/11\/faipar-465x259.jpg 465w, https:\/\/new.rothszki.hu\/wp-content\/uploads\/2021\/11\/faipar-695x387.jpg 695w\" sizes=\"auto, (max-width: 852px) 100vw, 852px\" \/><\/a><\/figure><div class=\"wp-block-media-text__content\">\n<p class=\"has-small-font-size\"><strong>Faipari technikus k\u00e9pz\u00e9s filmje<\/strong><\/p>\n<\/div><\/div>\n<\/div>\n\n\n\n<div class=\"wp-block-column is-vertically-aligned-bottom is-layout-flow wp-block-column-is-layout-flow\">\n<div class=\"wp-block-media-text alignwide is-stacked-on-mobile is-vertically-aligned-bottom\"><figure class=\"wp-block-media-text__media\"><a href=\"https:\/\/youtu.be\/asq0bboRzcI\" target=\"_blank\" rel=\"noopener\"><img loading=\"lazy\" decoding=\"async\" width=\"856\" height=\"481\" src=\"https:\/\/new.rothszki.hu\/wp-content\/uploads\/2021\/11\/kornyezetvedo.jpg\" alt=\"\" class=\"wp-image-7500 size-full\" srcset=\"https:\/\/new.rothszki.hu\/wp-content\/uploads\/2021\/11\/kornyezetvedo.jpg 856w, https:\/\/new.rothszki.hu\/wp-content\/uploads\/2021\/11\/kornyezetvedo-300x169.jpg 300w, https:\/\/new.rothszki.hu\/wp-content\/uploads\/2021\/11\/kornyezetvedo-768x432.jpg 768w, https:\/\/new.rothszki.hu\/wp-content\/uploads\/2021\/11\/kornyezetvedo-465x261.jpg 465w, https:\/\/new.rothszki.hu\/wp-content\/uploads\/2021\/11\/kornyezetvedo-695x391.jpg 695w\" sizes=\"auto, (max-width: 856px) 100vw, 856px\" \/><\/a><\/figure><div class=\"wp-block-media-text__content\">\n<p class=\"has-small-font-size\"><strong>K\u00f6rnyezetv\u00e9delmi technikus k\u00e9pz\u00e9s filmje<\/strong><\/p>\n<\/div><\/div>\n<\/div>\n<\/div>\n\n\n\n<p><\/p>\n","protected":false},"excerpt":{"rendered":"<p>Roth Technikum k\u00e9pz\u00e9seir\u0151l \u00f6sszefoglal\u00f3 film Erd\u00e9sztechnikus k\u00e9pz\u00e9s filmje Faipari technikus k\u00e9pz\u00e9s filmje K\u00f6rnyezetv\u00e9delmi technikus k\u00e9pz\u00e9s filmje<span class=\"more-link\"><a href=\"https:\/\/new.rothszki.hu\/index.php\/kepzesek\/\">Tov\u00e1bb&#8230;<\/a><\/span><\/p>\n","protected":false},"author":2,"featured_media":0,"parent":0,"menu_order":0,"comment_status":"closed","ping_status":"closed","template":"","meta":{"_monsterinsights_skip_tracking":false,"_monsterinsights_sitenote_active":false,"_monsterinsights_sitenote_note":"","_monsterinsights_sitenote_category":0,"footnotes":""},"class_list":["entry","author-wordpress","post-47","page","type-page","status-publish"],"_links":{"self":[{"href":"https:\/\/new.rothszki.hu\/index.php\/wp-json\/wp\/v2\/pages\/47","targetHints":{"allow":["GET"]}}],"collection":[{"href":"https:\/\/new.rothszki.hu\/index.php\/wp-json\/wp\/v2\/pages"}],"about":[{"href":"https:\/\/new.rothszki.hu\/index.php\/wp-json\/wp\/v2\/types\/page"}],"author":[{"embeddable":true,"href":"https:\/\/new.rothszki.hu\/index.php\/wp-json\/wp\/v2\/users\/2"}],"replies":[{"embeddable":true,"href":"https:\/\/new.rothszki.hu\/index.php\/wp-json\/wp\/v2\/comments?post=47"}],"version-history":[{"count":10,"href":"https:\/\/new.rothszki.hu\/index.php\/wp-json\/wp\/v2\/pages\/47\/revisions"}],"predecessor-version":[{"id":7524,"href":"https:\/\/new.rothszki.hu\/index.php\/wp-json\/wp\/v2\/pages\/47\/revisions\/7524"}],"wp:attachment":[{"href":"https:\/\/new.rothszki.hu\/index.php\/wp-json\/wp\/v2\/media?parent=47"}],"curies":[{"name":"wp","href":"https:\/\/api.w.org\/{rel}","templated":true}]}}