{"id":5381,"date":"2019-09-25T05:40:42","date_gmt":"2019-09-25T05:40:42","guid":{"rendered":"https:\/\/new.rothszki.hu\/?page_id=5381"},"modified":"2020-05-13T11:51:56","modified_gmt":"2020-05-13T11:51:56","slug":"penzugyi-jelentesek","status":"publish","type":"page","link":"https:\/\/new.rothszki.hu\/index.php\/penzugyi-jelentesek\/","title":{"rendered":"P\u00e9nz\u00fcgyi jelent\u00e9sek"},"content":{"rendered":"\n<p>2015-2019.<\/p>\n\n\n\n<h2 class=\"wp-block-heading\">K\u00f6lts\u00e9gvet\u00e9sek<\/h2>\n\n\n\n<div class=\"wp-block-file\"><a href=\"https:\/\/new.rothszki.hu\/wp-content\/uploads\/2019\/09\/2019.-\u00e9vi-elemi-k\u00f6lts\u00e9gvet\u00e9s.pdf\" target=\"_blank\" rel=\"noreferrer noopener\">2019. \u00e9vi elemi k\u00f6lts\u00e9gvet\u00e9s<\/a><a href=\"https:\/\/new.rothszki.hu\/wp-content\/uploads\/2019\/09\/2019.-\u00e9vi-elemi-k\u00f6lts\u00e9gvet\u00e9s.pdf\" class=\"wp-block-file__button\" download>Let\u00f6lt\u00e9s<\/a><\/div>\n\n\n\n<div class=\"wp-block-file\"><a href=\"https:\/\/new.rothszki.hu\/wp-content\/uploads\/2019\/09\/2018.-\u00e9vi-elemi-k\u00f6lts\u00e9gvet\u00e9s.pdf\" target=\"_blank\" rel=\"noreferrer noopener\">2018. \u00e9vi elemi k\u00f6lts\u00e9gvet\u00e9s<\/a><a href=\"https:\/\/new.rothszki.hu\/wp-content\/uploads\/2019\/09\/2018.-\u00e9vi-elemi-k\u00f6lts\u00e9gvet\u00e9s.pdf\" class=\"wp-block-file__button\" download>Let\u00f6lt\u00e9s<\/a><\/div>\n\n\n\n<div class=\"wp-block-file\"><a href=\"https:\/\/new.rothszki.hu\/wp-content\/uploads\/2019\/09\/2017.-\u00e9vi-elemi-k\u00f6lts\u00e9gvet\u00e9s.pdf\" target=\"_blank\" rel=\"noreferrer noopener\">2017. \u00e9vi elemi k\u00f6lts\u00e9gvet\u00e9s<\/a><a href=\"https:\/\/new.rothszki.hu\/wp-content\/uploads\/2019\/09\/2017.-\u00e9vi-elemi-k\u00f6lts\u00e9gvet\u00e9s.pdf\" class=\"wp-block-file__button\" download>Let\u00f6lt\u00e9s<\/a><\/div>\n\n\n\n<div class=\"wp-block-file\"><a href=\"https:\/\/new.rothszki.hu\/wp-content\/uploads\/2019\/09\/2016.-\u00e9vi-elemi-k\u00f6lts\u00e9gvet\u00e9s.pdf\" target=\"_blank\" rel=\"noreferrer noopener\">2016. \u00e9vi elemi k\u00f6lts\u00e9gvet\u00e9s<\/a><a href=\"https:\/\/new.rothszki.hu\/wp-content\/uploads\/2019\/09\/2016.-\u00e9vi-elemi-k\u00f6lts\u00e9gvet\u00e9s.pdf\" class=\"wp-block-file__button\" download>Let\u00f6lt\u00e9s<\/a><\/div>\n\n\n\n<div class=\"wp-block-file\"><a href=\"https:\/\/new.rothszki.hu\/wp-content\/uploads\/2019\/09\/2015.-\u00e9vi-elemi-k\u00f6lts\u00e9gvet\u00e9s.pdf\" target=\"_blank\" rel=\"noreferrer noopener\">2015. \u00e9vi elemi k\u00f6lts\u00e9gvet\u00e9s<\/a><a href=\"https:\/\/new.rothszki.hu\/wp-content\/uploads\/2019\/09\/2015.-\u00e9vi-elemi-k\u00f6lts\u00e9gvet\u00e9s.pdf\" class=\"wp-block-file__button\" download>Let\u00f6lt\u00e9s<\/a><\/div>\n\n\n\n<h2 class=\"wp-block-heading\">Besz\u00e1mol\u00f3k<\/h2>\n\n\n\n<div class=\"wp-block-file\"><a href=\"https:\/\/new.rothszki.hu\/wp-content\/uploads\/2020\/05\/2019.-\u00e9vi-besz\u00e1mol\u00f3.pdf\">2019. \u00e9vi-besz\u00e1mol\u00f3<\/a><a href=\"https:\/\/new.rothszki.hu\/wp-content\/uploads\/2020\/05\/2019.-\u00e9vi-besz\u00e1mol\u00f3.pdf\" class=\"wp-block-file__button\" download>Let\u00f6lt\u00e9s<\/a><\/div>\n\n\n\n<div class=\"wp-block-file\"><a href=\"https:\/\/new.rothszki.hu\/wp-content\/uploads\/2019\/09\/2018.-\u00e9vi-besz\u00e1mol\u00f3.pdf\" target=\"_blank\" rel=\"noreferrer noopener\">2018. \u00e9vi besz\u00e1mol\u00f3<\/a><a href=\"https:\/\/new.rothszki.hu\/wp-content\/uploads\/2019\/09\/2018.-\u00e9vi-besz\u00e1mol\u00f3.pdf\" class=\"wp-block-file__button\" download>Let\u00f6lt\u00e9s<\/a><\/div>\n\n\n\n<div class=\"wp-block-file\"><a href=\"https:\/\/new.rothszki.hu\/wp-content\/uploads\/2019\/09\/2017.-\u00e9vi-besz\u00e1mol\u00f3.pdf\" target=\"_blank\" rel=\"noreferrer noopener\">2017. \u00e9vi besz\u00e1mol\u00f3<\/a><a href=\"https:\/\/new.rothszki.hu\/wp-content\/uploads\/2019\/09\/2017.-\u00e9vi-besz\u00e1mol\u00f3.pdf\" class=\"wp-block-file__button\" download>Let\u00f6lt\u00e9s<\/a><\/div>\n\n\n\n<div class=\"wp-block-file\"><a href=\"https:\/\/new.rothszki.hu\/wp-content\/uploads\/2019\/09\/2016.-\u00e9vi-besz\u00e1mol\u00f3.pdf\" target=\"_blank\" rel=\"noreferrer noopener\">2016. \u00e9vi besz\u00e1mol\u00f3<\/a><a href=\"https:\/\/new.rothszki.hu\/wp-content\/uploads\/2019\/09\/2016.-\u00e9vi-besz\u00e1mol\u00f3.pdf\" class=\"wp-block-file__button\" download>Let\u00f6lt\u00e9s<\/a><\/div>\n\n\n\n<div class=\"wp-block-file\"><a href=\"https:\/\/new.rothszki.hu\/wp-content\/uploads\/2019\/09\/2015.-\u00e9vi-besz\u00e1mol\u00f3.pdf\" target=\"_blank\" rel=\"noreferrer noopener\">2015. \u00e9vi besz\u00e1mol\u00f3<\/a><a href=\"https:\/\/new.rothszki.hu\/wp-content\/uploads\/2019\/09\/2015.-\u00e9vi-besz\u00e1mol\u00f3.pdf\" class=\"wp-block-file__button\" download>Let\u00f6lt\u00e9s<\/a><\/div>\n","protected":false},"excerpt":{"rendered":"<p>2015-2019. K\u00f6lts\u00e9gvet\u00e9sek Besz\u00e1mol\u00f3k<span class=\"more-link\"><a href=\"https:\/\/new.rothszki.hu\/index.php\/penzugyi-jelentesek\/\">Tov\u00e1bb&#8230;<\/a><\/span><\/p>\n","protected":false},"author":1,"featured_media":5382,"parent":0,"menu_order":0,"comment_status":"closed","ping_status":"closed","template":"","meta":{"_monsterinsights_skip_tracking":false,"_monsterinsights_sitenote_active":false,"_monsterinsights_sitenote_note":"","_monsterinsights_sitenote_category":0,"footnotes":""},"class_list":["entry","author-csendes-belarothszki-hu","post-5381","page","type-page","status-publish","has-post-thumbnail"],"_links":{"self":[{"href":"https:\/\/new.rothszki.hu\/index.php\/wp-json\/wp\/v2\/pages\/5381","targetHints":{"allow":["GET"]}}],"collection":[{"href":"https:\/\/new.rothszki.hu\/index.php\/wp-json\/wp\/v2\/pages"}],"about":[{"href":"https:\/\/new.rothszki.hu\/index.php\/wp-json\/wp\/v2\/types\/page"}],"author":[{"embeddable":true,"href":"https:\/\/new.rothszki.hu\/index.php\/wp-json\/wp\/v2\/users\/1"}],"replies":[{"embeddable":true,"href":"https:\/\/new.rothszki.hu\/index.php\/wp-json\/wp\/v2\/comments?post=5381"}],"version-history":[{"count":5,"href":"https:\/\/new.rothszki.hu\/index.php\/wp-json\/wp\/v2\/pages\/5381\/revisions"}],"predecessor-version":[{"id":6178,"href":"https:\/\/new.rothszki.hu\/index.php\/wp-json\/wp\/v2\/pages\/5381\/revisions\/6178"}],"wp:featuredmedia":[{"embeddable":true,"href":"https:\/\/new.rothszki.hu\/index.php\/wp-json\/wp\/v2\/media\/5382"}],"wp:attachment":[{"href":"https:\/\/new.rothszki.hu\/index.php\/wp-json\/wp\/v2\/media?parent=5381"}],"curies":[{"name":"wp","href":"https:\/\/api.w.org\/{rel}","templated":true}]}}