{"id":5398,"date":"2019-10-01T05:53:27","date_gmt":"2019-10-01T05:53:27","guid":{"rendered":"https:\/\/new.rothszki.hu\/?page_id=5398"},"modified":"2019-10-01T05:57:27","modified_gmt":"2019-10-01T05:57:27","slug":"ekreta-tudasbazis-elerhetosege","status":"publish","type":"page","link":"https:\/\/new.rothszki.hu\/index.php\/ekreta-tudasbazis-elerhetosege\/","title":{"rendered":"Tud\u00e1sb\u00e1zis el\u00e9rhet\u0151s\u00e9ge"},"content":{"rendered":"\n<h3 class=\"wp-block-heading\">Tanulm\u00e1nyokkal kapcsolatos \u00fcgyint\u00e9z\u00e9s \u00fcgycsoport<\/h3>\n\n\n\n<p><a href=\"https:\/\/tudasbazis.ekreta.hu\/pages\/viewpage.action?pageId=17761777\">https:\/\/tudasbazis.ekreta.hu\/pages\/viewpage.action?pageId=17761777<\/a><\/p>\n\n\n\n<p>\u2022    e\u00dcgyint\u00e9z\u00e9s &#8211; OTCSK &#8211; Oszt\u00e1ly vagy tan\u00f3rai csoport v\u00e1ltoztat\u00e1si k\u00e9relem beny\u00fajt\u00e1sa<br>\n\u2022    e\u00dcgyint\u00e9z\u00e9s &#8211; IEDM &#8211; Igazgat\u00f3i enged\u00e9ly di\u00e1k mulaszt\u00e1s\u00e1nak igazol\u00e1s\u00e1ra k\u00e9relem beny\u00fajt\u00e1sa<br>\n\u2022    e\u00dcgyint\u00e9z\u00e9s &#8211; TMGI &#8211; Tanul\u00f3i mulaszt\u00e1s igazol\u00e1sa<br>\n\u2022    e\u00dcgyint\u00e9z\u00e9s &#8211; TFMGK &#8211; Tanul\u00f3i felment\u00e9sre, mentess\u00e9gre szolg\u00e1l\u00f3 gondvisel\u0151i k\u00e9relem beny\u00fajt\u00e1sa<br>\n\u2022    e\u00dcgyint\u00e9z\u00e9s &#8211; TKST &#8211; K\u00f6z\u00f6ss\u00e9gi szolg\u00e1lat teljes\u00edt\u00e9s\u00e9r\u0151l igazol\u00e1s beny\u00fajt\u00e1sa<br>\n\u2022    e\u00dcgyint\u00e9z\u00e9s &#8211; TSMT &#8211; Gyakorlati hely megad\u00e1sa \u00e9s tanul\u00f3szerz\u0151d\u00e9s felt\u00f6lt\u00e9se<\/p>\n\n\n\n<h3 class=\"wp-block-heading\">Iskolai kir\u00e1ndul\u00e1sok enged\u00e9ly\u00e9nek kezel\u00e9se<\/h3>\n\n\n\n<p><a href=\"https:\/\/tudasbazis.ekreta.hu\/pages\/viewpage.action?pageId=17764452\">https:\/\/tudasbazis.ekreta.hu\/pages\/viewpage.action?pageId=17764452<\/a><\/p>\n\n\n\n<h3 class=\"wp-block-heading\">Iskolai esem\u00e9nyek enged\u00e9ly\u00e9nek kezel\u00e9se<\/h3>\n\n\n\n<p><a href=\"https:\/\/tudasbazis.ekreta.hu\/pages\/viewpage.action?pageId=17764480\">https:\/\/tudasbazis.ekreta.hu\/pages\/viewpage.action?pageId=17764480<\/a><\/p>\n\n\n\n<h3 class=\"wp-block-heading\">e-\u00dcgyint\u00e9z\u00e9s: \u00dczenetek kezel\u00e9se<\/h3>\n\n\n\n<p><a href=\"https:\/\/tudasbazis.ekreta.hu\/pages\/viewpage.action?pageId=17763962\">https:\/\/tudasbazis.ekreta.hu\/pages\/viewpage.action?pageId=17763962<\/a><\/p>\n","protected":false},"excerpt":{"rendered":"<p>Tanulm\u00e1nyokkal kapcsolatos \u00fcgyint\u00e9z\u00e9s \u00fcgycsoport https:\/\/tudasbazis.ekreta.hu\/pages\/viewpage.action?pageId=17761777 \u2022 e\u00dcgyint\u00e9z\u00e9s &#8211; OTCSK &#8211; Oszt\u00e1ly vagy tan\u00f3rai csoport v\u00e1ltoztat\u00e1si k\u00e9relem beny\u00fajt\u00e1sa \u2022 e\u00dcgyint\u00e9z\u00e9s &#8211; IEDM &#8211; Igazgat\u00f3i enged\u00e9ly di\u00e1k mulaszt\u00e1s\u00e1nak igazol\u00e1s\u00e1ra k\u00e9relem beny\u00fajt\u00e1sa \u2022 e\u00dcgyint\u00e9z\u00e9s &#8211; TMGI &#8211; Tanul\u00f3i mulaszt\u00e1s igazol\u00e1sa \u2022 e\u00dcgyint\u00e9z\u00e9s &#8211; TFMGK &#8211; Tanul\u00f3i felment\u00e9sre, mentess\u00e9gre szolg\u00e1l\u00f3 gondvisel\u0151i k\u00e9relem beny\u00fajt\u00e1sa \u2022<span class=\"more-link\"><a href=\"https:\/\/new.rothszki.hu\/index.php\/ekreta-tudasbazis-elerhetosege\/\">Tov\u00e1bb&#8230;<\/a><\/span><\/p>\n","protected":false},"author":1,"featured_media":0,"parent":0,"menu_order":0,"comment_status":"closed","ping_status":"closed","template":"","meta":{"_monsterinsights_skip_tracking":false,"_monsterinsights_sitenote_active":false,"_monsterinsights_sitenote_note":"","_monsterinsights_sitenote_category":0,"footnotes":""},"class_list":["entry","author-csendes-belarothszki-hu","post-5398","page","type-page","status-publish"],"_links":{"self":[{"href":"https:\/\/new.rothszki.hu\/index.php\/wp-json\/wp\/v2\/pages\/5398","targetHints":{"allow":["GET"]}}],"collection":[{"href":"https:\/\/new.rothszki.hu\/index.php\/wp-json\/wp\/v2\/pages"}],"about":[{"href":"https:\/\/new.rothszki.hu\/index.php\/wp-json\/wp\/v2\/types\/page"}],"author":[{"embeddable":true,"href":"https:\/\/new.rothszki.hu\/index.php\/wp-json\/wp\/v2\/users\/1"}],"replies":[{"embeddable":true,"href":"https:\/\/new.rothszki.hu\/index.php\/wp-json\/wp\/v2\/comments?post=5398"}],"version-history":[{"count":2,"href":"https:\/\/new.rothszki.hu\/index.php\/wp-json\/wp\/v2\/pages\/5398\/revisions"}],"predecessor-version":[{"id":5401,"href":"https:\/\/new.rothszki.hu\/index.php\/wp-json\/wp\/v2\/pages\/5398\/revisions\/5401"}],"wp:attachment":[{"href":"https:\/\/new.rothszki.hu\/index.php\/wp-json\/wp\/v2\/media?parent=5398"}],"curies":[{"name":"wp","href":"https:\/\/api.w.org\/{rel}","templated":true}]}}