{"id":5687,"date":"2019-11-20T09:37:53","date_gmt":"2019-11-20T09:37:53","guid":{"rendered":"https:\/\/new.rothszki.hu\/?page_id=5687"},"modified":"2025-11-13T08:20:26","modified_gmt":"2025-11-13T08:20:26","slug":"kozossegi-szolgalat-szabalyzat-es-cimlista","status":"publish","type":"page","link":"https:\/\/new.rothszki.hu\/index.php\/kozossegi-szolgalat-szabalyzat-es-cimlista\/","title":{"rendered":"K\u00f6z\u00f6ss\u00e9gi szolg\u00e1lat c\u00edmlista \u00e9s szab\u00e1lyzat"},"content":{"rendered":"\n<div class=\"wp-block-file\"><a id=\"wp-block-file--media-e2aa50a2-cd64-4458-a2f9-6b62c5d48445\" href=\"https:\/\/new.rothszki.hu\/wp-content\/uploads\/2023\/11\/Egyuttmukodesi-megallapodas-Roth.pdf\">Egyuttmukodesi-megallapodas-Roth<\/a><a href=\"https:\/\/new.rothszki.hu\/wp-content\/uploads\/2023\/11\/Egyuttmukodesi-megallapodas-Roth.pdf\" class=\"wp-block-file__button wp-element-button\" download aria-describedby=\"wp-block-file--media-e2aa50a2-cd64-4458-a2f9-6b62c5d48445\">Let\u00f6lt\u00e9s<\/a><\/div>\n\n\n\n<div class=\"wp-block-file\"><a id=\"wp-block-file--media-054d17b2-f378-4262-93d8-5e5f0865af52\" href=\"https:\/\/new.rothszki.hu\/wp-content\/uploads\/2019\/02\/kozossegi_szolgalat_szabalyzat.pdf\" target=\"_blank\" rel=\"noreferrer noopener\">kozossegi_szolgalat_szabalyzat<\/a><a href=\"https:\/\/new.rothszki.hu\/wp-content\/uploads\/2019\/02\/kozossegi_szolgalat_szabalyzat.pdf\" class=\"wp-block-file__button wp-element-button\" download aria-describedby=\"wp-block-file--media-054d17b2-f378-4262-93d8-5e5f0865af52\">Let\u00f6lt\u00e9s<\/a><\/div>\n\n\n\n<div class=\"wp-block-file\"><a id=\"wp-block-file--media-175304f3-8799-4477-945e-c07b8ae3109e\" href=\"https:\/\/new.rothszki.hu\/wp-content\/uploads\/2025\/11\/Kozossegi-Szolgalat-tablazat-2025.11.13.pdf\">K\u00f6z\u00f6ss\u00e9gi Szolg\u00e1lat int\u00e9zm\u00e9nyek<\/a><a href=\"https:\/\/new.rothszki.hu\/wp-content\/uploads\/2025\/11\/Kozossegi-Szolgalat-tablazat-2025.11.13.pdf\" class=\"wp-block-file__button wp-element-button\" download aria-describedby=\"wp-block-file--media-175304f3-8799-4477-945e-c07b8ae3109e\">Let\u00f6lt\u00e9s<\/a><\/div>\n","protected":false},"excerpt":{"rendered":"<p><span class=\"more-link\"><a href=\"https:\/\/new.rothszki.hu\/index.php\/kozossegi-szolgalat-szabalyzat-es-cimlista\/\">Tov\u00e1bb&#8230;<\/a><\/span><\/p>\n","protected":false},"author":1,"featured_media":5688,"parent":0,"menu_order":0,"comment_status":"closed","ping_status":"closed","template":"","meta":{"_monsterinsights_skip_tracking":false,"_monsterinsights_sitenote_active":false,"_monsterinsights_sitenote_note":"","_monsterinsights_sitenote_category":0,"footnotes":""},"class_list":["entry","author-csendes-belarothszki-hu","post-5687","page","type-page","status-publish","has-post-thumbnail"],"_links":{"self":[{"href":"https:\/\/new.rothszki.hu\/index.php\/wp-json\/wp\/v2\/pages\/5687","targetHints":{"allow":["GET"]}}],"collection":[{"href":"https:\/\/new.rothszki.hu\/index.php\/wp-json\/wp\/v2\/pages"}],"about":[{"href":"https:\/\/new.rothszki.hu\/index.php\/wp-json\/wp\/v2\/types\/page"}],"author":[{"embeddable":true,"href":"https:\/\/new.rothszki.hu\/index.php\/wp-json\/wp\/v2\/users\/1"}],"replies":[{"embeddable":true,"href":"https:\/\/new.rothszki.hu\/index.php\/wp-json\/wp\/v2\/comments?post=5687"}],"version-history":[{"count":8,"href":"https:\/\/new.rothszki.hu\/index.php\/wp-json\/wp\/v2\/pages\/5687\/revisions"}],"predecessor-version":[{"id":12466,"href":"https:\/\/new.rothszki.hu\/index.php\/wp-json\/wp\/v2\/pages\/5687\/revisions\/12466"}],"wp:featuredmedia":[{"embeddable":true,"href":"https:\/\/new.rothszki.hu\/index.php\/wp-json\/wp\/v2\/media\/5688"}],"wp:attachment":[{"href":"https:\/\/new.rothszki.hu\/index.php\/wp-json\/wp\/v2\/media?parent=5687"}],"curies":[{"name":"wp","href":"https:\/\/api.w.org\/{rel}","templated":true}]}}