{"id":6033,"date":"2020-02-25T09:14:00","date_gmt":"2020-02-25T09:14:00","guid":{"rendered":"https:\/\/new.rothszki.hu\/?page_id=6033"},"modified":"2020-02-25T09:14:01","modified_gmt":"2020-02-25T09:14:01","slug":"egyutt-a-biztonsagosabb-iskolakert","status":"publish","type":"page","link":"https:\/\/new.rothszki.hu\/index.php\/egyutt-a-biztonsagosabb-iskolakert\/","title":{"rendered":"Egy\u00fctt a biztons\u00e1gosabb iskol\u00e1k\u00e9rt"},"content":{"rendered":"\n<p>A Gy\u0151r-Moson-Sopron Megyei Rend\u0151r-f\u0151kapit\u00e1nys\u00e1g B\u0171nmegel\u0151z\u00e9si Oszt\u00e1ly aj\u00e1nl\u00e1sa a pedag\u00f3gusok,  a sz\u00fcl\u0151k \u00e9s a di\u00e1kok r\u00e9sz\u00e9re <\/p>\n\n\n\n<div class=\"wp-block-file\"><a href=\"https:\/\/new.rothszki.hu\/wp-content\/uploads\/2020\/02\/Egy\u00fctt-a-biztons\u00e1gosabb-iskol\u00e1k\u00e9rt-Aj\u00e1nl\u00e1s.pdf\">Egy\u00fctt-a-biztons\u00e1gosabb-iskol\u00e1k\u00e9rt-Aj\u00e1nl\u00e1s<\/a><a href=\"https:\/\/new.rothszki.hu\/wp-content\/uploads\/2020\/02\/Egy\u00fctt-a-biztons\u00e1gosabb-iskol\u00e1k\u00e9rt-Aj\u00e1nl\u00e1s.pdf\" class=\"wp-block-file__button\" download>Let\u00f6lt\u00e9s<\/a><\/div>\n\n\n<a href=\"https:\/\/new.rothszki.hu\/wp-content\/uploads\/2020\/02\/Egy\u00fctt-a-biztons\u00e1gosabb-iskol\u00e1k\u00e9rt-Aj\u00e1nl\u00e1s.pdf\" class=\"pdfemb-viewer\" style=\"\" data-width=\"max\" data-height=\"max\" data-toolbar=\"both\" data-toolbar-fixed=\"on\">Egy\u00fctt-a-biztons\u00e1gosabb-iskol\u00e1k\u00e9rt-Aj\u00e1nl\u00e1s<\/a>\n<p class=\"wp-block-pdfemb-pdf-embedder-viewer\"><\/p>\n","protected":false},"excerpt":{"rendered":"<p>A Gy\u0151r-Moson-Sopron Megyei Rend\u0151r-f\u0151kapit\u00e1nys\u00e1g B\u0171nmegel\u0151z\u00e9si Oszt\u00e1ly aj\u00e1nl\u00e1sa a pedag\u00f3gusok, a sz\u00fcl\u0151k \u00e9s a di\u00e1kok r\u00e9sz\u00e9re<span class=\"more-link\"><a href=\"https:\/\/new.rothszki.hu\/index.php\/egyutt-a-biztonsagosabb-iskolakert\/\">Tov\u00e1bb&#8230;<\/a><\/span><\/p>\n","protected":false},"author":1,"featured_media":6035,"parent":0,"menu_order":0,"comment_status":"closed","ping_status":"closed","template":"","meta":{"_monsterinsights_skip_tracking":false,"_monsterinsights_sitenote_active":false,"_monsterinsights_sitenote_note":"","_monsterinsights_sitenote_category":0,"footnotes":""},"class_list":["entry","author-csendes-belarothszki-hu","post-6033","page","type-page","status-publish","has-post-thumbnail"],"_links":{"self":[{"href":"https:\/\/new.rothszki.hu\/index.php\/wp-json\/wp\/v2\/pages\/6033","targetHints":{"allow":["GET"]}}],"collection":[{"href":"https:\/\/new.rothszki.hu\/index.php\/wp-json\/wp\/v2\/pages"}],"about":[{"href":"https:\/\/new.rothszki.hu\/index.php\/wp-json\/wp\/v2\/types\/page"}],"author":[{"embeddable":true,"href":"https:\/\/new.rothszki.hu\/index.php\/wp-json\/wp\/v2\/users\/1"}],"replies":[{"embeddable":true,"href":"https:\/\/new.rothszki.hu\/index.php\/wp-json\/wp\/v2\/comments?post=6033"}],"version-history":[{"count":1,"href":"https:\/\/new.rothszki.hu\/index.php\/wp-json\/wp\/v2\/pages\/6033\/revisions"}],"predecessor-version":[{"id":6036,"href":"https:\/\/new.rothszki.hu\/index.php\/wp-json\/wp\/v2\/pages\/6033\/revisions\/6036"}],"wp:featuredmedia":[{"embeddable":true,"href":"https:\/\/new.rothszki.hu\/index.php\/wp-json\/wp\/v2\/media\/6035"}],"wp:attachment":[{"href":"https:\/\/new.rothszki.hu\/index.php\/wp-json\/wp\/v2\/media?parent=6033"}],"curies":[{"name":"wp","href":"https:\/\/api.w.org\/{rel}","templated":true}]}}