{"id":8439,"date":"2022-08-18T11:52:38","date_gmt":"2022-08-18T11:52:38","guid":{"rendered":"https:\/\/new.rothszki.hu\/?page_id=8439"},"modified":"2022-08-18T12:29:10","modified_gmt":"2022-08-18T12:29:10","slug":"ginop-5-3-5","status":"publish","type":"page","link":"https:\/\/new.rothszki.hu\/index.php\/ginop-5-3-5\/","title":{"rendered":"GINOP-5.3.5"},"content":{"rendered":"\n<p class=\"has-text-align-center has-medium-font-size\"> <strong>GINOP-5.3.5-18-2018-00063 sz\u00e1m\u00fa,&nbsp;<em>\u201eMunkav\u00e1llal\u00f3i ismeretek tananyag kidolgoz\u00e1sa \u00e9s oktat\u00e1sa a munkaer\u0151piacra bel\u00e9p\u0151 fiatalok r\u00e9sz\u00e9re az agr\u00e1rszakoktat\u00e1sban\u201d<\/em><\/strong><\/p>\n\n\n\n<div class=\"wp-block-media-text alignwide is-stacked-on-mobile\" style=\"grid-template-columns:35% auto\"><figure class=\"wp-block-media-text__media\"><img loading=\"lazy\" decoding=\"async\" width=\"1240\" height=\"1754\" src=\"https:\/\/new.rothszki.hu\/wp-content\/uploads\/2022\/08\/Plakat.jpg\" alt=\"\" class=\"wp-image-8448 size-full\" srcset=\"https:\/\/new.rothszki.hu\/wp-content\/uploads\/2022\/08\/Plakat.jpg 1240w, https:\/\/new.rothszki.hu\/wp-content\/uploads\/2022\/08\/Plakat-212x300.jpg 212w, https:\/\/new.rothszki.hu\/wp-content\/uploads\/2022\/08\/Plakat-724x1024.jpg 724w, https:\/\/new.rothszki.hu\/wp-content\/uploads\/2022\/08\/Plakat-768x1086.jpg 768w, https:\/\/new.rothszki.hu\/wp-content\/uploads\/2022\/08\/Plakat-1086x1536.jpg 1086w, https:\/\/new.rothszki.hu\/wp-content\/uploads\/2022\/08\/Plakat-389x550.jpg 389w, https:\/\/new.rothszki.hu\/wp-content\/uploads\/2022\/08\/Plakat-353x500.jpg 353w\" sizes=\"auto, (max-width: 1240px) 100vw, 1240px\" \/><\/figure><div class=\"wp-block-media-text__content\">\n<div class=\"wp-block-file\"><a id=\"wp-block-file--media-eb758fc2-818d-4fed-b3b2-3ed42ed5c444\" href=\"https:\/\/new.rothszki.hu\/wp-content\/uploads\/2022\/08\/Tankonyv_Munkavallaloi_ismeretek_20210519.pdf\"><strong>Tankonyv_Munkavallaloi_ismeretek_20210519<\/strong><\/a><a href=\"https:\/\/new.rothszki.hu\/wp-content\/uploads\/2022\/08\/Tankonyv_Munkavallaloi_ismeretek_20210519.pdf\" class=\"wp-block-file__button\" download aria-describedby=\"wp-block-file--media-eb758fc2-818d-4fed-b3b2-3ed42ed5c444\">Let\u00f6lt\u00e9s<\/a><\/div>\n\n\n\n<div class=\"wp-block-file\"><a id=\"wp-block-file--media-6f169e34-ffc6-4c47-9100-8233be66cbd7\" href=\"https:\/\/new.rothszki.hu\/wp-content\/uploads\/2022\/08\/Szoroanyag.pdf\"><strong>Sz\u00f3r\u00f3anyag<\/strong><\/a><a href=\"https:\/\/new.rothszki.hu\/wp-content\/uploads\/2022\/08\/Szoroanyag.pdf\" class=\"wp-block-file__button\" download aria-describedby=\"wp-block-file--media-6f169e34-ffc6-4c47-9100-8233be66cbd7\">Let\u00f6lt\u00e9s<\/a><\/div>\n\n\n\n<div class=\"wp-block-file\"><a id=\"wp-block-file--media-db9b17d6-0f9a-43e7-9330-1c6131d366ac\" href=\"https:\/\/new.rothszki.hu\/wp-content\/uploads\/2022\/08\/munkajogi_ismeretek_szakmai_beszamolo_20210827.pdf\"><strong>munkajogi_ismeretek_szakmai_beszamolo_20210827<\/strong><\/a><a href=\"https:\/\/new.rothszki.hu\/wp-content\/uploads\/2022\/08\/munkajogi_ismeretek_szakmai_beszamolo_20210827.pdf\" class=\"wp-block-file__button\" download aria-describedby=\"wp-block-file--media-db9b17d6-0f9a-43e7-9330-1c6131d366ac\">Let\u00f6lt\u00e9s<\/a><\/div>\n\n\n\n<div class=\"wp-block-file\"><a id=\"wp-block-file--media-d0adbecf-214b-4f9d-b81b-4700f7da370c\" href=\"https:\/\/new.rothszki.hu\/wp-content\/uploads\/2022\/08\/Kepzes-tematika.pdf\"><strong>K\u00e9pz\u00e9s tematika<\/strong><\/a><a href=\"https:\/\/new.rothszki.hu\/wp-content\/uploads\/2022\/08\/Kepzes-tematika.pdf\" class=\"wp-block-file__button\" download aria-describedby=\"wp-block-file--media-d0adbecf-214b-4f9d-b81b-4700f7da370c\">Let\u00f6lt\u00e9s<\/a><\/div>\n\n\n\n<div class=\"wp-block-file\"><a id=\"wp-block-file--media-5930dc85-a032-46fd-b7f8-c55458fd4cd4\" href=\"https:\/\/new.rothszki.hu\/wp-content\/uploads\/2022\/08\/Javaslatcsomag_KORR_arculat.docx\"><strong>Javaslatcsomag_KORR_arculat<\/strong><\/a><a href=\"https:\/\/new.rothszki.hu\/wp-content\/uploads\/2022\/08\/Javaslatcsomag_KORR_arculat.docx\" class=\"wp-block-file__button\" download aria-describedby=\"wp-block-file--media-5930dc85-a032-46fd-b7f8-c55458fd4cd4\">Let\u00f6lt\u00e9s<\/a><\/div>\n\n\n\n<div class=\"wp-block-file\"><a id=\"wp-block-file--media-797547c2-7391-4a9c-85aa-f6499831b082\" href=\"https:\/\/new.rothszki.hu\/wp-content\/uploads\/2022\/08\/Elegedettsegmeres_20220215.pdf\"><strong>El\u00e9gedetts\u00e9gm\u00e9r\u00e9s_20220215<\/strong><\/a><a href=\"https:\/\/new.rothszki.hu\/wp-content\/uploads\/2022\/08\/Elegedettsegmeres_20220215.pdf\" class=\"wp-block-file__button\" download aria-describedby=\"wp-block-file--media-797547c2-7391-4a9c-85aa-f6499831b082\">Let\u00f6lt\u00e9s<\/a><\/div>\n\n\n\n<div class=\"wp-block-file\"><a id=\"wp-block-file--media-4d67727a-f210-4d7c-a5f9-ba33229c532b\" href=\"https:\/\/new.rothszki.hu\/wp-content\/uploads\/2022\/08\/Allapotfelmeres_20201205.pdf\"><strong>\u00c1llapotfelm\u00e9r\u00e9s_20201205<\/strong><\/a><a href=\"https:\/\/new.rothszki.hu\/wp-content\/uploads\/2022\/08\/Allapotfelmeres_20201205.pdf\" class=\"wp-block-file__button\" download aria-describedby=\"wp-block-file--media-4d67727a-f210-4d7c-a5f9-ba33229c532b\">Let\u00f6lt\u00e9s<\/a><\/div>\n<\/div><\/div>\n","protected":false},"excerpt":{"rendered":"<p>GINOP-5.3.5-18-2018-00063 sz\u00e1m\u00fa,&nbsp;\u201eMunkav\u00e1llal\u00f3i ismeretek tananyag kidolgoz\u00e1sa \u00e9s oktat\u00e1sa a munkaer\u0151piacra bel\u00e9p\u0151 fiatalok r\u00e9sz\u00e9re az agr\u00e1rszakoktat\u00e1sban\u201d<span class=\"more-link\"><a href=\"https:\/\/new.rothszki.hu\/index.php\/ginop-5-3-5\/\">Tov\u00e1bb&#8230;<\/a><\/span><\/p>\n","protected":false},"author":5,"featured_media":0,"parent":0,"menu_order":0,"comment_status":"closed","ping_status":"closed","template":"","meta":{"_monsterinsights_skip_tracking":false,"_monsterinsights_sitenote_active":false,"_monsterinsights_sitenote_note":"","_monsterinsights_sitenote_category":0,"footnotes":""},"class_list":["entry","author-gruber-laszlorothszki-hu","post-8439","page","type-page","status-publish"],"_links":{"self":[{"href":"https:\/\/new.rothszki.hu\/index.php\/wp-json\/wp\/v2\/pages\/8439","targetHints":{"allow":["GET"]}}],"collection":[{"href":"https:\/\/new.rothszki.hu\/index.php\/wp-json\/wp\/v2\/pages"}],"about":[{"href":"https:\/\/new.rothszki.hu\/index.php\/wp-json\/wp\/v2\/types\/page"}],"author":[{"embeddable":true,"href":"https:\/\/new.rothszki.hu\/index.php\/wp-json\/wp\/v2\/users\/5"}],"replies":[{"embeddable":true,"href":"https:\/\/new.rothszki.hu\/index.php\/wp-json\/wp\/v2\/comments?post=8439"}],"version-history":[{"count":4,"href":"https:\/\/new.rothszki.hu\/index.php\/wp-json\/wp\/v2\/pages\/8439\/revisions"}],"predecessor-version":[{"id":8456,"href":"https:\/\/new.rothszki.hu\/index.php\/wp-json\/wp\/v2\/pages\/8439\/revisions\/8456"}],"wp:attachment":[{"href":"https:\/\/new.rothszki.hu\/index.php\/wp-json\/wp\/v2\/media?parent=8439"}],"curies":[{"name":"wp","href":"https:\/\/api.w.org\/{rel}","templated":true}]}}