{"id":8870,"date":"2022-11-09T18:19:38","date_gmt":"2022-11-09T18:19:38","guid":{"rendered":"https:\/\/new.rothszki.hu\/?page_id=8870"},"modified":"2022-12-05T08:15:31","modified_gmt":"2022-12-05T08:15:31","slug":"felnottkepzes","status":"publish","type":"page","link":"https:\/\/new.rothszki.hu\/index.php\/felnottkepzes\/","title":{"rendered":"Feln\u0151ttk\u00e9pz\u00e9s"},"content":{"rendered":"\n<p class=\"has-medium-font-size\"><strong><a rel=\"noreferrer noopener\" href=\"https:\/\/new.rothszki.hu\/wp-content\/uploads\/2021\/07\/felnottkepzesi-tajekoztato_erdesztechnikus_2021.pdf\" target=\"_blank\">Felv\u00e9teli inform\u00e1ci\u00f3k a feln\u0151ttk\u00e9pz\u00e9sr\u0151l<\/a><\/strong><\/p>\n","protected":false},"excerpt":{"rendered":"<p>Felv\u00e9teli inform\u00e1ci\u00f3k a feln\u0151ttk\u00e9pz\u00e9sr\u0151l<span class=\"more-link\"><a href=\"https:\/\/new.rothszki.hu\/index.php\/felnottkepzes\/\">Tov\u00e1bb&#8230;<\/a><\/span><\/p>\n","protected":false},"author":5,"featured_media":0,"parent":0,"menu_order":0,"comment_status":"closed","ping_status":"closed","template":"","meta":{"_monsterinsights_skip_tracking":false,"_monsterinsights_sitenote_active":false,"_monsterinsights_sitenote_note":"","_monsterinsights_sitenote_category":0,"footnotes":""},"class_list":["entry","author-gruber-laszlorothszki-hu","post-8870","page","type-page","status-publish"],"_links":{"self":[{"href":"https:\/\/new.rothszki.hu\/index.php\/wp-json\/wp\/v2\/pages\/8870","targetHints":{"allow":["GET"]}}],"collection":[{"href":"https:\/\/new.rothszki.hu\/index.php\/wp-json\/wp\/v2\/pages"}],"about":[{"href":"https:\/\/new.rothszki.hu\/index.php\/wp-json\/wp\/v2\/types\/page"}],"author":[{"embeddable":true,"href":"https:\/\/new.rothszki.hu\/index.php\/wp-json\/wp\/v2\/users\/5"}],"replies":[{"embeddable":true,"href":"https:\/\/new.rothszki.hu\/index.php\/wp-json\/wp\/v2\/comments?post=8870"}],"version-history":[{"count":3,"href":"https:\/\/new.rothszki.hu\/index.php\/wp-json\/wp\/v2\/pages\/8870\/revisions"}],"predecessor-version":[{"id":9026,"href":"https:\/\/new.rothszki.hu\/index.php\/wp-json\/wp\/v2\/pages\/8870\/revisions\/9026"}],"wp:attachment":[{"href":"https:\/\/new.rothszki.hu\/index.php\/wp-json\/wp\/v2\/media?parent=8870"}],"curies":[{"name":"wp","href":"https:\/\/api.w.org\/{rel}","templated":true}]}}