{"id":9987,"date":"2023-10-19T07:13:54","date_gmt":"2023-10-19T07:13:54","guid":{"rendered":"https:\/\/new.rothszki.hu\/?page_id=9987"},"modified":"2024-09-16T11:23:15","modified_gmt":"2024-09-16T11:23:15","slug":"veszpremi-geza-dij","status":"publish","type":"page","link":"https:\/\/new.rothszki.hu\/index.php\/veszpremi-geza-dij\/","title":{"rendered":"VESZPR\u00c9MI G\u00c9ZA D\u00cdJ"},"content":{"rendered":"\n<p>Az \u00d6r\u00f6kerd\u0151 Alap\u00edtv\u00e1ny a Veszpr\u00e9mi csal\u00e1ddal \u00e9s a Roth Gyula Erd\u00e9szeti Technikummal egyet\u00e9rt\u00e9sben Veszpr\u00e9mi G\u00e9za erd\u00e9sztechnikus, volt gyakorlati szakoktat\u00f3 nev\u00e9ben 2022. \u00e9vben \u00f6szt\u00f6nd\u00edjat alap\u00edtott.&nbsp;<\/p>\n\n\n\n<p>Az \u00f6szt\u00f6nd\u00edj c\u00e9lja Veszpr\u00e9mi G\u00e9za eml\u00e9k\u00e9nek meg\u0151rz\u00e9se, valamint szoci\u00e1lisan r\u00e1szorul\u00f3, j\u00f3 szakmai tanulm\u00e1nyi eredm\u00e9ny\u0171 tanul\u00f3k jutalmaz\u00e1sa. A n\u00e9vad\u00f3r\u00f3l b\u0151vebben az \u00d6r\u00f6kerd\u0151 Alap\u00edtv\u00e1ny&nbsp;<a href=\"http:\/\/www.orokerdo-alapitvany.hu\/#tevekenysegeink\">honlapj\u00e1n<\/a>&nbsp;a p\u00e1ly\u00e1zati felh\u00edv\u00e1sban lehet olvasni.<\/p>\n\n\n\n<p><strong>D\u00edjazottak:<\/strong><\/p>\n\n\n\n<p><strong>2022. <\/strong>Selmeczi D\u00e1vid Zsolt&nbsp;\u00e9s&nbsp;Staritzb\u00fcchler \u00c1ron Ferenc<\/p>\n\n\n\n<p><strong>2023. <\/strong>Fodor L\u00e1szl\u00f3 \u00e9s R\u00f3ka M\u00e1t\u00e9<\/p>\n\n\n\n<p><strong>2024.<\/strong> T\u00f3th Adri\u00e1n \u00e9s Varga Benedek<\/p>\n\n\n\n<p><\/p>\n\n\n\n<p><strong>Veszpr\u00e9mi G\u00e9za \u00e9let\u00fatja:<\/strong><\/p>\n\n\n\n<p>Veszpr\u00e9mi G\u00e9za 1939-ben T\u00e9ny\u0151n sz\u00fcletett. \u00c9desapj\u00e1t 1945-ben elvesz\u00edtette, onnant\u00f3l betegesked\u0151 \u00e9desanyja egyed\u00fcl nevelte h\u00e1rom testv\u00e9r\u00e9vel egy\u00fctt, nagy szeg\u00e9nys\u00e9gben, rendk\u00edv\u00fcl neh\u00e9z k\u00f6r\u00fclm\u00e9nyek k\u00f6z\u00f6tt. 1953-ban felv\u00e9telt nyert a soproni Roth Gyula Erd\u0151gazdas\u00e1gi Technikumba, ahol 1957-ben tett k\u00e9pes\u00edt\u0151 vizsg\u00e1t. Ugyanebben az \u00e9vben a Tanulm\u00e1nyi Erd\u0151gazdas\u00e1gn\u00e1l kezdett dolgozni, beosztott erd\u00e9szk\u00e9nt. K\u00e9t \u00e9v katonas\u00e1g ut\u00e1n hat \u00e9vig a Fert\u0151r\u00e1kosi Ker\u00fclet vezet\u0151je. Ezt k\u00f6vet\u0151en a Sz\u00e1rhalmi Ker\u00fcletet vezette 10 \u00e9vig, ahol bel\u00e9pett az \u00e9let\u00e9be a csemetetermeszt\u00e9s. 1977 tavasz\u00e1n a T\u00f3malmi Csemetekert vezet\u00e9s\u00e9vel b\u00edzt\u00e1k meg, ahol a munka mellett technikumi- \u00e9s egyetemi gyakorlatok, tov\u00e1bbk\u00e9pz\u00e9sek \u00e9s tapasztalatcser\u00e9k is zajlottak. A csemetekert vezet\u00e9se alatt \u00e9lte f\u00e9nykor\u00e1t. A rendszerv\u00e1lt\u00e1st k\u00f6vet\u0151en, 35 \u00e9ves szakmai gyakorlattal ker\u00fclt az Erd\u00e9szeti Szakk\u00f6z\u00e9piskol\u00e1ba, mint szakoktat\u00f3, ahol akt\u00edv szolg\u00e1lat\u00e1nak utols\u00f3 6 \u00e9v\u00e9t t\u00f6lt\u00f6tte. A feladat nem volt sz\u00e1m\u00e1ra eg\u00e9szen \u00faj, hiszen el\u0151z\u0151 \u00e1llom\u00e1shelyinek mindegyik\u00e9n sok gyakorlatot szervezett \u00e9s vezetett. A felsorolt beoszt\u00e1sok mellett m\u00e1sod\u00e1ll\u00e1s\u00fa v\u00e1llalkoz\u00f3k\u00e9nt cserjecsemete termeszt\u00e9ssel foglalkozott. A magyar erd\u00e9szet fejleszt\u00e9s\u00e9ben el\u00e9rt eredm\u00e9nyei\u00e9rt, 2000-ben Bed\u0151 Albert \u2013 eml\u00e9k\u00e9remmel t\u00fcntett\u00e9k ki. A Soproni Erd\u00e9sz \u00e9s Faiparos Di\u00e1kok Bar\u00e1ti K\u00f6r\u00e9nek alap\u00edt\u00f3 tagja.<\/p>\n\n\n\n<p>Hat \u00e9ves szakoktat\u00f3i tev\u00e9kenys\u00e9ge alatt tanul\u00f3i magabiztos \u00e9s id\u0151t\u00e1ll\u00f3 tud\u00e1st szerzetek n\u00f6v\u00e9nyismeretb\u0151l \u00e9s erd\u0151m\u0171vel\u00e9sb\u0151l, ezen bel\u00fcl is els\u0151sorban a szapor\u00edt\u00f3anyag-termeszt\u00e9s gyakorlat\u00e1b\u00f3l. P\u00e9ld\u00e1t mutatott di\u00e1kjainak \u00f6lt\u00f6zk\u00f6d\u00e9s, viselked\u00e9s, helyt\u00e1ll\u00e1s \u00e9s szakmaszeretet ter\u00e9n is. Nem t\u0171rte a nyegles\u00e9get vagy a tr\u00e1g\u00e1r besz\u00e9det. Elv\u00e1rta az igazmond\u00e1st, a helyt\u00e1ll\u00e1st \u00e9s a f\u00e9rfias viselked\u00e9st. Megmutatta, hogy az ember sz\u00e1m\u00e1ra a munka fontos, \u00e9s az elv\u00e9gzett munka \u00f6r\u00f6met is ad. Seg\u00edtette a gyeng\u00e9bbeket, a g\u00e1tl\u00e1sosakat.<\/p>\n\n\n\n<p>Nyugd\u00edjba vonul\u00e1s\u00e1t k\u00f6vet\u0151en is tartotta a kapcsolatot az \u00e9rdekl\u0151d\u0151 di\u00e1kokkal. Otthon\u00e1ban szapor\u00edt\u00f3anyag-termeszt\u00e9si szakk\u00f6r\u00f6ket tartott, ezzel is b\u0151v\u00edtve t\u00f6bb erd\u00e9sz szaktud\u00e1s\u00e1t.<\/p>\n\n\n\n<p>Vall\u00e1sos \u00e9s h\u00edv\u0151 emberk\u00e9nt feles\u00e9g\u00e9vel kiegyens\u00falyozott h\u00e1zass\u00e1gban \u00e9lt, k\u00e9t gyermek\u00fck boldogul\u00e1s\u00e1\u00e9rt igyekeztek mindent megtenni.<\/p>\n\n\n\n<p>Igazs\u00e1gtalanul r\u00f6vid nyugd\u00edjas \u00e9vek ut\u00e1n, 2009-ben hunyt el.<\/p>\n\n\n\n<p>\u00c9lete j\u00f3l mutatja, hogy tanul\u00e1ssal, kitart\u00e1ssal, szakmaszeretettel, becs\u00fcletes munk\u00e1val \u00e9s hittel, neh\u00e9z sors\u00fa csal\u00e1db\u00f3l indulva is el\u00e9rhet\u0151 a biztos meg\u00e9lhet\u00e9s, a szakmai elismer\u00e9s, \u00e9s megteremthet\u0151 a biztos csal\u00e1di h\u00e1tt\u00e9r. Szakmailag \u00e9s emberileg is kiv\u00e1l\u00f3 egy\u00e9nis\u00e9g volt, lelkiismeretes, dolgos \u00e9s k\u00f6teless\u00e9gtud\u00f3, fiatalabb koll\u00e9g\u00e1inak \u00e9s a di\u00e1koknak kiv\u00e1l\u00f3 p\u00e9ldak\u00e9pe.<\/p>\n\n\n<div class=\"wp-block-image\">\n<figure class=\"aligncenter size-full\"><img loading=\"lazy\" decoding=\"async\" width=\"300\" height=\"454\" src=\"https:\/\/new.rothszki.hu\/wp-content\/uploads\/2023\/05\/id.-Veszpremi-Geza_nagy-kep_nyito.jpg\" alt=\"\" class=\"wp-image-9555\" srcset=\"https:\/\/new.rothszki.hu\/wp-content\/uploads\/2023\/05\/id.-Veszpremi-Geza_nagy-kep_nyito.jpg 300w, https:\/\/new.rothszki.hu\/wp-content\/uploads\/2023\/05\/id.-Veszpremi-Geza_nagy-kep_nyito-198x300.jpg 198w\" sizes=\"auto, (max-width: 300px) 100vw, 300px\" \/><\/figure>\n<\/div>","protected":false},"excerpt":{"rendered":"<p>Az \u00d6r\u00f6kerd\u0151 Alap\u00edtv\u00e1ny a Veszpr\u00e9mi csal\u00e1ddal \u00e9s a Roth Gyula Erd\u00e9szeti Technikummal egyet\u00e9rt\u00e9sben Veszpr\u00e9mi G\u00e9za erd\u00e9sztechnikus, volt gyakorlati szakoktat\u00f3 nev\u00e9ben 2022. \u00e9vben \u00f6szt\u00f6nd\u00edjat alap\u00edtott.&nbsp; Az \u00f6szt\u00f6nd\u00edj c\u00e9lja Veszpr\u00e9mi G\u00e9za eml\u00e9k\u00e9nek meg\u0151rz\u00e9se, valamint szoci\u00e1lisan r\u00e1szorul\u00f3, j\u00f3 szakmai tanulm\u00e1nyi eredm\u00e9ny\u0171 tanul\u00f3k jutalmaz\u00e1sa. A n\u00e9vad\u00f3r\u00f3l b\u0151vebben az \u00d6r\u00f6kerd\u0151 Alap\u00edtv\u00e1ny&nbsp;honlapj\u00e1n&nbsp;a p\u00e1ly\u00e1zati felh\u00edv\u00e1sban lehet olvasni.<span class=\"more-link\"><a href=\"https:\/\/new.rothszki.hu\/index.php\/veszpremi-geza-dij\/\">Tov\u00e1bb&#8230;<\/a><\/span><\/p>\n","protected":false},"author":5,"featured_media":0,"parent":0,"menu_order":0,"comment_status":"closed","ping_status":"closed","template":"","meta":{"_monsterinsights_skip_tracking":false,"_monsterinsights_sitenote_active":false,"_monsterinsights_sitenote_note":"","_monsterinsights_sitenote_category":0,"footnotes":""},"class_list":["entry","author-gruber-laszlorothszki-hu","post-9987","page","type-page","status-publish"],"_links":{"self":[{"href":"https:\/\/new.rothszki.hu\/index.php\/wp-json\/wp\/v2\/pages\/9987","targetHints":{"allow":["GET"]}}],"collection":[{"href":"https:\/\/new.rothszki.hu\/index.php\/wp-json\/wp\/v2\/pages"}],"about":[{"href":"https:\/\/new.rothszki.hu\/index.php\/wp-json\/wp\/v2\/types\/page"}],"author":[{"embeddable":true,"href":"https:\/\/new.rothszki.hu\/index.php\/wp-json\/wp\/v2\/users\/5"}],"replies":[{"embeddable":true,"href":"https:\/\/new.rothszki.hu\/index.php\/wp-json\/wp\/v2\/comments?post=9987"}],"version-history":[{"count":5,"href":"https:\/\/new.rothszki.hu\/index.php\/wp-json\/wp\/v2\/pages\/9987\/revisions"}],"predecessor-version":[{"id":11187,"href":"https:\/\/new.rothszki.hu\/index.php\/wp-json\/wp\/v2\/pages\/9987\/revisions\/11187"}],"wp:attachment":[{"href":"https:\/\/new.rothszki.hu\/index.php\/wp-json\/wp\/v2\/media?parent=9987"}],"curies":[{"name":"wp","href":"https:\/\/api.w.org\/{rel}","templated":true}]}}